{"id":51526,"date":"2024-01-29T12:17:19","date_gmt":"2024-01-29T11:17:19","guid":{"rendered":"https:\/\/www.linvosges-hotellerie.com\/sin categor\u00eda\/pies-cuadrados\/"},"modified":"2024-01-29T12:17:19","modified_gmt":"2024-01-29T11:17:19","slug":"pies-cuadrados","status":"publish","type":"product","link":"https:\/\/www.linvosges-hotellerie.com\/es\/ropa-de-cama-es\/estribo\/pies-cuadrados\/","title":{"rendered":"Pies cuadrados"},"content":{"rendered":"<p>Estribo cuadrado de madera<\/p>\n<p><strong>DESTACADOS :<\/strong><\/p>\n<ul>\n<li><strong>Comodidad:<\/strong> buena estabilidad de la cama<\/li>\n<li><strong>Higiene: <\/strong>ayuda a que la ropa de cama respire gracias a la altura elevada de los pies<\/li>\n<li><strong>Dise\u00f1o:<\/strong> forma cuadrada para combinar con todo tipo de bases e interiores<\/li>\n<li><strong>Compatibilidad:<\/strong> varilla roscada de 8 mm de di\u00e1metro (est\u00e1ndar) que permite adaptar las patas a la mayor\u00eda de somieres<\/li>\n<\/ul>\n<p>&nbsp;<\/p>\n<ul>\n<li><strong>Altura :  <\/strong><\/li>\n<\/ul>\n<p>&#8211; 18 cm de alto \/ 5 cm de ancho<br \/>\n&#8211; 20 cm de alto \/ 7 cm de ancho<\/p>\n<ul>\n<li><strong>Colores: <\/strong>negro \/ blanco \/ madera natural<\/li>\n<\/ul>\n","protected":false},"excerpt":{"rendered":"<p><b>Los pies se venden individualmente o en paquetes de 4<\/b><\/p>\n","protected":false},"featured_media":51529,"template":"","meta":{"_acf_changed":false},"label":[],"product_brand":[],"product_cat":[2605,2382],"product_tag":[],"gamme":[2600],"matiere":[],"class_list":{"0":"post-51526","1":"product","2":"type-product","3":"status-publish","4":"has-post-thumbnail","6":"product_cat-estribo","7":"product_cat-ropa-de-cama-es","8":"pa_couleur-blanco","9":"pa_couleur-madera-natural","10":"pa_couleur-negro","11":"gamme-cuadrado","13":"first","14":"instock","15":"taxable","16":"shipping-taxable","17":"purchasable","18":"product-type-variable"},"acf":[],"df_price":"","df_sale_price":"","df_regular_price":"","df_image_link":"https:\/\/www.linvosges-hotellerie.com\/wp-content\/uploads\/2024\/01\/BOIS-CARRE-NOIR-LOT-4-300x300.jpg","_links":{"self":[{"href":"https:\/\/www.linvosges-hotellerie.com\/es\/wp-json\/wp\/v2\/product\/51526","targetHints":{"allow":["GET"]}}],"collection":[{"href":"https:\/\/www.linvosges-hotellerie.com\/es\/wp-json\/wp\/v2\/product"}],"about":[{"href":"https:\/\/www.linvosges-hotellerie.com\/es\/wp-json\/wp\/v2\/types\/product"}],"wp:featuredmedia":[{"embeddable":true,"href":"https:\/\/www.linvosges-hotellerie.com\/es\/wp-json\/wp\/v2\/media\/51529"}],"wp:attachment":[{"href":"https:\/\/www.linvosges-hotellerie.com\/es\/wp-json\/wp\/v2\/media?parent=51526"}],"wp:term":[{"taxonomy":"label","embeddable":true,"href":"https:\/\/www.linvosges-hotellerie.com\/es\/wp-json\/wp\/v2\/label?post=51526"},{"taxonomy":"product_brand","embeddable":true,"href":"https:\/\/www.linvosges-hotellerie.com\/es\/wp-json\/wp\/v2\/product_brand?post=51526"},{"taxonomy":"product_cat","embeddable":true,"href":"https:\/\/www.linvosges-hotellerie.com\/es\/wp-json\/wp\/v2\/product_cat?post=51526"},{"taxonomy":"product_tag","embeddable":true,"href":"https:\/\/www.linvosges-hotellerie.com\/es\/wp-json\/wp\/v2\/product_tag?post=51526"},{"taxonomy":"gamme","embeddable":true,"href":"https:\/\/www.linvosges-hotellerie.com\/es\/wp-json\/wp\/v2\/gamme?post=51526"},{"taxonomy":"matiere","embeddable":true,"href":"https:\/\/www.linvosges-hotellerie.com\/es\/wp-json\/wp\/v2\/matiere?post=51526"}],"curies":[{"name":"wp","href":"https:\/\/api.w.org\/{rel}","templated":true}]}}