{"id":51600,"date":"2024-01-29T15:44:05","date_gmt":"2024-01-29T14:44:05","guid":{"rendered":"https:\/\/www.linvosges-hotellerie.com\/sin categor\u00eda\/pie-conico\/"},"modified":"2024-01-29T15:44:05","modified_gmt":"2024-01-29T14:44:05","slug":"pie-conico","status":"publish","type":"product","link":"https:\/\/www.linvosges-hotellerie.com\/es\/ropa-de-cama-es\/estribo\/pie-conico\/","title":{"rendered":"Pie c\u00f3nico"},"content":{"rendered":"<p>Estribo Cono con ruedas<\/p>\n<p><strong>DESTACADOS :<\/strong><\/p>\n<ul>\n<li><strong>Comodidad:<\/strong> buena estabilidad para dormir<\/li>\n<li><strong>Higiene: <\/strong>15 cm de altura para que la ropa de cama respire gracias a la superficie elevada<\/li>\n<li><strong>Dise\u00f1o:<\/strong> forma de husillo montado sobre ruedas sin freno (opci\u00f3n con freno bajo pedido)<\/li>\n<li><strong>Compatibilidad:<\/strong> varilla roscada de 8 mm de di\u00e1metro (est\u00e1ndar) que permite adaptar las patas a la mayor\u00eda de somieres<\/li>\n<\/ul>\n<p>&nbsp;<\/p>\n<ul>\n<li><strong>Altura :  <\/strong><\/li>\n<\/ul>\n<p>&#8211; 15 cm de alto \/ 7 cm de ancho<\/p>\n<ul>\n<li><strong>Color <\/strong>: madera natural<\/li>\n<\/ul>\n","protected":false},"excerpt":{"rendered":"<p>Los pies se venden por separado<\/p>\n","protected":false},"featured_media":51602,"template":"","meta":{"_acf_changed":false},"label":[],"product_brand":[],"product_cat":[2605,2382],"product_tag":[],"gamme":[2621],"matiere":[],"class_list":{"0":"post-51600","1":"product","2":"type-product","3":"status-publish","4":"has-post-thumbnail","6":"product_cat-estribo","7":"product_cat-ropa-de-cama-es","8":"pa_couleur-madera-natural","9":"gamme-cone-es","11":"first","12":"instock","13":"taxable","14":"shipping-taxable","15":"purchasable","16":"product-type-variable"},"acf":[],"df_price":"","df_sale_price":"","df_regular_price":"","df_image_link":"https:\/\/www.linvosges-hotellerie.com\/wp-content\/uploads\/2024\/01\/Pieds-a-roulette-fuseau-300x300.png","_links":{"self":[{"href":"https:\/\/www.linvosges-hotellerie.com\/es\/wp-json\/wp\/v2\/product\/51600","targetHints":{"allow":["GET"]}}],"collection":[{"href":"https:\/\/www.linvosges-hotellerie.com\/es\/wp-json\/wp\/v2\/product"}],"about":[{"href":"https:\/\/www.linvosges-hotellerie.com\/es\/wp-json\/wp\/v2\/types\/product"}],"wp:featuredmedia":[{"embeddable":true,"href":"https:\/\/www.linvosges-hotellerie.com\/es\/wp-json\/wp\/v2\/media\/51602"}],"wp:attachment":[{"href":"https:\/\/www.linvosges-hotellerie.com\/es\/wp-json\/wp\/v2\/media?parent=51600"}],"wp:term":[{"taxonomy":"label","embeddable":true,"href":"https:\/\/www.linvosges-hotellerie.com\/es\/wp-json\/wp\/v2\/label?post=51600"},{"taxonomy":"product_brand","embeddable":true,"href":"https:\/\/www.linvosges-hotellerie.com\/es\/wp-json\/wp\/v2\/product_brand?post=51600"},{"taxonomy":"product_cat","embeddable":true,"href":"https:\/\/www.linvosges-hotellerie.com\/es\/wp-json\/wp\/v2\/product_cat?post=51600"},{"taxonomy":"product_tag","embeddable":true,"href":"https:\/\/www.linvosges-hotellerie.com\/es\/wp-json\/wp\/v2\/product_tag?post=51600"},{"taxonomy":"gamme","embeddable":true,"href":"https:\/\/www.linvosges-hotellerie.com\/es\/wp-json\/wp\/v2\/gamme?post=51600"},{"taxonomy":"matiere","embeddable":true,"href":"https:\/\/www.linvosges-hotellerie.com\/es\/wp-json\/wp\/v2\/matiere?post=51600"}],"curies":[{"name":"wp","href":"https:\/\/api.w.org\/{rel}","templated":true}]}}