{"id":51614,"date":"2020-11-27T05:31:20","date_gmt":"2020-11-27T04:31:20","guid":{"rendered":"https:\/\/www.linvosges-hotellerie.com\/sin categor\u00eda\/delantal-con-peto-de-polialgodon-augustin-con-bolsillo\/"},"modified":"2020-11-27T05:31:20","modified_gmt":"2020-11-27T04:31:20","slug":"delantal-con-peto-de-polialgodon-augustin-con-bolsillo","status":"publish","type":"product","link":"https:\/\/www.linvosges-hotellerie.com\/es\/la-mesa\/oficina\/tablero\/delantal-con-peto-de-polialgodon-augustin-con-bolsillo\/","title":{"rendered":"Delantal con peto de polialgod\u00f3n Augustin con bolsillo"},"content":{"rendered":"<p>Delantal de cocina con peto en polialgod\u00f3n grueso. Tiene un pr\u00e1ctico bolsillo en el pecho para utensilios, pa\u00f1os de cocina y otros objetos. Cordones para anudar a la cintura para adaptarse a la mayor\u00eda de las formas del cuerpo<\/p>\n","protected":false},"excerpt":{"rendered":"<p>Lavar a m\u00e1quina a 60\u00b0.<br \/>\nProhibidos el cloro y los agentes blanqueadores<br \/>\nSecar en secadora a 60\u00b0.<br \/>\nPlancha a una temperatura m\u00e1xima de 150\u00b0.<br \/>\nProhibida la limpieza en seco<br \/>\n<span class=\"ginetex\">  4 o s b U  <\/span><\/p>\n","protected":false},"featured_media":51616,"template":"","meta":{"_acf_changed":false},"label":[],"product_brand":[],"product_cat":[1876,2627,2629,1810],"product_tag":[],"gamme":[2624],"matiere":[1625],"class_list":{"0":"post-51614","1":"product","2":"type-product","3":"status-publish","4":"has-post-thumbnail","6":"product_cat-la-mesa","7":"product_cat-oficina","8":"product_cat-tablero","9":"product_cat-te-encantara","10":"pa_couleur-azul","11":"pa_couleur-blanco","12":"pa_dimensions-95-102-cm","13":"pa_grammage-270grs-m","14":"pa_matiere-50-poliester-50-algodon","15":"gamme-augustin-es","16":"matiere-polialgodon","18":"first","19":"instock","20":"taxable","21":"shipping-taxable","22":"purchasable","23":"product-type-variable","24":"has-default-attributes"},"acf":[],"df_price":7.83,"df_sale_price":"","df_regular_price":7.83,"df_image_link":"https:\/\/www.linvosges-hotellerie.com\/wp-content\/uploads\/2020\/12\/tablier-cuisine-a-bavette-avec-poche-augustin-polycoton-270-grs-m2-professionnel-restaurant-linvosges-hotellerie-300x300.jpg","_links":{"self":[{"href":"https:\/\/www.linvosges-hotellerie.com\/es\/wp-json\/wp\/v2\/product\/51614","targetHints":{"allow":["GET"]}}],"collection":[{"href":"https:\/\/www.linvosges-hotellerie.com\/es\/wp-json\/wp\/v2\/product"}],"about":[{"href":"https:\/\/www.linvosges-hotellerie.com\/es\/wp-json\/wp\/v2\/types\/product"}],"wp:featuredmedia":[{"embeddable":true,"href":"https:\/\/www.linvosges-hotellerie.com\/es\/wp-json\/wp\/v2\/media\/51616"}],"wp:attachment":[{"href":"https:\/\/www.linvosges-hotellerie.com\/es\/wp-json\/wp\/v2\/media?parent=51614"}],"wp:term":[{"taxonomy":"label","embeddable":true,"href":"https:\/\/www.linvosges-hotellerie.com\/es\/wp-json\/wp\/v2\/label?post=51614"},{"taxonomy":"product_brand","embeddable":true,"href":"https:\/\/www.linvosges-hotellerie.com\/es\/wp-json\/wp\/v2\/product_brand?post=51614"},{"taxonomy":"product_cat","embeddable":true,"href":"https:\/\/www.linvosges-hotellerie.com\/es\/wp-json\/wp\/v2\/product_cat?post=51614"},{"taxonomy":"product_tag","embeddable":true,"href":"https:\/\/www.linvosges-hotellerie.com\/es\/wp-json\/wp\/v2\/product_tag?post=51614"},{"taxonomy":"gamme","embeddable":true,"href":"https:\/\/www.linvosges-hotellerie.com\/es\/wp-json\/wp\/v2\/gamme?post=51614"},{"taxonomy":"matiere","embeddable":true,"href":"https:\/\/www.linvosges-hotellerie.com\/es\/wp-json\/wp\/v2\/matiere?post=51614"}],"curies":[{"name":"wp","href":"https:\/\/api.w.org\/{rel}","templated":true}]}}