{"id":51651,"date":"2020-11-27T05:31:21","date_gmt":"2020-11-27T04:31:21","guid":{"rendered":"https:\/\/www.linvosges-hotellerie.com\/sin categor\u00eda\/pano-de-cocina-de-algodon-multiusos\/"},"modified":"2020-11-27T05:31:21","modified_gmt":"2020-11-27T04:31:21","slug":"pano-de-cocina-de-algodon-multiusos","status":"publish","type":"product","link":"https:\/\/www.linvosges-hotellerie.com\/es\/la-mesa\/oficina\/torchon-es\/pano-de-cocina-de-algodon-multiusos\/","title":{"rendered":"Pa\u00f1o de cocina de algod\u00f3n multiusos"},"content":{"rendered":"<p>Pa\u00f1o de cocina de algod\u00f3n puro de 200 g\/m\u00b2. Polivalente. Fondo blanco con rayas rosas<\/p>\n","protected":false},"excerpt":{"rendered":"<p>Lavar a m\u00e1quina a 60\u00b0.<br \/>\nProhibidos el cloro y los agentes blanqueadores<br \/>\nSecar en secadora a 60\u00b0.<br \/>\nPlancha a una temperatura m\u00e1xima de 150\u00b0.<br \/>\nProhibida la limpieza en seco<br \/>\n<span class=\"ginetex\">  4 o s b U  <\/span><\/p>\n","protected":false},"featured_media":51656,"template":"","meta":{"_acf_changed":false},"label":[],"product_brand":[],"product_cat":[1876,2627,2643],"product_tag":[],"gamme":[2383],"matiere":[1524],"class_list":{"0":"post-51651","1":"product","2":"type-product","3":"status-publish","4":"has-post-thumbnail","6":"product_cat-la-mesa","7":"product_cat-oficina","8":"product_cat-torchon-es","9":"pa_couleur-tiras-rosas-sobre-fondo-blanco","10":"pa_dimensions-50-77-cm","11":"pa_grammage-200grs-m","12":"pa_matiere-100-algodon","13":"gamme-algodon","14":"matiere-algodon","16":"first","17":"instock","18":"taxable","19":"shipping-taxable","20":"purchasable","21":"product-type-variable","22":"has-default-attributes"},"acf":[],"df_price":1.29,"df_sale_price":"","df_regular_price":1.29,"df_image_link":"https:\/\/www.linvosges-hotellerie.com\/wp-content\/uploads\/2020\/12\/torchon-cuisine-coton-200-grs-m2-professionnel-restaurant-linvosges-hotellerie-2-300x300.jpg","_links":{"self":[{"href":"https:\/\/www.linvosges-hotellerie.com\/es\/wp-json\/wp\/v2\/product\/51651","targetHints":{"allow":["GET"]}}],"collection":[{"href":"https:\/\/www.linvosges-hotellerie.com\/es\/wp-json\/wp\/v2\/product"}],"about":[{"href":"https:\/\/www.linvosges-hotellerie.com\/es\/wp-json\/wp\/v2\/types\/product"}],"wp:featuredmedia":[{"embeddable":true,"href":"https:\/\/www.linvosges-hotellerie.com\/es\/wp-json\/wp\/v2\/media\/51656"}],"wp:attachment":[{"href":"https:\/\/www.linvosges-hotellerie.com\/es\/wp-json\/wp\/v2\/media?parent=51651"}],"wp:term":[{"taxonomy":"label","embeddable":true,"href":"https:\/\/www.linvosges-hotellerie.com\/es\/wp-json\/wp\/v2\/label?post=51651"},{"taxonomy":"product_brand","embeddable":true,"href":"https:\/\/www.linvosges-hotellerie.com\/es\/wp-json\/wp\/v2\/product_brand?post=51651"},{"taxonomy":"product_cat","embeddable":true,"href":"https:\/\/www.linvosges-hotellerie.com\/es\/wp-json\/wp\/v2\/product_cat?post=51651"},{"taxonomy":"product_tag","embeddable":true,"href":"https:\/\/www.linvosges-hotellerie.com\/es\/wp-json\/wp\/v2\/product_tag?post=51651"},{"taxonomy":"gamme","embeddable":true,"href":"https:\/\/www.linvosges-hotellerie.com\/es\/wp-json\/wp\/v2\/gamme?post=51651"},{"taxonomy":"matiere","embeddable":true,"href":"https:\/\/www.linvosges-hotellerie.com\/es\/wp-json\/wp\/v2\/matiere?post=51651"}],"curies":[{"name":"wp","href":"https:\/\/api.w.org\/{rel}","templated":true}]}}