{"id":51658,"date":"2020-11-27T05:31:20","date_gmt":"2020-11-27T04:31:20","guid":{"rendered":"https:\/\/www.linvosges-hotellerie.com\/sin categor\u00eda\/delantal-con-peto-de-algodon-seraphin\/"},"modified":"2020-11-27T05:31:20","modified_gmt":"2020-11-27T04:31:20","slug":"delantal-con-peto-de-algodon-seraphin","status":"publish","type":"product","link":"https:\/\/www.linvosges-hotellerie.com\/es\/la-mesa\/oficina\/tablero\/delantal-con-peto-de-algodon-seraphin\/","title":{"rendered":"Delantal con peto de algod\u00f3n S\u00e9raphin"},"content":{"rendered":"<p>Delantal de cocina con peto de algod\u00f3n puro grueso. Protege contra las salpicaduras. Se anuda a la cintura con cordones para adaptarse a la mayor\u00eda de las formas del cuerpo<\/p>\n","protected":false},"excerpt":{"rendered":"<p>Lavar a m\u00e1quina a 60\u00b0.<br \/>\nProhibidos el cloro y los agentes blanqueadores<br \/>\nSecar en secadora a 60\u00b0.<br \/>\nPlancha a una temperatura m\u00e1xima de 150\u00b0.<br \/>\nProhibida la limpieza en seco<br \/>\n<span class=\"ginetex\">  4 o s b U  <\/span><\/p>\n","protected":false},"featured_media":51661,"template":"","meta":{"_acf_changed":false},"label":[],"product_brand":[],"product_cat":[1876,2627,2629],"product_tag":[],"gamme":[2644],"matiere":[1524],"class_list":{"0":"post-51658","1":"product","2":"type-product","3":"status-publish","4":"has-post-thumbnail","6":"product_cat-la-mesa","7":"product_cat-oficina","8":"product_cat-tablero","9":"pa_couleur-blanco","10":"pa_couleur-hidro","11":"pa_dimensions-taille-unique","12":"pa_grammage-270grs-m","13":"pa_matiere-100-algodon","14":"gamme-seraphin-es","15":"matiere-algodon","17":"first","18":"instock","19":"taxable","20":"shipping-taxable","21":"purchasable","22":"product-type-variable","23":"has-default-attributes"},"acf":[],"df_price":6.98,"df_sale_price":"","df_regular_price":6.98,"df_image_link":"https:\/\/www.linvosges-hotellerie.com\/wp-content\/uploads\/2020\/12\/tablier-cuisine-a-bavette-seraphin-coton-270-grs-m2-professionnel-restaurant-linvosges-hotellerie-300x300.jpg","_links":{"self":[{"href":"https:\/\/www.linvosges-hotellerie.com\/es\/wp-json\/wp\/v2\/product\/51658","targetHints":{"allow":["GET"]}}],"collection":[{"href":"https:\/\/www.linvosges-hotellerie.com\/es\/wp-json\/wp\/v2\/product"}],"about":[{"href":"https:\/\/www.linvosges-hotellerie.com\/es\/wp-json\/wp\/v2\/types\/product"}],"wp:featuredmedia":[{"embeddable":true,"href":"https:\/\/www.linvosges-hotellerie.com\/es\/wp-json\/wp\/v2\/media\/51661"}],"wp:attachment":[{"href":"https:\/\/www.linvosges-hotellerie.com\/es\/wp-json\/wp\/v2\/media?parent=51658"}],"wp:term":[{"taxonomy":"label","embeddable":true,"href":"https:\/\/www.linvosges-hotellerie.com\/es\/wp-json\/wp\/v2\/label?post=51658"},{"taxonomy":"product_brand","embeddable":true,"href":"https:\/\/www.linvosges-hotellerie.com\/es\/wp-json\/wp\/v2\/product_brand?post=51658"},{"taxonomy":"product_cat","embeddable":true,"href":"https:\/\/www.linvosges-hotellerie.com\/es\/wp-json\/wp\/v2\/product_cat?post=51658"},{"taxonomy":"product_tag","embeddable":true,"href":"https:\/\/www.linvosges-hotellerie.com\/es\/wp-json\/wp\/v2\/product_tag?post=51658"},{"taxonomy":"gamme","embeddable":true,"href":"https:\/\/www.linvosges-hotellerie.com\/es\/wp-json\/wp\/v2\/gamme?post=51658"},{"taxonomy":"matiere","embeddable":true,"href":"https:\/\/www.linvosges-hotellerie.com\/es\/wp-json\/wp\/v2\/matiere?post=51658"}],"curies":[{"name":"wp","href":"https:\/\/api.w.org\/{rel}","templated":true}]}}