{"id":51684,"date":"2020-11-27T12:47:32","date_gmt":"2020-11-27T11:47:32","guid":{"rendered":"https:\/\/www.linvosges-hotellerie.com\/sin categor\u00eda\/almohada-de-pato-natural-comfort\/"},"modified":"2020-11-27T12:47:32","modified_gmt":"2020-11-27T11:47:32","slug":"almohada-de-pato-natural-comfort","status":"publish","type":"product","link":"https:\/\/www.linvosges-hotellerie.com\/es\/ropa-de-cama-es\/almohada-y-cojin\/almohada-de-pato-natural-comfort\/","title":{"rendered":"Almohada de pato Natural Comfort"},"content":{"rendered":"<p>Calidad insuperable en la tradici\u00f3n de la ropa de cama de lujo. Relleno de plum\u00f3n de pato nuevo y plumas. Confort medio para atraer al mayor n\u00famero de personas posible. Acabado de ribete blanco satinado en todo el contorno<\/p>\n","protected":false},"excerpt":{"rendered":"<p>Lavar a m\u00e1quina a 40\u00b0.<br \/>\nProhibidos el cloro y los agentes blanqueadores<br \/>\nNo secar en secadora<br \/>\nNo planchar<br \/>\nProhibida la limpieza en seco<br \/>\n<span class=\"ginetex\">  8 o d m U  <\/span><\/p>\n","protected":false},"featured_media":51691,"template":"","meta":{"_acf_changed":false},"label":[],"product_brand":[],"product_cat":[2659,2382],"product_tag":[],"gamme":[2660],"matiere":[2662,1524,2661],"class_list":{"0":"post-51684","1":"product","2":"type-product","3":"status-publish","4":"has-post-thumbnail","6":"product_cat-almohada-y-cojin","7":"product_cat-ropa-de-cama-es","8":"pa_couleur-blanco","9":"pa_dimensions-50-70-cm","10":"pa_dimensions-60-60-cm","11":"pa_dimensions-65-65-cm","12":"pa_grammage-850grs","13":"pa_grammage-900grs","14":"pa_matiere-nuevo-relleno-de-pato-30-plumon-70-plumas-funda-de-sarga-100-algodon","15":"gamme-confort-natural","16":"matiere-abajo","17":"matiere-algodon","18":"matiere-plumas","20":"first","21":"instock","22":"taxable","23":"shipping-taxable","24":"purchasable","25":"product-type-variable","26":"has-default-attributes"},"acf":[],"df_price":34.5,"df_sale_price":"","df_regular_price":34.5,"df_image_link":"https:\/\/www.linvosges-hotellerie.com\/wp-content\/uploads\/2020\/12\/oreiller-canard-naturel-confort-hotel-professionnel-linvosges-hotellerie-300x300.jpg","_links":{"self":[{"href":"https:\/\/www.linvosges-hotellerie.com\/es\/wp-json\/wp\/v2\/product\/51684","targetHints":{"allow":["GET"]}}],"collection":[{"href":"https:\/\/www.linvosges-hotellerie.com\/es\/wp-json\/wp\/v2\/product"}],"about":[{"href":"https:\/\/www.linvosges-hotellerie.com\/es\/wp-json\/wp\/v2\/types\/product"}],"wp:featuredmedia":[{"embeddable":true,"href":"https:\/\/www.linvosges-hotellerie.com\/es\/wp-json\/wp\/v2\/media\/51691"}],"wp:attachment":[{"href":"https:\/\/www.linvosges-hotellerie.com\/es\/wp-json\/wp\/v2\/media?parent=51684"}],"wp:term":[{"taxonomy":"label","embeddable":true,"href":"https:\/\/www.linvosges-hotellerie.com\/es\/wp-json\/wp\/v2\/label?post=51684"},{"taxonomy":"product_brand","embeddable":true,"href":"https:\/\/www.linvosges-hotellerie.com\/es\/wp-json\/wp\/v2\/product_brand?post=51684"},{"taxonomy":"product_cat","embeddable":true,"href":"https:\/\/www.linvosges-hotellerie.com\/es\/wp-json\/wp\/v2\/product_cat?post=51684"},{"taxonomy":"product_tag","embeddable":true,"href":"https:\/\/www.linvosges-hotellerie.com\/es\/wp-json\/wp\/v2\/product_tag?post=51684"},{"taxonomy":"gamme","embeddable":true,"href":"https:\/\/www.linvosges-hotellerie.com\/es\/wp-json\/wp\/v2\/gamme?post=51684"},{"taxonomy":"matiere","embeddable":true,"href":"https:\/\/www.linvosges-hotellerie.com\/es\/wp-json\/wp\/v2\/matiere?post=51684"}],"curies":[{"name":"wp","href":"https:\/\/api.w.org\/{rel}","templated":true}]}}