{"id":51807,"date":"2020-11-27T12:47:35","date_gmt":"2020-11-27T11:47:35","guid":{"rendered":"https:\/\/www.linvosges-hotellerie.com\/sin categor\u00eda\/edredon-350grs-m%c2%b2-microconfort-2\/"},"modified":"2020-11-27T12:47:35","modified_gmt":"2020-11-27T11:47:35","slug":"edredon-350grs-m%c2%b2-microconfort-2","status":"publish","type":"product","link":"https:\/\/www.linvosges-hotellerie.com\/es\/ropa-de-cama-es\/edredon\/edredon-350grs-m%c2%b2-microconfort-2\/","title":{"rendered":"Edred\u00f3n 350grs\/m\u00b2 Microconfort 2"},"content":{"rendered":"<p>Este edred\u00f3n n\u00f3rdico de gama alta tiene un acabado de gran calidad con una funda de sat\u00e9n de algod\u00f3n puro sanforizado. El relleno de 350 g\/m\u00b2 se mantiene en su sitio mediante una costura cruzada en toda la superficie, con un reborde enmarcado alrededor. Ideal para entretiempo e invierno<\/p>\n<p>Participaci\u00f3n ecol\u00f3gica incluida en el precio<\/p>\n","protected":false},"excerpt":{"rendered":"<p>Lavar a m\u00e1quina a 95\u00b0.<br \/>\nProhibidos el cloro y los agentes blanqueadores<br \/>\nSecar en secadora a 60\u00b0.<br \/>\nNo planchar<br \/>\nLimpieza profesional autorizada<br \/>\n<span class=\"ginetex\">  2 o s m E  <\/span><\/p>\n","protected":false},"featured_media":51810,"template":"","meta":{"_acf_changed":false},"label":[],"product_brand":[],"product_cat":[2690,2382],"product_tag":[],"gamme":[2705],"matiere":[1524,1758],"class_list":{"0":"post-51807","1":"product","2":"type-product","3":"status-publish","4":"has-post-thumbnail","6":"product_cat-edredon","7":"product_cat-ropa-de-cama-es","8":"pa_couleur-blanco","9":"pa_dimensions-140-200-cm","10":"pa_dimensions-160-210-cm","11":"pa_dimensions-240-220-cm","12":"pa_dimensions-260-240-cm","13":"pa_dimensions-280-240-cm","14":"pa_grammage-350grs-m","15":"pa_matiere-relleno-comfort-fill-100-fibra-de-poliester-funda-de-saten-100-algodon","16":"gamme-microconfort-2-es","17":"matiere-algodon","18":"matiere-poliester","20":"first","21":"instock","22":"taxable","23":"shipping-taxable","24":"purchasable","25":"product-type-variable","26":"has-default-attributes"},"acf":[],"df_price":51.84,"df_sale_price":"","df_regular_price":51.84,"df_image_link":"https:\/\/www.linvosges-hotellerie.com\/wp-content\/uploads\/2020\/11\/couette-350-grs-m2-microconfort-2-hotel-professionnel-linvosges-hotellerie-1-300x300.jpg","_links":{"self":[{"href":"https:\/\/www.linvosges-hotellerie.com\/es\/wp-json\/wp\/v2\/product\/51807","targetHints":{"allow":["GET"]}}],"collection":[{"href":"https:\/\/www.linvosges-hotellerie.com\/es\/wp-json\/wp\/v2\/product"}],"about":[{"href":"https:\/\/www.linvosges-hotellerie.com\/es\/wp-json\/wp\/v2\/types\/product"}],"wp:featuredmedia":[{"embeddable":true,"href":"https:\/\/www.linvosges-hotellerie.com\/es\/wp-json\/wp\/v2\/media\/51810"}],"wp:attachment":[{"href":"https:\/\/www.linvosges-hotellerie.com\/es\/wp-json\/wp\/v2\/media?parent=51807"}],"wp:term":[{"taxonomy":"label","embeddable":true,"href":"https:\/\/www.linvosges-hotellerie.com\/es\/wp-json\/wp\/v2\/label?post=51807"},{"taxonomy":"product_brand","embeddable":true,"href":"https:\/\/www.linvosges-hotellerie.com\/es\/wp-json\/wp\/v2\/product_brand?post=51807"},{"taxonomy":"product_cat","embeddable":true,"href":"https:\/\/www.linvosges-hotellerie.com\/es\/wp-json\/wp\/v2\/product_cat?post=51807"},{"taxonomy":"product_tag","embeddable":true,"href":"https:\/\/www.linvosges-hotellerie.com\/es\/wp-json\/wp\/v2\/product_tag?post=51807"},{"taxonomy":"gamme","embeddable":true,"href":"https:\/\/www.linvosges-hotellerie.com\/es\/wp-json\/wp\/v2\/gamme?post=51807"},{"taxonomy":"matiere","embeddable":true,"href":"https:\/\/www.linvosges-hotellerie.com\/es\/wp-json\/wp\/v2\/matiere?post=51807"}],"curies":[{"name":"wp","href":"https:\/\/api.w.org\/{rel}","templated":true}]}}