{"id":51822,"date":"2020-11-27T12:47:35","date_gmt":"2020-11-27T11:47:35","guid":{"rendered":"https:\/\/www.linvosges-hotellerie.com\/sin categor\u00eda\/edredon-nordico-de-invierno-de-plumon-de-pato-prestige\/"},"modified":"2020-11-27T12:47:35","modified_gmt":"2020-11-27T11:47:35","slug":"edredon-nordico-de-invierno-de-plumon-de-pato-prestige","status":"publish","type":"product","link":"https:\/\/www.linvosges-hotellerie.com\/es\/ropa-de-cama-es\/edredon\/edredon-nordico-de-invierno-de-plumon-de-pato-prestige\/","title":{"rendered":"Edred\u00f3n n\u00f3rdico de invierno de plum\u00f3n de pato Prestige"},"content":{"rendered":"<p>Calidad de gama alta y confort de descanso excepcional para este edred\u00f3n n\u00f3rdico de plum\u00f3n de pato. 300 g\/m\u00b2 para la temporada de invierno. Forro de plum\u00f3n blanco invisible a trav\u00e9s del caparaz\u00f3n<\/p>\n","protected":false},"excerpt":{"rendered":"<p>Lavar a m\u00e1quina a 40\u00b0.<br \/>\nProhibidos el cloro y los agentes blanqueadores<br \/>\nNo secar en secadora<br \/>\nNo planchar<br \/>\nProhibida la limpieza en seco<br \/>\n<span class=\"ginetex\">  8 o d m U  <\/span><\/p>\n","protected":false},"featured_media":51823,"template":"","meta":{"_acf_changed":false},"label":[],"product_brand":[],"product_cat":[2690,2382],"product_tag":[],"gamme":[2687],"matiere":[2662,1524,2661],"class_list":{"0":"post-51822","1":"product","2":"type-product","3":"status-publish","4":"has-post-thumbnail","6":"product_cat-edredon","7":"product_cat-ropa-de-cama-es","8":"pa_couleur-blanco","9":"pa_couleur-plata","10":"pa_dimensions-140-200-cm","11":"pa_dimensions-240-220-cm","12":"pa_dimensions-260-240-cm","13":"pa_grammage-300grs-m","14":"pa_matiere-nuevo-relleno-de-pato-90-plumon-10-plumas-100-algodon-percal-91-hilos-cm131","15":"gamme-prestige-naturelle-es","16":"matiere-abajo","17":"matiere-algodon","18":"matiere-plumas","20":"first","21":"instock","22":"taxable","23":"shipping-taxable","24":"purchasable","25":"product-type-variable","26":"has-default-attributes"},"acf":[],"df_price":119.5,"df_sale_price":"","df_regular_price":119.5,"df_image_link":"https:\/\/www.linvosges-hotellerie.com\/wp-content\/uploads\/2020\/12\/couette-prestige-hiver-duvet-canard-blanc-300-grs-m2-hotel-professionnel-linvosges-hotellerie-300x300.jpg","_links":{"self":[{"href":"https:\/\/www.linvosges-hotellerie.com\/es\/wp-json\/wp\/v2\/product\/51822","targetHints":{"allow":["GET"]}}],"collection":[{"href":"https:\/\/www.linvosges-hotellerie.com\/es\/wp-json\/wp\/v2\/product"}],"about":[{"href":"https:\/\/www.linvosges-hotellerie.com\/es\/wp-json\/wp\/v2\/types\/product"}],"wp:featuredmedia":[{"embeddable":true,"href":"https:\/\/www.linvosges-hotellerie.com\/es\/wp-json\/wp\/v2\/media\/51823"}],"wp:attachment":[{"href":"https:\/\/www.linvosges-hotellerie.com\/es\/wp-json\/wp\/v2\/media?parent=51822"}],"wp:term":[{"taxonomy":"label","embeddable":true,"href":"https:\/\/www.linvosges-hotellerie.com\/es\/wp-json\/wp\/v2\/label?post=51822"},{"taxonomy":"product_brand","embeddable":true,"href":"https:\/\/www.linvosges-hotellerie.com\/es\/wp-json\/wp\/v2\/product_brand?post=51822"},{"taxonomy":"product_cat","embeddable":true,"href":"https:\/\/www.linvosges-hotellerie.com\/es\/wp-json\/wp\/v2\/product_cat?post=51822"},{"taxonomy":"product_tag","embeddable":true,"href":"https:\/\/www.linvosges-hotellerie.com\/es\/wp-json\/wp\/v2\/product_tag?post=51822"},{"taxonomy":"gamme","embeddable":true,"href":"https:\/\/www.linvosges-hotellerie.com\/es\/wp-json\/wp\/v2\/gamme?post=51822"},{"taxonomy":"matiere","embeddable":true,"href":"https:\/\/www.linvosges-hotellerie.com\/es\/wp-json\/wp\/v2\/matiere?post=51822"}],"curies":[{"name":"wp","href":"https:\/\/api.w.org\/{rel}","templated":true}]}}