{"id":52069,"date":"2020-11-27T12:47:38","date_gmt":"2020-11-27T11:47:38","guid":{"rendered":"https:\/\/www.linvosges-hotellerie.com\/sin categor\u00eda\/manta-polar-iglu-350gsm\/"},"modified":"2025-02-05T10:11:40","modified_gmt":"2025-02-05T09:11:40","slug":"manta-polar-iglu-350gsm","status":"publish","type":"product","link":"https:\/\/www.linvosges-hotellerie.com\/es\/ropa-de-cama-es\/portada\/manta-polar-iglu-350gsm\/","title":{"rendered":"Manta polar igl\u00fa 350gsm"},"content":{"rendered":"<p>Esta manta de vell\u00f3n tiene un bonito acabado y cumple las normas de no ignici\u00f3n. Dobladillos con doble costura + esquinas con tapa cerrada<\/p>\n","protected":false},"excerpt":{"rendered":"<p>Lavar a m\u00e1quina a 60\u00b0.<br \/>\nProhibidos el cloro y los agentes blanqueadores<br \/>\nNo secar en secadora<br \/>\nNo planchar<br \/>\nProhibida la limpieza en seco<br \/>\n<span class=\"ginetex\">  4 o d m U  <\/span><\/p>\n","protected":false},"featured_media":52070,"template":"","meta":{"_acf_changed":false},"label":[],"product_brand":[],"product_cat":[2745,2382],"product_tag":[],"gamme":[2759],"matiere":[1758],"class_list":{"0":"post-52069","1":"product","2":"type-product","3":"status-publish","4":"has-post-thumbnail","6":"product_cat-portada","7":"product_cat-ropa-de-cama-es","8":"pa_couleur-acero","9":"pa_couleur-arena","10":"pa_couleur-bigaro","11":"pa_couleur-chocolate-es","12":"pa_dimensions-180-220-cm","13":"pa_dimensions-220-240-cm","14":"pa_dimensions-240-260-cm","15":"pa_grammage-350grs-m","16":"pa_matiere-100-poliester","17":"gamme-iglu-es","18":"matiere-poliester","20":"first","21":"instock","22":"taxable","23":"shipping-taxable","24":"purchasable","25":"product-type-variable","26":"has-default-attributes"},"acf":[],"df_price":39.95,"df_sale_price":"","df_regular_price":39.95,"df_image_link":"https:\/\/www.linvosges-hotellerie.com\/wp-content\/uploads\/2020\/11\/couverture-igloo-chocolat-acier-linvosges-hotellerie-w-300x300.jpg","_links":{"self":[{"href":"https:\/\/www.linvosges-hotellerie.com\/es\/wp-json\/wp\/v2\/product\/52069","targetHints":{"allow":["GET"]}}],"collection":[{"href":"https:\/\/www.linvosges-hotellerie.com\/es\/wp-json\/wp\/v2\/product"}],"about":[{"href":"https:\/\/www.linvosges-hotellerie.com\/es\/wp-json\/wp\/v2\/types\/product"}],"wp:featuredmedia":[{"embeddable":true,"href":"https:\/\/www.linvosges-hotellerie.com\/es\/wp-json\/wp\/v2\/media\/52070"}],"wp:attachment":[{"href":"https:\/\/www.linvosges-hotellerie.com\/es\/wp-json\/wp\/v2\/media?parent=52069"}],"wp:term":[{"taxonomy":"label","embeddable":true,"href":"https:\/\/www.linvosges-hotellerie.com\/es\/wp-json\/wp\/v2\/label?post=52069"},{"taxonomy":"product_brand","embeddable":true,"href":"https:\/\/www.linvosges-hotellerie.com\/es\/wp-json\/wp\/v2\/product_brand?post=52069"},{"taxonomy":"product_cat","embeddable":true,"href":"https:\/\/www.linvosges-hotellerie.com\/es\/wp-json\/wp\/v2\/product_cat?post=52069"},{"taxonomy":"product_tag","embeddable":true,"href":"https:\/\/www.linvosges-hotellerie.com\/es\/wp-json\/wp\/v2\/product_tag?post=52069"},{"taxonomy":"gamme","embeddable":true,"href":"https:\/\/www.linvosges-hotellerie.com\/es\/wp-json\/wp\/v2\/gamme?post=52069"},{"taxonomy":"matiere","embeddable":true,"href":"https:\/\/www.linvosges-hotellerie.com\/es\/wp-json\/wp\/v2\/matiere?post=52069"}],"curies":[{"name":"wp","href":"https:\/\/api.w.org\/{rel}","templated":true}]}}