{"id":52187,"date":"2020-11-27T12:47:44","date_gmt":"2020-11-27T11:47:44","guid":{"rendered":"https:\/\/www.linvosges-hotellerie.com\/sin categor\u00eda\/sobrecolchon-cosy-sintetico-500grs-m%c2%b2\/"},"modified":"2020-11-27T12:47:44","modified_gmt":"2020-11-27T11:47:44","slug":"sobrecolchon-cosy-sintetico-500grs-m%c2%b2","status":"publish","type":"product","link":"https:\/\/www.linvosges-hotellerie.com\/es\/ropa-de-cama-es\/cubrecolchon\/sobrecolchon-cosy-sintetico-500grs-m%c2%b2\/","title":{"rendered":"Sobrecolch\u00f3n Cosy Sint\u00e9tico 500grs\/m\u00b2."},"content":{"rendered":"<p>Este sobrecolch\u00f3n a\u00f1ade un confort extra a tus camas &#8211; Costura de baldosas dividida para una excelente distribuci\u00f3n del relleno &#8211; 3 cm de grosor &#8211; F\u00e1cil cuidado<\/p>\n<p>Participaci\u00f3n ecol\u00f3gica incluida en el precio<\/p>\n","protected":false},"excerpt":{"rendered":"<p>Lavar a m\u00e1quina a 40\u00b0.<br \/>\nProhibidos el cloro y los agentes blanqueadores<br \/>\nSecado en secadora a 80\u00b0 C<br \/>\nNo planchar<br \/>\nProductos autorizados para la limpieza en seco: Hidrocarburos<br \/>\n<span class=\"ginetex\">  8 o a m E  <\/span><\/p>\n","protected":false},"featured_media":52193,"template":"","meta":{"_acf_changed":false},"label":[],"product_brand":[],"product_cat":[2781,2382],"product_tag":[],"gamme":[2779],"matiere":[1524,1758],"class_list":{"0":"post-52187","1":"product","2":"type-product","3":"status-publish","4":"has-post-thumbnail","6":"product_cat-cubrecolchon","7":"product_cat-ropa-de-cama-es","8":"pa_couleur-blanco","9":"pa_dimensions-140-190-cm","10":"pa_dimensions-140-200-cm","11":"pa_dimensions-160-200-cm","12":"pa_dimensions-180x200-cm","13":"pa_dimensions-90-190-cm","14":"pa_dimensions-90-200-cm","15":"pa_grammage-500-grs-m","16":"pa_matiere-relleno-100-fibras-huecas-de-poliester-siliconadas-funda-70-algodon-30-poliester","17":"gamme-sintetico-acogedor","18":"matiere-algodon","19":"matiere-poliester","21":"first","22":"instock","23":"taxable","24":"shipping-taxable","25":"purchasable","26":"product-type-variable","27":"has-default-attributes"},"acf":[],"df_price":45.02,"df_sale_price":"","df_regular_price":45.02,"df_image_link":"https:\/\/www.linvosges-hotellerie.com\/wp-content\/uploads\/2020\/12\/surmatelas-cosy-synthetique-500-grs-m2-hotel-professionnel-linvosges-hotellerie-300x300.jpg","_links":{"self":[{"href":"https:\/\/www.linvosges-hotellerie.com\/es\/wp-json\/wp\/v2\/product\/52187","targetHints":{"allow":["GET"]}}],"collection":[{"href":"https:\/\/www.linvosges-hotellerie.com\/es\/wp-json\/wp\/v2\/product"}],"about":[{"href":"https:\/\/www.linvosges-hotellerie.com\/es\/wp-json\/wp\/v2\/types\/product"}],"wp:featuredmedia":[{"embeddable":true,"href":"https:\/\/www.linvosges-hotellerie.com\/es\/wp-json\/wp\/v2\/media\/52193"}],"wp:attachment":[{"href":"https:\/\/www.linvosges-hotellerie.com\/es\/wp-json\/wp\/v2\/media?parent=52187"}],"wp:term":[{"taxonomy":"label","embeddable":true,"href":"https:\/\/www.linvosges-hotellerie.com\/es\/wp-json\/wp\/v2\/label?post=52187"},{"taxonomy":"product_brand","embeddable":true,"href":"https:\/\/www.linvosges-hotellerie.com\/es\/wp-json\/wp\/v2\/product_brand?post=52187"},{"taxonomy":"product_cat","embeddable":true,"href":"https:\/\/www.linvosges-hotellerie.com\/es\/wp-json\/wp\/v2\/product_cat?post=52187"},{"taxonomy":"product_tag","embeddable":true,"href":"https:\/\/www.linvosges-hotellerie.com\/es\/wp-json\/wp\/v2\/product_tag?post=52187"},{"taxonomy":"gamme","embeddable":true,"href":"https:\/\/www.linvosges-hotellerie.com\/es\/wp-json\/wp\/v2\/gamme?post=52187"},{"taxonomy":"matiere","embeddable":true,"href":"https:\/\/www.linvosges-hotellerie.com\/es\/wp-json\/wp\/v2\/matiere?post=52187"}],"curies":[{"name":"wp","href":"https:\/\/api.w.org\/{rel}","templated":true}]}}