{"id":52234,"date":"2020-11-27T12:47:43","date_gmt":"2020-11-27T11:47:43","guid":{"rendered":"https:\/\/www.linvosges-hotellerie.com\/sin categor\u00eda\/acogedor-sobrecolchon-de-plumas-y-plumon-de-lujo\/"},"modified":"2020-11-27T12:47:43","modified_gmt":"2020-11-27T11:47:43","slug":"acogedor-sobrecolchon-de-plumas-y-plumon-de-lujo","status":"publish","type":"product","link":"https:\/\/www.linvosges-hotellerie.com\/es\/ropa-de-cama-es\/cubrecolchon\/acogedor-sobrecolchon-de-plumas-y-plumon-de-lujo\/","title":{"rendered":"Acogedor sobrecolch\u00f3n de plumas y plum\u00f3n de lujo"},"content":{"rendered":"<p>La comodidad firme y suave de un nido acogedor. Costuras entrecruzadas y dobladillo ancho dise\u00f1ados para una sujeci\u00f3n perfecta en forma de panal. Forro interior con tratamiento anti\u00e1caros. El\u00e1stico en 4 esquinas<\/p>\n<p>Participaci\u00f3n ecol\u00f3gica incluida en el precio<\/p>\n","protected":false},"excerpt":{"rendered":"<p>Lavar a m\u00e1quina a 60\u00b0.<br \/>\nProhibidos el cloro y los agentes blanqueadores<br \/>\nSecar en secadora a 60\u00b0.<br \/>\nNo planchar<br \/>\nProductos autorizados para la limpieza en seco: Hidrocarburos<br \/>\n<span class=\"ginetex\">  4 o s m E  <\/span><\/p>\n","protected":false},"featured_media":52239,"template":"","meta":{"_acf_changed":false},"label":[],"product_brand":[],"product_cat":[2781,2382],"product_tag":[],"gamme":[2792],"matiere":[2662,1524,2661],"class_list":{"0":"post-52234","1":"product","2":"type-product","3":"status-publish","4":"has-post-thumbnail","6":"product_cat-cubrecolchon","7":"product_cat-ropa-de-cama-es","8":"pa_couleur-blanco","9":"pa_dimensions-140-190-cm","10":"pa_dimensions-160-200-cm","11":"pa_dimensions-180x200-cm","12":"pa_dimensions-200-200-cm","13":"pa_dimensions-80-200-cm","14":"pa_dimensions-90-200-cm","15":"pa_grammage-1700grs-m2","16":"pa_matiere-nuevo-relleno-de-pato-90-plumas-10-plumon-funda-de-percal-100-algodon","17":"gamme-lujo-acogedor","18":"matiere-abajo","19":"matiere-algodon","20":"matiere-plumas","22":"first","23":"instock","24":"taxable","25":"shipping-taxable","26":"purchasable","27":"product-type-variable","28":"has-default-attributes"},"acf":[],"df_price":100.61,"df_sale_price":"","df_regular_price":100.61,"df_image_link":"https:\/\/www.linvosges-hotellerie.com\/wp-content\/uploads\/2020\/12\/surmatelas-cosy-luxe-plumettes-et-duvet-canard-1700-grs-m2-hotel-professionnel-linvosges-hotellerie-300x300.jpg","_links":{"self":[{"href":"https:\/\/www.linvosges-hotellerie.com\/es\/wp-json\/wp\/v2\/product\/52234","targetHints":{"allow":["GET"]}}],"collection":[{"href":"https:\/\/www.linvosges-hotellerie.com\/es\/wp-json\/wp\/v2\/product"}],"about":[{"href":"https:\/\/www.linvosges-hotellerie.com\/es\/wp-json\/wp\/v2\/types\/product"}],"wp:featuredmedia":[{"embeddable":true,"href":"https:\/\/www.linvosges-hotellerie.com\/es\/wp-json\/wp\/v2\/media\/52239"}],"wp:attachment":[{"href":"https:\/\/www.linvosges-hotellerie.com\/es\/wp-json\/wp\/v2\/media?parent=52234"}],"wp:term":[{"taxonomy":"label","embeddable":true,"href":"https:\/\/www.linvosges-hotellerie.com\/es\/wp-json\/wp\/v2\/label?post=52234"},{"taxonomy":"product_brand","embeddable":true,"href":"https:\/\/www.linvosges-hotellerie.com\/es\/wp-json\/wp\/v2\/product_brand?post=52234"},{"taxonomy":"product_cat","embeddable":true,"href":"https:\/\/www.linvosges-hotellerie.com\/es\/wp-json\/wp\/v2\/product_cat?post=52234"},{"taxonomy":"product_tag","embeddable":true,"href":"https:\/\/www.linvosges-hotellerie.com\/es\/wp-json\/wp\/v2\/product_tag?post=52234"},{"taxonomy":"gamme","embeddable":true,"href":"https:\/\/www.linvosges-hotellerie.com\/es\/wp-json\/wp\/v2\/gamme?post=52234"},{"taxonomy":"matiere","embeddable":true,"href":"https:\/\/www.linvosges-hotellerie.com\/es\/wp-json\/wp\/v2\/matiere?post=52234"}],"curies":[{"name":"wp","href":"https:\/\/api.w.org\/{rel}","templated":true}]}}