{"id":52345,"date":"2020-12-16T00:47:25","date_gmt":"2020-12-15T23:47:25","guid":{"rendered":"https:\/\/www.linvosges-hotellerie.com\/sin categor\u00eda\/albornoz-de-rizo-con-cuello-chal-detente\/"},"modified":"2020-12-16T00:47:25","modified_gmt":"2020-12-15T23:47:25","slug":"albornoz-de-rizo-con-cuello-chal-detente","status":"publish","type":"product","link":"https:\/\/www.linvosges-hotellerie.com\/es\/esponjas\/albornoz\/albornoz-de-rizo-con-cuello-chal-detente\/","title":{"rendered":"Albornoz de rizo con cuello chal D\u00e9tente"},"content":{"rendered":"<p>Un c\u00e1lido y suave albornoz de rizo 100% algod\u00f3n. Tiene cuello chal envolvente, 2 bolsillos inferiores, lazo al cuello y cintur\u00f3n con trabillas.<br \/>\nUn accesorio esencial para proporcionar un confort adicional a tus clientes en tu cuarto de ba\u00f1o o zona de spa.<\/p>\n<p>Tallas: M, L, XL, XXL<\/p>\n","protected":false},"excerpt":{"rendered":"<p>Lavar a m\u00e1quina a 60\u00b0.<br \/>\nProhibidos el cloro y los agentes blanqueadores<br \/>\nSecar en secadora a 60\u00b0.<br \/>\nPlancha a una temperatura m\u00e1xima de 150\u00b0.<br \/>\nProhibida la limpieza en seco<\/p>\n<p><span class=\"ginetex\">  4 o s b U  <\/span><\/p>\n","protected":false},"featured_media":32260,"template":"","meta":{"_acf_changed":false},"label":[],"product_brand":[],"product_cat":[2597,1571],"product_tag":[],"gamme":[1590],"matiere":[1524],"class_list":{"0":"post-52345","1":"product","2":"type-product","3":"status-publish","4":"has-post-thumbnail","6":"product_cat-albornoz","7":"product_cat-esponjas","8":"pa_couleur-blanco","9":"pa_dimensions-l","10":"pa_dimensions-m","11":"pa_dimensions-xl","12":"pa_dimensions-xxl","13":"pa_grammage-420grs-m","14":"pa_matiere-100-algodon","15":"gamme-relajacion","16":"matiere-algodon","18":"first","19":"instock","20":"taxable","21":"shipping-taxable","22":"purchasable","23":"product-type-variable","24":"has-default-attributes"},"acf":[],"df_price":33.98,"df_sale_price":"","df_regular_price":33.98,"df_image_link":"https:\/\/www.linvosges-hotellerie.com\/wp-content\/uploads\/2020\/12\/peignoir-col-chale-detente-eponge-420-grs-m2-hotel-professionnel-linvosges-hotellerie-300x300.jpg","_links":{"self":[{"href":"https:\/\/www.linvosges-hotellerie.com\/es\/wp-json\/wp\/v2\/product\/52345","targetHints":{"allow":["GET"]}}],"collection":[{"href":"https:\/\/www.linvosges-hotellerie.com\/es\/wp-json\/wp\/v2\/product"}],"about":[{"href":"https:\/\/www.linvosges-hotellerie.com\/es\/wp-json\/wp\/v2\/types\/product"}],"wp:featuredmedia":[{"embeddable":true,"href":"https:\/\/www.linvosges-hotellerie.com\/es\/wp-json\/wp\/v2\/media\/32260"}],"wp:attachment":[{"href":"https:\/\/www.linvosges-hotellerie.com\/es\/wp-json\/wp\/v2\/media?parent=52345"}],"wp:term":[{"taxonomy":"label","embeddable":true,"href":"https:\/\/www.linvosges-hotellerie.com\/es\/wp-json\/wp\/v2\/label?post=52345"},{"taxonomy":"product_brand","embeddable":true,"href":"https:\/\/www.linvosges-hotellerie.com\/es\/wp-json\/wp\/v2\/product_brand?post=52345"},{"taxonomy":"product_cat","embeddable":true,"href":"https:\/\/www.linvosges-hotellerie.com\/es\/wp-json\/wp\/v2\/product_cat?post=52345"},{"taxonomy":"product_tag","embeddable":true,"href":"https:\/\/www.linvosges-hotellerie.com\/es\/wp-json\/wp\/v2\/product_tag?post=52345"},{"taxonomy":"gamme","embeddable":true,"href":"https:\/\/www.linvosges-hotellerie.com\/es\/wp-json\/wp\/v2\/gamme?post=52345"},{"taxonomy":"matiere","embeddable":true,"href":"https:\/\/www.linvosges-hotellerie.com\/es\/wp-json\/wp\/v2\/matiere?post=52345"}],"curies":[{"name":"wp","href":"https:\/\/api.w.org\/{rel}","templated":true}]}}