{"id":52511,"date":"2020-12-16T03:50:51","date_gmt":"2020-12-16T02:50:51","guid":{"rendered":"https:\/\/www.linvosges-hotellerie.com\/sin categor\u00eda\/funda-nordica-come\/"},"modified":"2020-12-16T03:50:51","modified_gmt":"2020-12-16T02:50:51","slug":"funda-nordica-come","status":"publish","type":"product","link":"https:\/\/www.linvosges-hotellerie.com\/es\/funda-nordica\/funda-nordica-come\/","title":{"rendered":"Funda n\u00f3rdica C\u00f4me"},"content":{"rendered":"<p>Funda n\u00f3rdica de polialgod\u00f3n de 300 hilos. Una combinaci\u00f3n de rayas mates y satinadas de 10 mm y 24 mm dan a este tejido un aspecto chic.<br \/>\nLa mezcla de algod\u00f3n y poli\u00e9ster facilita el cuidado de tu ropa, sec\u00e1ndola m\u00e1s r\u00e1pidamente y planch\u00e1ndola con m\u00e1s facilidad.<\/p>\n<p>Forma de bolsa + pasamuros<br \/>\nLos acabados de nuestras fundas n\u00f3rdicas est\u00e1n dise\u00f1ados para un uso profesional. El dise\u00f1o de bolsa abierta de ancho completo y los 2 lazos para las manos en la cabeza facilitan su colocaci\u00f3n. Las 2 caras est\u00e1n unidas por un overlock de bourdon blanco en los laterales y la cabeza para cumplir los requisitos de cuidado de la ropa, sobre todo al pasar por una mangadora. Un sobrehilado de bourdon de color en el pie facilita la identificaci\u00f3n de la parte inferior de la funda y la distinci\u00f3n entre los distintos tama\u00f1os.<\/p>\n<p>Colores de los cables seg\u00fan las dimensiones :<br \/>\n140&#215;200 : rojo<br \/>\n160&#215;210 : azul<br \/>\n240&#215;220 : naranja<br \/>\n260&#215;240 : verde<br \/>\n280&#215;240 : gris<\/p>\n","protected":false},"excerpt":{"rendered":"<p>Lavar a m\u00e1quina a 95\u00b0.<br \/>\nProhibidos el cloro y los agentes blanqueadores<br \/>\nSecado en secadora a 80\u00b0 C<br \/>\nPlancha a una temperatura m\u00e1xima de 150\u00b0.<br \/>\nProhibida la limpieza en seco<\/p>\n<p><span class=\"ginetex\">  2 o a b U  <\/span><\/p>\n","protected":false},"featured_media":29506,"template":"","meta":{"_acf_changed":false},"label":[],"product_brand":[],"product_cat":[2813],"product_tag":[],"gamme":[1668],"matiere":[1625],"class_list":{"0":"post-52511","1":"product","2":"type-product","3":"status-publish","4":"has-post-thumbnail","6":"product_cat-funda-nordica","7":"pa_couleur-blanco","8":"pa_dimensions-140-200-cm","9":"pa_dimensions-160-210-cm","10":"pa_dimensions-240-220-cm","11":"pa_dimensions-260-240-cm","12":"pa_dimensions-280-240-cm","13":"pa_grammage-148grs-m","14":"pa_matiere-50-algodon-50-poliester","15":"gamme-come-es","16":"matiere-polialgodon","18":"first","19":"instock","20":"taxable","21":"shipping-taxable","22":"purchasable","23":"product-type-variable","24":"has-default-attributes"},"acf":[],"df_price":30.19,"df_sale_price":"","df_regular_price":30.19,"df_image_link":"https:\/\/www.linvosges-hotellerie.com\/wp-content\/uploads\/2020\/12\/linge-de-lit-bandes-satin-come-148-grs-m2-hotel-professionnel-linvosges-hotellerie-300x300.jpg","_links":{"self":[{"href":"https:\/\/www.linvosges-hotellerie.com\/es\/wp-json\/wp\/v2\/product\/52511","targetHints":{"allow":["GET"]}}],"collection":[{"href":"https:\/\/www.linvosges-hotellerie.com\/es\/wp-json\/wp\/v2\/product"}],"about":[{"href":"https:\/\/www.linvosges-hotellerie.com\/es\/wp-json\/wp\/v2\/types\/product"}],"wp:featuredmedia":[{"embeddable":true,"href":"https:\/\/www.linvosges-hotellerie.com\/es\/wp-json\/wp\/v2\/media\/29506"}],"wp:attachment":[{"href":"https:\/\/www.linvosges-hotellerie.com\/es\/wp-json\/wp\/v2\/media?parent=52511"}],"wp:term":[{"taxonomy":"label","embeddable":true,"href":"https:\/\/www.linvosges-hotellerie.com\/es\/wp-json\/wp\/v2\/label?post=52511"},{"taxonomy":"product_brand","embeddable":true,"href":"https:\/\/www.linvosges-hotellerie.com\/es\/wp-json\/wp\/v2\/product_brand?post=52511"},{"taxonomy":"product_cat","embeddable":true,"href":"https:\/\/www.linvosges-hotellerie.com\/es\/wp-json\/wp\/v2\/product_cat?post=52511"},{"taxonomy":"product_tag","embeddable":true,"href":"https:\/\/www.linvosges-hotellerie.com\/es\/wp-json\/wp\/v2\/product_tag?post=52511"},{"taxonomy":"gamme","embeddable":true,"href":"https:\/\/www.linvosges-hotellerie.com\/es\/wp-json\/wp\/v2\/gamme?post=52511"},{"taxonomy":"matiere","embeddable":true,"href":"https:\/\/www.linvosges-hotellerie.com\/es\/wp-json\/wp\/v2\/matiere?post=52511"}],"curies":[{"name":"wp","href":"https:\/\/api.w.org\/{rel}","templated":true}]}}