{"id":52531,"date":"2020-12-16T03:51:01","date_gmt":"2020-12-16T02:51:01","guid":{"rendered":"https:\/\/www.linvosges-hotellerie.com\/sin categor\u00eda\/funda-nordica-le-pur-fil-de-lin\/"},"modified":"2020-12-16T03:51:01","modified_gmt":"2020-12-16T02:51:01","slug":"funda-nordica-le-pur-fil-de-lin","status":"publish","type":"product","link":"https:\/\/www.linvosges-hotellerie.com\/es\/funda-nordica\/funda-nordica-le-pur-fil-de-lin\/","title":{"rendered":"Funda N\u00f3rdica Le Pur Fil De Lin"},"content":{"rendered":"<p>Funda n\u00f3rdica confeccionada con un refinado tejido de lino que evoca la elegancia y la fuerza del lino antiguo. El lino es una fibra muy resistente con un tacto \u00fanico. Aislante y transpirable, tiene la particularidad de regular el calor de forma natural. 100 hilosxin\u00b2.<\/p>\n<p>Forma de bolsa abierta + pasamuros<br \/>\nLos acabados de nuestras fundas n\u00f3rdicas est\u00e1n dise\u00f1ados para un uso profesional. El dise\u00f1o de bolsa abierta de ancho completo y los 2 lazos para las manos en la cabeza facilitan su colocaci\u00f3n. Las 2 caras est\u00e1n unidas por costura bourdon blanca en los laterales para cumplir los requisitos de cuidado de la ropa.<\/p>\n<p>Dimensiones :<br \/>\n140&#215;200<br \/>\n160&#215;210<br \/>\n240&#215;220<br \/>\n260&#215;240<\/p>\n","protected":false},"excerpt":{"rendered":"<p>Lavar a m\u00e1quina a 60\u00b0.<br \/>\nProhibidos el cloro y los agentes blanqueadores<br \/>\nNo secar en secadora<br \/>\nPlanchado a una temperatura m\u00e1xima de 200\u00b0C<br \/>\nProhibida la limpieza en seco<\/p>\n<p><span class=\"ginetex\">  4 o d v U  <\/span><\/p>\n","protected":false},"featured_media":29721,"template":"","meta":{"_acf_changed":false},"label":[],"product_brand":[],"product_cat":[2813],"product_tag":[],"gamme":[1694],"matiere":[],"class_list":{"0":"post-52531","1":"product","2":"type-product","3":"status-publish","4":"has-post-thumbnail","6":"product_cat-funda-nordica","7":"pa_couleur-blanco","8":"pa_dimensions-140-200-cm","9":"pa_dimensions-160-210-cm","10":"pa_dimensions-240-220-cm","11":"pa_dimensions-260-240-cm","12":"pa_grammage-165grs-m","13":"pa_matiere-100-lino","14":"gamme-le-pur-fil-de-lin-es","16":"first","17":"instock","18":"taxable","19":"shipping-taxable","20":"purchasable","21":"product-type-variable","22":"has-default-attributes"},"acf":[],"df_price":138.24,"df_sale_price":"","df_regular_price":138.24,"df_image_link":"https:\/\/www.linvosges-hotellerie.com\/wp-content\/uploads\/2020\/12\/linge-de-lit-pur-fil-de-lin-165-grs-m2-blanc-hotel-professionnel-linvosges-hotellerie-300x300.jpg","_links":{"self":[{"href":"https:\/\/www.linvosges-hotellerie.com\/es\/wp-json\/wp\/v2\/product\/52531","targetHints":{"allow":["GET"]}}],"collection":[{"href":"https:\/\/www.linvosges-hotellerie.com\/es\/wp-json\/wp\/v2\/product"}],"about":[{"href":"https:\/\/www.linvosges-hotellerie.com\/es\/wp-json\/wp\/v2\/types\/product"}],"wp:featuredmedia":[{"embeddable":true,"href":"https:\/\/www.linvosges-hotellerie.com\/es\/wp-json\/wp\/v2\/media\/29721"}],"wp:attachment":[{"href":"https:\/\/www.linvosges-hotellerie.com\/es\/wp-json\/wp\/v2\/media?parent=52531"}],"wp:term":[{"taxonomy":"label","embeddable":true,"href":"https:\/\/www.linvosges-hotellerie.com\/es\/wp-json\/wp\/v2\/label?post=52531"},{"taxonomy":"product_brand","embeddable":true,"href":"https:\/\/www.linvosges-hotellerie.com\/es\/wp-json\/wp\/v2\/product_brand?post=52531"},{"taxonomy":"product_cat","embeddable":true,"href":"https:\/\/www.linvosges-hotellerie.com\/es\/wp-json\/wp\/v2\/product_cat?post=52531"},{"taxonomy":"product_tag","embeddable":true,"href":"https:\/\/www.linvosges-hotellerie.com\/es\/wp-json\/wp\/v2\/product_tag?post=52531"},{"taxonomy":"gamme","embeddable":true,"href":"https:\/\/www.linvosges-hotellerie.com\/es\/wp-json\/wp\/v2\/gamme?post=52531"},{"taxonomy":"matiere","embeddable":true,"href":"https:\/\/www.linvosges-hotellerie.com\/es\/wp-json\/wp\/v2\/matiere?post=52531"}],"curies":[{"name":"wp","href":"https:\/\/api.w.org\/{rel}","templated":true}]}}