{"id":52614,"date":"2020-12-16T03:51:06","date_gmt":"2020-12-16T02:51:06","guid":{"rendered":"https:\/\/www.linvosges-hotellerie.com\/sin categor\u00eda\/funda-nordica-faro\/"},"modified":"2026-02-01T10:32:24","modified_gmt":"2026-02-01T09:32:24","slug":"funda-nordica-faro","status":"publish","type":"product","link":"https:\/\/www.linvosges-hotellerie.com\/es\/funda-nordica\/funda-nordica-faro\/","title":{"rendered":"Funda n\u00f3rdica Faro"},"content":{"rendered":"<p>Suave al tacto y ligeramente arrugada, esta funda n\u00f3rdica est\u00e1 confeccionada con percal lavado de 200 hilos tejido con algod\u00f3n de fibras largas. No es necesario planchar. Material noble por excelencia, la fibra de algod\u00f3n es naturalmente c\u00f3moda y resistente.<\/p>\n<p>Forma de bolsa abierta + pasamuros<br \/>\nLos acabados de nuestras fundas n\u00f3rdicas est\u00e1n dise\u00f1ados para un uso profesional. El dise\u00f1o de bolsa abierta de ancho completo y los 2 lazos para las manos en la cabeza facilitan su colocaci\u00f3n. Las 2 caras est\u00e1n unidas por un overlock de bourdon blanco en los laterales y la cabeza para cumplir los requisitos de cuidado de la ropa, sobre todo al pasar por una mangadora. Un sobrehilado de bourdon de color en el pie facilita la identificaci\u00f3n de la parte inferior de la funda y la distinci\u00f3n entre los distintos tama\u00f1os.<\/p>\n<p>Colores de los cables seg\u00fan las dimensiones :<br \/>\n140&#215;200 : rojo<br \/>\n160&#215;210 : azul<br \/>\n240&#215;220 : naranja<br \/>\n260&#215;240 : verde<br \/>\n280&#215;240 : gris<\/p>\n","protected":false},"excerpt":{"rendered":"<p>Lavar a m\u00e1quina a 40\u00b0.<br \/>\nProhibidos el cloro y los agentes blanqueadores<br \/>\nSecar en secadora a 60\u00b0.<br \/>\nPlanchado a una temperatura m\u00e1xima de 110\u00b0, sin vapor<br \/>\nProhibida la limpieza en seco<\/p>\n<p><span class=\"ginetex\">  8 o s n U  <\/span><\/p>\n","protected":false},"featured_media":29752,"template":"","meta":{"_acf_changed":false},"label":[],"product_brand":[],"product_cat":[2813],"product_tag":[],"gamme":[1702],"matiere":[1524],"class_list":{"0":"post-52614","1":"product","2":"type-product","3":"status-publish","4":"has-post-thumbnail","6":"product_cat-funda-nordica","7":"pa_couleur-blanco","8":"pa_dimensions-140-200-cm","9":"pa_dimensions-160-210-cm","10":"pa_dimensions-240-220-cm","11":"pa_dimensions-260-240-cm","12":"pa_dimensions-280-240-cm","13":"pa_grammage-110grs-m","14":"pa_matiere-100-algodon","15":"gamme-faro-es","16":"matiere-algodon","18":"first","19":"instock","20":"taxable","21":"shipping-taxable","22":"purchasable","23":"product-type-variable","24":"has-default-attributes"},"acf":[],"df_price":41.15,"df_sale_price":"","df_regular_price":41.15,"df_image_link":"https:\/\/www.linvosges-hotellerie.com\/wp-content\/uploads\/2020\/12\/linge-de-lit-percale-lavee-faro-coton-110-grs-m2-hotel-professionnel-linvosges-hotellerie-2-300x300.jpg","_links":{"self":[{"href":"https:\/\/www.linvosges-hotellerie.com\/es\/wp-json\/wp\/v2\/product\/52614","targetHints":{"allow":["GET"]}}],"collection":[{"href":"https:\/\/www.linvosges-hotellerie.com\/es\/wp-json\/wp\/v2\/product"}],"about":[{"href":"https:\/\/www.linvosges-hotellerie.com\/es\/wp-json\/wp\/v2\/types\/product"}],"wp:featuredmedia":[{"embeddable":true,"href":"https:\/\/www.linvosges-hotellerie.com\/es\/wp-json\/wp\/v2\/media\/29752"}],"wp:attachment":[{"href":"https:\/\/www.linvosges-hotellerie.com\/es\/wp-json\/wp\/v2\/media?parent=52614"}],"wp:term":[{"taxonomy":"label","embeddable":true,"href":"https:\/\/www.linvosges-hotellerie.com\/es\/wp-json\/wp\/v2\/label?post=52614"},{"taxonomy":"product_brand","embeddable":true,"href":"https:\/\/www.linvosges-hotellerie.com\/es\/wp-json\/wp\/v2\/product_brand?post=52614"},{"taxonomy":"product_cat","embeddable":true,"href":"https:\/\/www.linvosges-hotellerie.com\/es\/wp-json\/wp\/v2\/product_cat?post=52614"},{"taxonomy":"product_tag","embeddable":true,"href":"https:\/\/www.linvosges-hotellerie.com\/es\/wp-json\/wp\/v2\/product_tag?post=52614"},{"taxonomy":"gamme","embeddable":true,"href":"https:\/\/www.linvosges-hotellerie.com\/es\/wp-json\/wp\/v2\/gamme?post=52614"},{"taxonomy":"matiere","embeddable":true,"href":"https:\/\/www.linvosges-hotellerie.com\/es\/wp-json\/wp\/v2\/matiere?post=52614"}],"curies":[{"name":"wp","href":"https:\/\/api.w.org\/{rel}","templated":true}]}}