{"id":52799,"date":"2020-12-16T03:51:30","date_gmt":"2020-12-16T02:51:30","guid":{"rendered":"https:\/\/www.linvosges-hotellerie.com\/sin categor\u00eda\/funda-nordica-paloma\/"},"modified":"2026-04-16T01:11:30","modified_gmt":"2026-04-15T23:11:30","slug":"funda-nordica-paloma","status":"publish","type":"product","link":"https:\/\/www.linvosges-hotellerie.com\/es\/funda-nordica\/funda-nordica-paloma\/","title":{"rendered":"Funda n\u00f3rdica Paloma"},"content":{"rendered":"<p>Funda n\u00f3rdica de percal de algod\u00f3n puro. Fabricado con las fibras m\u00e1s largas de algod\u00f3n peinado y tejido muy tupido, el percal de 200 hilos ofrece una gran suavidad y una sujeci\u00f3n perfecta.<br \/>\nMaterial noble por excelencia, la fibra de algod\u00f3n es naturalmente confortable y resistente<\/p>\n<p>Forma de bolsa + pasamuros<br \/>\nLos acabados de nuestras fundas n\u00f3rdicas est\u00e1n dise\u00f1ados para un uso profesional. El dise\u00f1o de bolsa abierta de ancho completo y los 2 lazos para las manos en la cabeza facilitan su colocaci\u00f3n. Las 2 caras est\u00e1n unidas por un overlock de bourdon blanco en los laterales y la cabeza para cumplir los requisitos de cuidado de la ropa, sobre todo al pasar por una mangadora. Un sobrehilado de bourdon de color en el pie facilita la identificaci\u00f3n de la parte inferior de la funda y la distinci\u00f3n entre los distintos tama\u00f1os.<\/p>\n<p>Colores de los cables seg\u00fan las dimensiones :<br \/>\n140&#215;200 : rojo<br \/>\n160&#215;210 : azul<br \/>\n200&#215;200 : amarillo<br \/>\n240&#215;220 : naranja<br \/>\n260&#215;240 : verde<br \/>\n280&#215;240 : gris<\/p>\n","protected":false},"excerpt":{"rendered":"<p>Lavar a m\u00e1quina a 95\u00b0.<br \/>\nPosible blanqueamiento<br \/>\nSecado en secadora a 80\u00b0 C<br \/>\nPlanchado a una temperatura m\u00e1xima de 200\u00b0C<br \/>\nProductos autorizados para la limpieza en seco: Hidrocarburos<\/p>\n<p><span class=\"ginetex\">  2 u a v W  <\/span><\/p>\n","protected":false},"featured_media":30244,"template":"","meta":{"_acf_changed":false},"label":[],"product_brand":[],"product_cat":[2813],"product_tag":[],"gamme":[1751],"matiere":[1524],"class_list":{"0":"post-52799","1":"product","2":"type-product","3":"status-publish","4":"has-post-thumbnail","6":"product_cat-funda-nordica","7":"pa_couleur-blanco","8":"pa_dimensions-140-200-cm","9":"pa_dimensions-160-210-cm","10":"pa_dimensions-200-200-cm","11":"pa_dimensions-240-220-cm","12":"pa_dimensions-260-240-cm","13":"pa_dimensions-280-240-cm","14":"pa_grammage-115grs-m","15":"pa_matiere-100-algodon","16":"gamme-colombe-es","17":"matiere-algodon","19":"first","20":"instock","21":"sale","22":"taxable","23":"shipping-taxable","24":"purchasable","25":"product-type-variable","26":"has-default-attributes"},"acf":[],"df_price":23.72,"df_sale_price":"","df_regular_price":23.72,"df_image_link":"https:\/\/www.linvosges-hotellerie.com\/wp-content\/uploads\/2020\/12\/linge-de-lit-percale-colombe-coton-115-grs-m2-hotel-professionnel-linvosges-hotellerie-300x300.jpg","_links":{"self":[{"href":"https:\/\/www.linvosges-hotellerie.com\/es\/wp-json\/wp\/v2\/product\/52799","targetHints":{"allow":["GET"]}}],"collection":[{"href":"https:\/\/www.linvosges-hotellerie.com\/es\/wp-json\/wp\/v2\/product"}],"about":[{"href":"https:\/\/www.linvosges-hotellerie.com\/es\/wp-json\/wp\/v2\/types\/product"}],"wp:featuredmedia":[{"embeddable":true,"href":"https:\/\/www.linvosges-hotellerie.com\/es\/wp-json\/wp\/v2\/media\/30244"}],"wp:attachment":[{"href":"https:\/\/www.linvosges-hotellerie.com\/es\/wp-json\/wp\/v2\/media?parent=52799"}],"wp:term":[{"taxonomy":"label","embeddable":true,"href":"https:\/\/www.linvosges-hotellerie.com\/es\/wp-json\/wp\/v2\/label?post=52799"},{"taxonomy":"product_brand","embeddable":true,"href":"https:\/\/www.linvosges-hotellerie.com\/es\/wp-json\/wp\/v2\/product_brand?post=52799"},{"taxonomy":"product_cat","embeddable":true,"href":"https:\/\/www.linvosges-hotellerie.com\/es\/wp-json\/wp\/v2\/product_cat?post=52799"},{"taxonomy":"product_tag","embeddable":true,"href":"https:\/\/www.linvosges-hotellerie.com\/es\/wp-json\/wp\/v2\/product_tag?post=52799"},{"taxonomy":"gamme","embeddable":true,"href":"https:\/\/www.linvosges-hotellerie.com\/es\/wp-json\/wp\/v2\/gamme?post=52799"},{"taxonomy":"matiere","embeddable":true,"href":"https:\/\/www.linvosges-hotellerie.com\/es\/wp-json\/wp\/v2\/matiere?post=52799"}],"curies":[{"name":"wp","href":"https:\/\/api.w.org\/{rel}","templated":true}]}}