{"id":52935,"date":"2021-10-14T10:32:34","date_gmt":"2021-10-14T08:32:34","guid":{"rendered":"https:\/\/www.linvosges-hotellerie.com\/sin categor\u00eda\/cojin-de-terciopelo-frances\/"},"modified":"2026-04-14T00:57:56","modified_gmt":"2026-04-13T22:57:56","slug":"cojin-de-terciopelo-frances","status":"publish","type":"product","link":"https:\/\/www.linvosges-hotellerie.com\/es\/decoracion\/cojin\/cojin-de-terciopelo-frances\/","title":{"rendered":"Coj\u00edn de terciopelo franc\u00e9s"},"content":{"rendered":"<p>6 colores atemporales para este coj\u00edn decorativo de terciopelo de doble cara.<br \/>\nLa funda inferior con cremallera hace que sea perfectamente reversible y f\u00e1cil de limpiar.<\/p>\n","protected":false},"excerpt":{"rendered":"<p>Lavar a m\u00e1quina a 30\u00b0.<br \/>\nProhibidos el cloro y los agentes blanqueadores<br \/>\nNo secar en secadora<br \/>\nNo planchar<br \/>\nProductos autorizados para la limpieza en seco: Percloroetileno, Hidrocarburos<\/p>\n<p><span class=\"ginetex\">  w o d m E  <\/span><\/p>\n","protected":false},"featured_media":52937,"template":"","meta":{"_acf_changed":false},"label":[],"product_brand":[],"product_cat":[2806,2272,2451],"product_tag":[],"gamme":[2505],"matiere":[1758],"class_list":{"0":"post-52935","1":"product","2":"type-product","3":"status-publish","4":"has-post-thumbnail","6":"product_cat-cojin","7":"product_cat-consejos-de-expertos","8":"product_cat-decoracion","9":"pa_couleur-amarillo","10":"pa_couleur-azul-pato","11":"pa_couleur-beige-es","12":"pa_couleur-gris-es","13":"pa_couleur-gris-claro","14":"pa_couleur-guinda","15":"pa_couleur-marron","16":"pa_couleur-raton-gris","17":"pa_couleur-rojo","18":"pa_dimensions-40-40-cm","19":"pa_grammage-290grs-m","20":"pa_matiere-100-poliester","21":"gamme-terciopelo-frances","22":"matiere-poliester","24":"first","25":"instock","26":"taxable","27":"shipping-taxable","28":"purchasable","29":"product-type-variable","30":"has-default-attributes"},"acf":[],"df_price":11.13,"df_sale_price":"","df_regular_price":11.13,"df_image_link":"https:\/\/www.linvosges-hotellerie.com\/wp-content\/uploads\/2021\/10\/coussin-velours-french-velvet-hotel-professionnel-linvosges-hotellerie-1-300x300.jpg","_links":{"self":[{"href":"https:\/\/www.linvosges-hotellerie.com\/es\/wp-json\/wp\/v2\/product\/52935","targetHints":{"allow":["GET"]}}],"collection":[{"href":"https:\/\/www.linvosges-hotellerie.com\/es\/wp-json\/wp\/v2\/product"}],"about":[{"href":"https:\/\/www.linvosges-hotellerie.com\/es\/wp-json\/wp\/v2\/types\/product"}],"wp:featuredmedia":[{"embeddable":true,"href":"https:\/\/www.linvosges-hotellerie.com\/es\/wp-json\/wp\/v2\/media\/52937"}],"wp:attachment":[{"href":"https:\/\/www.linvosges-hotellerie.com\/es\/wp-json\/wp\/v2\/media?parent=52935"}],"wp:term":[{"taxonomy":"label","embeddable":true,"href":"https:\/\/www.linvosges-hotellerie.com\/es\/wp-json\/wp\/v2\/label?post=52935"},{"taxonomy":"product_brand","embeddable":true,"href":"https:\/\/www.linvosges-hotellerie.com\/es\/wp-json\/wp\/v2\/product_brand?post=52935"},{"taxonomy":"product_cat","embeddable":true,"href":"https:\/\/www.linvosges-hotellerie.com\/es\/wp-json\/wp\/v2\/product_cat?post=52935"},{"taxonomy":"product_tag","embeddable":true,"href":"https:\/\/www.linvosges-hotellerie.com\/es\/wp-json\/wp\/v2\/product_tag?post=52935"},{"taxonomy":"gamme","embeddable":true,"href":"https:\/\/www.linvosges-hotellerie.com\/es\/wp-json\/wp\/v2\/gamme?post=52935"},{"taxonomy":"matiere","embeddable":true,"href":"https:\/\/www.linvosges-hotellerie.com\/es\/wp-json\/wp\/v2\/matiere?post=52935"}],"curies":[{"name":"wp","href":"https:\/\/api.w.org\/{rel}","templated":true}]}}