{"id":53052,"date":"2023-01-04T16:58:24","date_gmt":"2023-01-04T15:58:24","guid":{"rendered":"https:\/\/www.linvosges-hotellerie.com\/sin categor\u00eda\/funda-nordica-edito\/"},"modified":"2023-01-04T16:58:24","modified_gmt":"2023-01-04T15:58:24","slug":"funda-nordica-edito","status":"publish","type":"product","link":"https:\/\/www.linvosges-hotellerie.com\/es\/funda-nordica\/funda-nordica-edito\/","title":{"rendered":"Funda n\u00f3rdica Edito"},"content":{"rendered":"<p>Funda n\u00f3rdica de polialgod\u00f3n satinado de 230 hilos. Lisa, tejida con rayas anchas, l\u00edneas finas o peque\u00f1os cuadros, esta gama seduce con sus diferentes motivos, que pueden utilizarse solos o mezclados, para aportar dinamismo y modernidad a tus estancias. Adem\u00e1s de sus cualidades est\u00e9ticas, esta ropa de cama, fabricada con una mezcla \u00edntima de algod\u00f3n y poli\u00e9ster, tiene un tacto suave y fluido y una excelente durabilidad.<\/p>\n<p>Delantero: liso, rayas de 0,5 cm, rayas o cuadros de 2 cm \/ Espalda: lisa<\/p>\n<p>Dimensiones de la funda n\u00f3rdica :<br \/>\n140&#215;200, 160&#215;210, 240&#215;220, 260&#215;240, 280&#215;240<\/p>\n<p>Acabado de la chapa :<br \/>\n&#8211; Forma de bolsa de ancho completo en la parte inferior<br \/>\n&#8211; manos a la cabeza<br \/>\n&#8211; overlock blanco todo alrededor<br \/>\n&#8211; overlock de color en el pie (colores de hilo seg\u00fan el tama\u00f1o: 140&#215;200: rojo, 160&#215;210: azul, 240&#215;220: naranja, 260&#215;240: verde, 280&#215;240: gris)<\/p>\n","protected":false},"excerpt":{"rendered":"<p>Lavar a m\u00e1quina a 95\u00b0.<br \/>\nProhibidos el cloro y los agentes blanqueadores<br \/>\nSecado en secadora a 80\u00b0 C<br \/>\nPlanchado a una temperatura m\u00e1xima de 200\u00b0C<br \/>\nProhibida la limpieza en seco<\/p>\n<p><span class=\"ginetex\">  2 o a v U  <\/span><\/p>\n","protected":false},"featured_media":30625,"template":"","meta":{"_acf_changed":false},"label":[],"product_brand":[],"product_cat":[2813],"product_tag":[],"gamme":[1784],"matiere":[1625],"class_list":{"0":"post-53052","1":"product","2":"type-product","3":"status-publish","4":"has-post-thumbnail","6":"product_cat-funda-nordica","7":"pa_couleur-blanco-liso","8":"pa_couleur-cheque-blanco","9":"pa_couleur-rayas-blancas-05-cm","10":"pa_couleur-rayas-blancas-20-cm","11":"pa_dimensions-140-200-cm","12":"pa_dimensions-160-210-cm","13":"pa_dimensions-240-220-cm","14":"pa_dimensions-260-240-cm","15":"pa_dimensions-280-240-cm","16":"pa_grammage-135grs-m","17":"pa_matiere-80-algodon-20-poliester-es","18":"gamme-editorial","19":"matiere-polialgodon","21":"first","22":"instock","23":"taxable","24":"shipping-taxable","25":"purchasable","26":"product-type-variable"},"acf":[],"df_price":24.44,"df_sale_price":"","df_regular_price":24.44,"df_image_link":"https:\/\/www.linvosges-hotellerie.com\/wp-content\/uploads\/2023\/01\/Linge-de-lit-edito-hotel-professionnel-linvosges-hotellerie-300x300.jpg","_links":{"self":[{"href":"https:\/\/www.linvosges-hotellerie.com\/es\/wp-json\/wp\/v2\/product\/53052","targetHints":{"allow":["GET"]}}],"collection":[{"href":"https:\/\/www.linvosges-hotellerie.com\/es\/wp-json\/wp\/v2\/product"}],"about":[{"href":"https:\/\/www.linvosges-hotellerie.com\/es\/wp-json\/wp\/v2\/types\/product"}],"wp:featuredmedia":[{"embeddable":true,"href":"https:\/\/www.linvosges-hotellerie.com\/es\/wp-json\/wp\/v2\/media\/30625"}],"wp:attachment":[{"href":"https:\/\/www.linvosges-hotellerie.com\/es\/wp-json\/wp\/v2\/media?parent=53052"}],"wp:term":[{"taxonomy":"label","embeddable":true,"href":"https:\/\/www.linvosges-hotellerie.com\/es\/wp-json\/wp\/v2\/label?post=53052"},{"taxonomy":"product_brand","embeddable":true,"href":"https:\/\/www.linvosges-hotellerie.com\/es\/wp-json\/wp\/v2\/product_brand?post=53052"},{"taxonomy":"product_cat","embeddable":true,"href":"https:\/\/www.linvosges-hotellerie.com\/es\/wp-json\/wp\/v2\/product_cat?post=53052"},{"taxonomy":"product_tag","embeddable":true,"href":"https:\/\/www.linvosges-hotellerie.com\/es\/wp-json\/wp\/v2\/product_tag?post=53052"},{"taxonomy":"gamme","embeddable":true,"href":"https:\/\/www.linvosges-hotellerie.com\/es\/wp-json\/wp\/v2\/gamme?post=53052"},{"taxonomy":"matiere","embeddable":true,"href":"https:\/\/www.linvosges-hotellerie.com\/es\/wp-json\/wp\/v2\/matiere?post=53052"}],"curies":[{"name":"wp","href":"https:\/\/api.w.org\/{rel}","templated":true}]}}