{"id":53223,"date":"2023-08-25T15:00:53","date_gmt":"2023-08-25T13:00:53","guid":{"rendered":"https:\/\/www.linvosges-hotellerie.com\/sin categor\u00eda\/funda-nordica-anais-marfil\/"},"modified":"2023-08-25T15:00:53","modified_gmt":"2023-08-25T13:00:53","slug":"funda-nordica-anais-marfil","status":"publish","type":"product","link":"https:\/\/www.linvosges-hotellerie.com\/es\/salida-todo-al-50-descuento\/funda-nordica-anais-marfil\/","title":{"rendered":"Funda n\u00f3rdica Ana\u00efs marfil"},"content":{"rendered":"<p>Funda n\u00f3rdica de polialgod\u00f3n percal de 180 hilos. Su tejido de hilos largos y apretados lo hace muy resistente.<br \/>\nLa mezcla de algod\u00f3n y poli\u00e9ster facilita el cuidado de tu ropa, sec\u00e1ndola m\u00e1s r\u00e1pidamente y planch\u00e1ndola con m\u00e1s facilidad.<\/p>\n<p>Forma de bolsa + pasamuros<br \/>\nLos acabados de nuestras fundas n\u00f3rdicas est\u00e1n dise\u00f1ados para un uso profesional. El dise\u00f1o de bolsa abierta de ancho completo y los 2 lazos para las manos en la cabeza facilitan su colocaci\u00f3n. Las 2 caras est\u00e1n unidas por un overlock de bourdon blanco en los laterales y la cabeza para cumplir los requisitos de cuidado de la ropa, sobre todo al pasar por una mangadora. Un sobrehilado de bourdon de color en el pie facilita la identificaci\u00f3n de la parte inferior de la funda y la distinci\u00f3n entre los distintos tama\u00f1os.<\/p>\n<p>Existencias limitadas<\/p>\n","protected":false},"excerpt":{"rendered":"<p>Lavar a m\u00e1quina a 95\u00b0.<br \/>\nPosible blanqueamiento<br \/>\nSecar en secadora a 60\u00b0.<br \/>\nPlancha a una temperatura m\u00e1xima de 150\u00b0.<br \/>\nProhibida la limpieza en seco<\/p>\n<p><span class=\"ginetex\">  2 u s b U  <\/span><\/p>\n","protected":false},"featured_media":30671,"template":"","meta":{"_acf_changed":false},"label":[],"product_brand":[],"product_cat":[1537],"product_tag":[],"gamme":[1624],"matiere":[1625],"class_list":{"0":"post-53223","1":"product","2":"type-product","3":"status-publish","4":"has-post-thumbnail","6":"product_cat-salida-todo-al-50-descuento","7":"pa_couleur-marfil","8":"pa_dimensions-240-220-cm","9":"pa_dimensions-260-240-cm","10":"pa_grammage-110grs-m","11":"pa_matiere-50-algodon-50-poliester","12":"gamme-anais-es","13":"matiere-polialgodon","15":"first","16":"outofstock","17":"taxable","18":"shipping-taxable","19":"purchasable","20":"product-type-variable"},"acf":[],"df_price":21.89,"df_sale_price":"","df_regular_price":21.89,"df_image_link":"https:\/\/www.linvosges-hotellerie.com\/wp-content\/uploads\/2023\/08\/ANAIS-IVOIRE-1-300x300.png","_links":{"self":[{"href":"https:\/\/www.linvosges-hotellerie.com\/es\/wp-json\/wp\/v2\/product\/53223","targetHints":{"allow":["GET"]}}],"collection":[{"href":"https:\/\/www.linvosges-hotellerie.com\/es\/wp-json\/wp\/v2\/product"}],"about":[{"href":"https:\/\/www.linvosges-hotellerie.com\/es\/wp-json\/wp\/v2\/types\/product"}],"wp:featuredmedia":[{"embeddable":true,"href":"https:\/\/www.linvosges-hotellerie.com\/es\/wp-json\/wp\/v2\/media\/30671"}],"wp:attachment":[{"href":"https:\/\/www.linvosges-hotellerie.com\/es\/wp-json\/wp\/v2\/media?parent=53223"}],"wp:term":[{"taxonomy":"label","embeddable":true,"href":"https:\/\/www.linvosges-hotellerie.com\/es\/wp-json\/wp\/v2\/label?post=53223"},{"taxonomy":"product_brand","embeddable":true,"href":"https:\/\/www.linvosges-hotellerie.com\/es\/wp-json\/wp\/v2\/product_brand?post=53223"},{"taxonomy":"product_cat","embeddable":true,"href":"https:\/\/www.linvosges-hotellerie.com\/es\/wp-json\/wp\/v2\/product_cat?post=53223"},{"taxonomy":"product_tag","embeddable":true,"href":"https:\/\/www.linvosges-hotellerie.com\/es\/wp-json\/wp\/v2\/product_tag?post=53223"},{"taxonomy":"gamme","embeddable":true,"href":"https:\/\/www.linvosges-hotellerie.com\/es\/wp-json\/wp\/v2\/gamme?post=53223"},{"taxonomy":"matiere","embeddable":true,"href":"https:\/\/www.linvosges-hotellerie.com\/es\/wp-json\/wp\/v2\/matiere?post=53223"}],"curies":[{"name":"wp","href":"https:\/\/api.w.org\/{rel}","templated":true}]}}