{"id":53267,"date":"2023-09-17T21:27:44","date_gmt":"2023-09-17T19:27:44","guid":{"rendered":"https:\/\/www.linvosges-hotellerie.com\/sin categor\u00eda\/edredon-nordico-de-invierno-linvosges-450gsm\/"},"modified":"2023-09-17T21:27:44","modified_gmt":"2023-09-17T19:27:44","slug":"edredon-nordico-de-invierno-linvosges-450gsm","status":"publish","type":"product","link":"https:\/\/www.linvosges-hotellerie.com\/es\/salida-todo-al-50-descuento\/edredon-nordico-de-invierno-linvosges-450gsm\/","title":{"rendered":"Edred\u00f3n n\u00f3rdico de invierno Linvosges 450gsm"},"content":{"rendered":"<p>Este c\u00e1lido edred\u00f3n de 450 gsm es ideal para el invierno.<\/p>\n<p>Funda de algod\u00f3n anti\u00e1caros con principios activos PRONEEM 100% naturales<\/p>\n<p>Relleno de fibra hueca de poli\u00e9ster 100% siliconada<\/p>\n<p>Costura ondulada para una sujeci\u00f3n firme del relleno<\/p>\n<p>Acabado sesgado en todo el contorno<\/p>\n","protected":false},"excerpt":{"rendered":"<p>Lavar a m\u00e1quina a 40\u00b0.<br \/>\nProhibidos el cloro y los agentes blanqueadores<br \/>\nSecar en secadora a 60\u00b0.<br \/>\nNo planchar<br \/>\nProhibida la limpieza en seco<br \/>\n<span class=\"ginetex\">8 o s m U  <\/span><\/p>\n","protected":false},"featured_media":53269,"template":"","meta":{"_acf_changed":false},"label":[],"product_brand":[],"product_cat":[1537],"product_tag":[],"gamme":[2867],"matiere":[1524,1758],"class_list":{"0":"post-53267","1":"product","2":"type-product","3":"status-publish","4":"has-post-thumbnail","6":"product_cat-salida-todo-al-50-descuento","7":"pa_couleur-blanco","8":"pa_dimensions-160-210-cm","9":"pa_dimensions-240-220-cm","10":"pa_dimensions-260-240-cm","11":"pa_grammage-450grs-m","12":"gamme-linvosges-es","13":"matiere-algodon","14":"matiere-poliester","16":"first","17":"outofstock","18":"sale","19":"taxable","20":"shipping-taxable","21":"purchasable","22":"product-type-variable","23":"has-default-attributes"},"acf":[],"df_price":28.33,"df_sale_price":"","df_regular_price":28.33,"df_image_link":"https:\/\/www.linvosges-hotellerie.com\/wp-content\/uploads\/2023\/09\/couette-synthetique-linvosges-hiver-450g-m2-300x300.jpg","_links":{"self":[{"href":"https:\/\/www.linvosges-hotellerie.com\/es\/wp-json\/wp\/v2\/product\/53267","targetHints":{"allow":["GET"]}}],"collection":[{"href":"https:\/\/www.linvosges-hotellerie.com\/es\/wp-json\/wp\/v2\/product"}],"about":[{"href":"https:\/\/www.linvosges-hotellerie.com\/es\/wp-json\/wp\/v2\/types\/product"}],"wp:featuredmedia":[{"embeddable":true,"href":"https:\/\/www.linvosges-hotellerie.com\/es\/wp-json\/wp\/v2\/media\/53269"}],"wp:attachment":[{"href":"https:\/\/www.linvosges-hotellerie.com\/es\/wp-json\/wp\/v2\/media?parent=53267"}],"wp:term":[{"taxonomy":"label","embeddable":true,"href":"https:\/\/www.linvosges-hotellerie.com\/es\/wp-json\/wp\/v2\/label?post=53267"},{"taxonomy":"product_brand","embeddable":true,"href":"https:\/\/www.linvosges-hotellerie.com\/es\/wp-json\/wp\/v2\/product_brand?post=53267"},{"taxonomy":"product_cat","embeddable":true,"href":"https:\/\/www.linvosges-hotellerie.com\/es\/wp-json\/wp\/v2\/product_cat?post=53267"},{"taxonomy":"product_tag","embeddable":true,"href":"https:\/\/www.linvosges-hotellerie.com\/es\/wp-json\/wp\/v2\/product_tag?post=53267"},{"taxonomy":"gamme","embeddable":true,"href":"https:\/\/www.linvosges-hotellerie.com\/es\/wp-json\/wp\/v2\/gamme?post=53267"},{"taxonomy":"matiere","embeddable":true,"href":"https:\/\/www.linvosges-hotellerie.com\/es\/wp-json\/wp\/v2\/matiere?post=53267"}],"curies":[{"name":"wp","href":"https:\/\/api.w.org\/{rel}","templated":true}]}}