{"id":53287,"date":"2023-09-19T13:44:00","date_gmt":"2023-09-19T11:44:00","guid":{"rendered":"https:\/\/www.linvosges-hotellerie.com\/sin categor\u00eda\/funda-nordica-brunate-2\/"},"modified":"2023-09-19T13:44:00","modified_gmt":"2023-09-19T11:44:00","slug":"funda-nordica-brunate-2","status":"publish","type":"product","link":"https:\/\/www.linvosges-hotellerie.com\/es\/salida-todo-al-50-descuento\/funda-nordica-brunate-2\/","title":{"rendered":"Funda n\u00f3rdica Brunate"},"content":{"rendered":"<p>Confeccionadas con sat\u00e9n de algod\u00f3n puro de 105 g\/m\u00b2, las fundas n\u00f3rdicas Brunate son muy agradables al tacto, al tiempo que satisfacen las necesidades de los profesionales.<\/p>\n<p>Overlock de <strong>color cobre<\/strong> en el pie para la talla <strong>140&#215;240 <\/strong>cm<\/p>\n<p>Overlock <strong>azul<\/strong> en el pie para la talla <strong>180&#215;220 <\/strong>cm<\/p>\n<p>Overlock<strong> blanco<\/strong> para tama\u00f1o <strong>180x240cm<\/strong><\/p>\n<p>Overlock <strong>naranja<\/strong> en el pie para la talla <strong>270&#215;280 <\/strong>cm<\/p>\n<p>Overlock <strong>gris topo<\/strong> para tama\u00f1o <strong>290&#215;280 <\/strong>cm<\/p>\n<p>Existencias limitadas<\/p>\n","protected":false},"excerpt":{"rendered":"<p>Lavar a m\u00e1quina a 60\u00b0.<br \/>\nPosible blanqueamiento<br \/>\nSecar en secadora a 60\u00b0.<br \/>\nPlanchado a una temperatura m\u00e1xima de 200\u00b0C<br \/>\nProhibida la limpieza en seco<\/p>\n<p><span class=\"ginetex\">  4 u s v U  <\/span><\/p>\n","protected":false},"featured_media":29985,"template":"","meta":{"_acf_changed":false},"label":[],"product_brand":[],"product_cat":[1537],"product_tag":[],"gamme":[1728],"matiere":[1524],"class_list":{"0":"post-53287","1":"product","2":"type-product","3":"status-publish","4":"has-post-thumbnail","6":"product_cat-salida-todo-al-50-descuento","7":"pa_couleur-blanco","8":"pa_dimensions-140x240-cm","9":"pa_dimensions-180-220-cm","10":"pa_dimensions-180x240-cm","11":"pa_dimensions-270x280-cm","12":"pa_dimensions-290x280-cm","13":"pa_matiere-100-algodon","14":"gamme-brunate-es","15":"matiere-algodon","17":"first","18":"outofstock","19":"taxable","20":"shipping-taxable","21":"product-type-variable"},"acf":[],"df_price":"","df_sale_price":"","df_regular_price":"","df_image_link":"https:\/\/www.linvosges-hotellerie.com\/wp-content\/uploads\/2020\/12\/linge-de-lit-satin-brunate-coton-105-grs-m2-hotel-professionnel-linvosges-hotellerie-4-300x300.jpg","_links":{"self":[{"href":"https:\/\/www.linvosges-hotellerie.com\/es\/wp-json\/wp\/v2\/product\/53287","targetHints":{"allow":["GET"]}}],"collection":[{"href":"https:\/\/www.linvosges-hotellerie.com\/es\/wp-json\/wp\/v2\/product"}],"about":[{"href":"https:\/\/www.linvosges-hotellerie.com\/es\/wp-json\/wp\/v2\/types\/product"}],"wp:featuredmedia":[{"embeddable":true,"href":"https:\/\/www.linvosges-hotellerie.com\/es\/wp-json\/wp\/v2\/media\/29985"}],"wp:attachment":[{"href":"https:\/\/www.linvosges-hotellerie.com\/es\/wp-json\/wp\/v2\/media?parent=53287"}],"wp:term":[{"taxonomy":"label","embeddable":true,"href":"https:\/\/www.linvosges-hotellerie.com\/es\/wp-json\/wp\/v2\/label?post=53287"},{"taxonomy":"product_brand","embeddable":true,"href":"https:\/\/www.linvosges-hotellerie.com\/es\/wp-json\/wp\/v2\/product_brand?post=53287"},{"taxonomy":"product_cat","embeddable":true,"href":"https:\/\/www.linvosges-hotellerie.com\/es\/wp-json\/wp\/v2\/product_cat?post=53287"},{"taxonomy":"product_tag","embeddable":true,"href":"https:\/\/www.linvosges-hotellerie.com\/es\/wp-json\/wp\/v2\/product_tag?post=53287"},{"taxonomy":"gamme","embeddable":true,"href":"https:\/\/www.linvosges-hotellerie.com\/es\/wp-json\/wp\/v2\/gamme?post=53287"},{"taxonomy":"matiere","embeddable":true,"href":"https:\/\/www.linvosges-hotellerie.com\/es\/wp-json\/wp\/v2\/matiere?post=53287"}],"curies":[{"name":"wp","href":"https:\/\/api.w.org\/{rel}","templated":true}]}}