{"id":53371,"date":"2023-09-22T15:33:43","date_gmt":"2023-09-22T13:33:43","guid":{"rendered":"https:\/\/www.linvosges-hotellerie.com\/sin categor\u00eda\/sabana-bajera-de-algodon-recubierta-de-softimper\/"},"modified":"2026-05-13T00:06:23","modified_gmt":"2026-05-12T22:06:23","slug":"sabana-bajera-de-algodon-recubierta-de-softimper","status":"publish","type":"product","link":"https:\/\/www.linvosges-hotellerie.com\/es\/ropa-de-cama-es\/portada-es\/sabana-bajera-de-algodon-recubierta-de-softimper\/","title":{"rendered":"S\u00e1bana bajera de algod\u00f3n recubierta de Softimper"},"content":{"rendered":"<p>Esta s\u00e1bana de rizo de algod\u00f3n cepillado es totalmente impermeable gracias a su revestimiento de poliuretano. Esta protecci\u00f3n tambi\u00e9n es transpirable y silenciosa para una excelente comodidad al dormir.<\/p>\n<p>Forma de tapa de sombrero de 30 cm o 35 cm<\/p>\n<p>Forma de la bandeja<\/p>\n","protected":false},"excerpt":{"rendered":"<p>Lavar a m\u00e1quina a 60\u00b0.<br \/>\nProhibidos el cloro y los agentes blanqueadores<br \/>\nNo secar en secadora<br \/>\nPlanchado a una temperatura m\u00e1xima de 110\u00b0, sin vapor<br \/>\nProhibida la limpieza en seco<br \/>\n<span class=\"ginetex\">  4 o d n U  <\/span><\/p>\n","protected":false},"featured_media":53373,"template":"","meta":{"_acf_changed":false},"label":[],"product_brand":[],"product_cat":[2272,2876,2382],"product_tag":[],"gamme":[2360],"matiere":[1524,2362],"class_list":{"0":"post-53371","1":"product","2":"type-product","3":"status-publish","4":"has-post-thumbnail","6":"product_cat-consejos-de-expertos","7":"product_cat-portada-es","8":"product_cat-ropa-de-cama-es","9":"pa_couleur-blanco","10":"pa_dimensions-100-200-cm","11":"pa_dimensions-140-190-cm","12":"pa_dimensions-140-200-cm","13":"pa_dimensions-160-200-cm","14":"pa_dimensions-180x200-cm","15":"pa_dimensions-200-200-cm","16":"pa_dimensions-80-190-cm","17":"pa_dimensions-80-200-cm","18":"pa_dimensions-90-190-cm","19":"pa_dimensions-90-200-cm","20":"pa_forme-forma-de-la-bandeja","21":"pa_grammage-200grs-m","22":"pa_matiere-rizo-de-algodon-100-con-revestimiento-de-poliuretano","23":"gamme-softimper-es","24":"matiere-algodon","25":"matiere-poliuretano","27":"first","28":"instock","29":"taxable","30":"shipping-taxable","31":"purchasable","32":"product-type-variable","33":"has-default-attributes"},"acf":[],"df_price":18,"df_sale_price":"","df_regular_price":18,"df_image_link":"https:\/\/www.linvosges-hotellerie.com\/wp-content\/uploads\/2020\/12\/alese-softimper-coton-enduit-200-grs-m2-hotel-professionnel-linvosges-hotellerie-300x300.jpg","_links":{"self":[{"href":"https:\/\/www.linvosges-hotellerie.com\/es\/wp-json\/wp\/v2\/product\/53371","targetHints":{"allow":["GET"]}}],"collection":[{"href":"https:\/\/www.linvosges-hotellerie.com\/es\/wp-json\/wp\/v2\/product"}],"about":[{"href":"https:\/\/www.linvosges-hotellerie.com\/es\/wp-json\/wp\/v2\/types\/product"}],"wp:featuredmedia":[{"embeddable":true,"href":"https:\/\/www.linvosges-hotellerie.com\/es\/wp-json\/wp\/v2\/media\/53373"}],"wp:attachment":[{"href":"https:\/\/www.linvosges-hotellerie.com\/es\/wp-json\/wp\/v2\/media?parent=53371"}],"wp:term":[{"taxonomy":"label","embeddable":true,"href":"https:\/\/www.linvosges-hotellerie.com\/es\/wp-json\/wp\/v2\/label?post=53371"},{"taxonomy":"product_brand","embeddable":true,"href":"https:\/\/www.linvosges-hotellerie.com\/es\/wp-json\/wp\/v2\/product_brand?post=53371"},{"taxonomy":"product_cat","embeddable":true,"href":"https:\/\/www.linvosges-hotellerie.com\/es\/wp-json\/wp\/v2\/product_cat?post=53371"},{"taxonomy":"product_tag","embeddable":true,"href":"https:\/\/www.linvosges-hotellerie.com\/es\/wp-json\/wp\/v2\/product_tag?post=53371"},{"taxonomy":"gamme","embeddable":true,"href":"https:\/\/www.linvosges-hotellerie.com\/es\/wp-json\/wp\/v2\/gamme?post=53371"},{"taxonomy":"matiere","embeddable":true,"href":"https:\/\/www.linvosges-hotellerie.com\/es\/wp-json\/wp\/v2\/matiere?post=53371"}],"curies":[{"name":"wp","href":"https:\/\/api.w.org\/{rel}","templated":true}]}}