{"id":53499,"date":"2023-12-06T13:26:24","date_gmt":"2023-12-06T12:26:24","guid":{"rendered":"https:\/\/www.linvosges-hotellerie.com\/sin categor\u00eda\/funda-nordica-ecume-cheminee\/"},"modified":"2023-12-06T13:26:24","modified_gmt":"2023-12-06T12:26:24","slug":"funda-nordica-ecume-cheminee","status":"publish","type":"product","link":"https:\/\/www.linvosges-hotellerie.com\/es\/salida-todo-al-50-descuento\/funda-nordica-ecume-cheminee\/","title":{"rendered":"Funda n\u00f3rdica \u00c9cume chemin\u00e9e"},"content":{"rendered":"<p>Funda n\u00f3rdica 1 cara seersucker x 1 cara percal. El tejido en relieve aporta un toque de originalidad y sobriedad a esta gama de percal de 200 hilos. El seersucker es el resultado de una t\u00e9cnica de tejido en la que se aplican diferentes tensiones para producir un tejido que es a la vez liso en la parte inferior y con relieve en la superficie. Este relieve hace que el tejido sea transpirable y ligero, de ah\u00ed el nombre de nuestra gama Ecume. Otra ventaja es que no requiere planchado.<br \/>\nMaterial noble por excelencia, la fibra de algod\u00f3n es naturalmente c\u00f3moda y resistente.<\/p>\n<p>Acabado en forma de chimenea + ojal<\/p>\n","protected":false},"excerpt":{"rendered":"<p>Lavar a m\u00e1quina a 60\u00b0.<br \/>\nProhibidos el cloro y los agentes blanqueadores<br \/>\nSecar en secadora a 60\u00b0.<br \/>\nPlancha a una temperatura m\u00e1xima de 150\u00b0.<br \/>\nProhibida la limpieza en seco<\/p>\n<p><span class=\"ginetex\">  4 o s b U  <\/span><\/p>\n","protected":false},"featured_media":29930,"template":"","meta":{"_acf_changed":false},"label":[],"product_brand":[],"product_cat":[1537],"product_tag":[],"gamme":[1722],"matiere":[1524],"class_list":{"0":"post-53499","1":"product","2":"type-product","3":"status-publish","4":"has-post-thumbnail","6":"product_cat-salida-todo-al-50-descuento","7":"pa_couleur-blanco","8":"pa_dimensions-280-240-cm","9":"pa_grammage-120grs-m","10":"pa_matiere-100-algodon","11":"gamme-espuma","12":"matiere-algodon","14":"first","15":"outofstock","16":"taxable","17":"shipping-taxable","18":"product-type-variable","19":"has-default-attributes"},"acf":[],"df_price":"","df_sale_price":"","df_regular_price":"","df_image_link":"https:\/\/www.linvosges-hotellerie.com\/wp-content\/uploads\/2020\/12\/ligne-de-lit-percale-seersucker-ecume-coton-120-grs-m2-hotel-professionnel-linvosges-hotellerie-4-300x300.jpg","_links":{"self":[{"href":"https:\/\/www.linvosges-hotellerie.com\/es\/wp-json\/wp\/v2\/product\/53499","targetHints":{"allow":["GET"]}}],"collection":[{"href":"https:\/\/www.linvosges-hotellerie.com\/es\/wp-json\/wp\/v2\/product"}],"about":[{"href":"https:\/\/www.linvosges-hotellerie.com\/es\/wp-json\/wp\/v2\/types\/product"}],"wp:featuredmedia":[{"embeddable":true,"href":"https:\/\/www.linvosges-hotellerie.com\/es\/wp-json\/wp\/v2\/media\/29930"}],"wp:attachment":[{"href":"https:\/\/www.linvosges-hotellerie.com\/es\/wp-json\/wp\/v2\/media?parent=53499"}],"wp:term":[{"taxonomy":"label","embeddable":true,"href":"https:\/\/www.linvosges-hotellerie.com\/es\/wp-json\/wp\/v2\/label?post=53499"},{"taxonomy":"product_brand","embeddable":true,"href":"https:\/\/www.linvosges-hotellerie.com\/es\/wp-json\/wp\/v2\/product_brand?post=53499"},{"taxonomy":"product_cat","embeddable":true,"href":"https:\/\/www.linvosges-hotellerie.com\/es\/wp-json\/wp\/v2\/product_cat?post=53499"},{"taxonomy":"product_tag","embeddable":true,"href":"https:\/\/www.linvosges-hotellerie.com\/es\/wp-json\/wp\/v2\/product_tag?post=53499"},{"taxonomy":"gamme","embeddable":true,"href":"https:\/\/www.linvosges-hotellerie.com\/es\/wp-json\/wp\/v2\/gamme?post=53499"},{"taxonomy":"matiere","embeddable":true,"href":"https:\/\/www.linvosges-hotellerie.com\/es\/wp-json\/wp\/v2\/matiere?post=53499"}],"curies":[{"name":"wp","href":"https:\/\/api.w.org\/{rel}","templated":true}]}}