{"id":53523,"date":"2023-12-07T16:21:10","date_gmt":"2023-12-07T15:21:10","guid":{"rendered":"https:\/\/www.linvosges-hotellerie.com\/sin categor\u00eda\/colchon-comtesse\/"},"modified":"2023-12-07T16:21:10","modified_gmt":"2023-12-07T15:21:10","slug":"colchon-comtesse","status":"publish","type":"product","link":"https:\/\/www.linvosges-hotellerie.com\/es\/ropa-de-cama-es\/colchones\/colchon-comtesse\/","title":{"rendered":"Colch\u00f3n Comtesse"},"content":{"rendered":"<p>El colch\u00f3n Comtesse, dise\u00f1ado para hoteles de 3 y 4 estrellas, est\u00e1 compuesto por muelles ensacados con un revestimiento de espuma. Las curvas del cuerpo se absorben perfectamente gracias a los muelles envueltos individualmente. Adem\u00e1s, permiten que el aire circule de forma natural, regulando los niveles de temperatura y humedad para un confort digno de los grandes hoteles. Por \u00faltimo, la firmeza del colch\u00f3n garantiza un apoyo \u00f3ptimo del cuerpo.<\/p>\n<p><strong>DESTACADOS :<\/strong><\/p>\n<ul>\n<li><strong>Ergonom\u00eda:<\/strong> Los muelles de bolsillo se adaptan a todas las formas del cuerpo, mejorando la circulaci\u00f3n sangu\u00ednea y reduciendo el dolor de espalda y de articulaciones.<\/li>\n<li><strong>Menos despertares nocturnos:<\/strong> los muelles ensacados absorben los movimientos, para que duermas menos alterado y, por tanto, m\u00e1s profundamente<\/li>\n<li><strong>Comodidad<\/strong> bien equilibrada<strong>:<\/strong> la acogida bien equilibrada y el soporte firme del colch\u00f3n garantizan un excelente apoyo del cuerpo, sobre todo para la columna vertebral.<\/li>\n<li><strong>Ventilaci\u00f3n optimizada:<\/strong> El colch\u00f3n est\u00e1 muy bien ventilado, lo que garantiza una mejor higiene y una mayor duraci\u00f3n de tu ropa de cama.<\/li>\n<li><strong>Higiene:<\/strong> Los muelles ensacados proporcionan al colch\u00f3n una ventilaci\u00f3n excelente, garantizando una cama m\u00e1s sana cada d\u00eda y con el paso del tiempo.<\/li>\n<\/ul>\n<p><strong>CARACTER\u00cdSTICAS :<\/strong><\/p>\n<ul>\n<li><strong>Grosor del colch\u00f3n:<\/strong> 24 cm<\/li>\n<li><strong>Tecnolog\u00eda :<\/strong> Muelles de bolsillo<\/li>\n<li><strong>Inicio :<\/strong> Equilibrado<\/li>\n<li><strong>Soporte:<\/strong> Firme &#8211; 4\/5<\/li>\n<li><strong>Independencia para dormir:<\/strong> Muy buena<\/li>\n<li><strong>Ventilaci\u00f3n:<\/strong> Excelente<\/li>\n<li><strong>Fabricaci\u00f3n :<\/strong> Made in France<\/li>\n<li><strong>Fundas extra\u00edbles :<\/strong> S\u00ed<\/li>\n<li><strong>Embalaje :<\/strong> Enrollado o plano<\/li>\n<li><strong>Garant\u00eda:<\/strong> 10 a\u00f1os<\/li>\n<\/ul>\n<p>&nbsp;<\/p>\n","protected":false},"excerpt":{"rendered":"<p><strong>COMPOSICI\u00d3N :<\/strong><\/p>\n<ul>\n<li><strong>N\u00facleo interior del colch\u00f3n:<\/strong> 18 cm de muelles ensacados, es decir, 850 muelles ensacados (sobre la base de un colch\u00f3n de 160&#215;200 cm) + 2 cm de espuma de poli\u00e9ter con una densidad de 25 kg\/m3 por encima y por debajo. El armaz\u00f3n reforzado perimetralmente proporciona un excelente apoyo al sentarse y elimina el riesgo de pandeo.<\/li>\n<\/ul>\n<ul>\n<li><strong>Ticking y tapicer\u00eda :<\/strong><\/li>\n<\/ul>\n<ul>\n<li>Tejido el\u00e1stico de 320 gr\/m\u00b2 + bordado central &#8220;la ling\u00e8re<\/li>\n<li>Espuma hipersuave de 16 mm + fibra de poli\u00e9ster siliconada de 500 g<\/li>\n<li>Trenza blanca<\/li>\n<li>Revestimiento antideslizante en la parte inferior<\/li>\n<li>4 asas giratorias para facilitar su manejo<\/li>\n<li>Etiqueta &#8220;Linvosges By Bellecour &#8211; made in France<\/li>\n<\/ul>\n","protected":false},"featured_media":63219,"template":"","meta":{"_acf_changed":false},"label":[],"product_brand":[],"product_cat":[2892,2382],"product_tag":[],"gamme":[2891],"matiere":[],"class_list":{"0":"post-53523","1":"product","2":"type-product","3":"status-publish","4":"has-post-thumbnail","6":"product_cat-colchones","7":"product_cat-ropa-de-cama-es","8":"pa_dimensions-140-190-cm","9":"pa_dimensions-140-200-cm","10":"pa_dimensions-160-200-cm","11":"pa_dimensions-180x200-cm","12":"pa_dimensions-90-190-cm","13":"pa_dimensions-90-200-cm","14":"gamme-condesa","16":"first","17":"instock","18":"taxable","19":"shipping-taxable","20":"purchasable","21":"product-type-variable"},"acf":[],"df_price":"","df_sale_price":"","df_regular_price":"","df_image_link":"https:\/\/www.linvosges-hotellerie.com\/wp-content\/uploads\/2023\/12\/MATELAS-COMTESSE-300x300.jpg","_links":{"self":[{"href":"https:\/\/www.linvosges-hotellerie.com\/es\/wp-json\/wp\/v2\/product\/53523","targetHints":{"allow":["GET"]}}],"collection":[{"href":"https:\/\/www.linvosges-hotellerie.com\/es\/wp-json\/wp\/v2\/product"}],"about":[{"href":"https:\/\/www.linvosges-hotellerie.com\/es\/wp-json\/wp\/v2\/types\/product"}],"wp:featuredmedia":[{"embeddable":true,"href":"https:\/\/www.linvosges-hotellerie.com\/es\/wp-json\/wp\/v2\/media\/63219"}],"wp:attachment":[{"href":"https:\/\/www.linvosges-hotellerie.com\/es\/wp-json\/wp\/v2\/media?parent=53523"}],"wp:term":[{"taxonomy":"label","embeddable":true,"href":"https:\/\/www.linvosges-hotellerie.com\/es\/wp-json\/wp\/v2\/label?post=53523"},{"taxonomy":"product_brand","embeddable":true,"href":"https:\/\/www.linvosges-hotellerie.com\/es\/wp-json\/wp\/v2\/product_brand?post=53523"},{"taxonomy":"product_cat","embeddable":true,"href":"https:\/\/www.linvosges-hotellerie.com\/es\/wp-json\/wp\/v2\/product_cat?post=53523"},{"taxonomy":"product_tag","embeddable":true,"href":"https:\/\/www.linvosges-hotellerie.com\/es\/wp-json\/wp\/v2\/product_tag?post=53523"},{"taxonomy":"gamme","embeddable":true,"href":"https:\/\/www.linvosges-hotellerie.com\/es\/wp-json\/wp\/v2\/gamme?post=53523"},{"taxonomy":"matiere","embeddable":true,"href":"https:\/\/www.linvosges-hotellerie.com\/es\/wp-json\/wp\/v2\/matiere?post=53523"}],"curies":[{"name":"wp","href":"https:\/\/api.w.org\/{rel}","templated":true}]}}