{"id":53540,"date":"2020-11-27T12:47:40","date_gmt":"2020-11-27T11:47:40","guid":{"rendered":"https:\/\/www.linvosges-hotellerie.com\/sin categor\u00eda\/renovacion-impermeable-del-colchon-antipulgas\/"},"modified":"2026-05-08T00:04:02","modified_gmt":"2026-05-07T22:04:02","slug":"renovacion-impermeable-del-colchon-antipulgas","status":"publish","type":"product","link":"https:\/\/www.linvosges-hotellerie.com\/es\/ropa-de-cama-es\/portada-es\/renovacion-impermeable-del-colchon-antipulgas\/","title":{"rendered":"Renovaci\u00f3n impermeable del colch\u00f3n antipulgas"},"content":{"rendered":"<p>Una funda de colch\u00f3n completa para mantener alejados a los chinches y todo tipo de par\u00e1sitos. Impermeable y transpirable. Se coloca f\u00e1cil y r\u00e1pidamente con una cremallera en forma de U. Para colchones de 22 a 27 cm de grosor<\/p>\n","protected":false},"excerpt":{"rendered":"<p>Lavado a m\u00e1quina a 60\u00b0 delicado<br \/>\nProhibidos el cloro y los agentes blanqueadores<br \/>\nSecar en secadora a 60\u00b0.<br \/>\nNo planchar<br \/>\nProhibida la limpieza en seco<br \/>\n<span class=\"ginetex\">  4 o s m U  <\/span><\/p>\n","protected":false},"featured_media":53542,"template":"","meta":{"_acf_changed":false},"label":[],"product_brand":[],"product_cat":[2876,2382],"product_tag":[3290],"gamme":[2895],"matiere":[1758,2362],"class_list":{"0":"post-53540","1":"product","2":"type-product","3":"status-publish","4":"has-post-thumbnail","6":"product_cat-portada-es","7":"product_cat-ropa-de-cama-es","8":"product_tag-no-oekotex-es","9":"pa_couleur-blanco","10":"pa_dimensions-140-190-a-200-cm","11":"pa_dimensions-160-200-cm","12":"pa_dimensions-180x200-cm","13":"pa_dimensions-90-190-a-200-cm","14":"pa_grammage-99grs-m","15":"pa_matiere-interlock-100-poliester-con-membrana-100-poliuretano","16":"gamme-repelente-de-chinches","17":"matiere-poliester","18":"matiere-poliuretano","20":"first","21":"instock","22":"taxable","23":"shipping-taxable","24":"purchasable","25":"product-type-variable","26":"has-default-attributes"},"acf":[],"df_price":20.22,"df_sale_price":"","df_regular_price":20.22,"df_image_link":"https:\/\/www.linvosges-hotellerie.com\/wp-content\/uploads\/2020\/12\/renove-matelas-impermeable-anti-punaises-hotel-professionnel-linvosges-hotellerie-300x300.jpg","_links":{"self":[{"href":"https:\/\/www.linvosges-hotellerie.com\/es\/wp-json\/wp\/v2\/product\/53540","targetHints":{"allow":["GET"]}}],"collection":[{"href":"https:\/\/www.linvosges-hotellerie.com\/es\/wp-json\/wp\/v2\/product"}],"about":[{"href":"https:\/\/www.linvosges-hotellerie.com\/es\/wp-json\/wp\/v2\/types\/product"}],"wp:featuredmedia":[{"embeddable":true,"href":"https:\/\/www.linvosges-hotellerie.com\/es\/wp-json\/wp\/v2\/media\/53542"}],"wp:attachment":[{"href":"https:\/\/www.linvosges-hotellerie.com\/es\/wp-json\/wp\/v2\/media?parent=53540"}],"wp:term":[{"taxonomy":"label","embeddable":true,"href":"https:\/\/www.linvosges-hotellerie.com\/es\/wp-json\/wp\/v2\/label?post=53540"},{"taxonomy":"product_brand","embeddable":true,"href":"https:\/\/www.linvosges-hotellerie.com\/es\/wp-json\/wp\/v2\/product_brand?post=53540"},{"taxonomy":"product_cat","embeddable":true,"href":"https:\/\/www.linvosges-hotellerie.com\/es\/wp-json\/wp\/v2\/product_cat?post=53540"},{"taxonomy":"product_tag","embeddable":true,"href":"https:\/\/www.linvosges-hotellerie.com\/es\/wp-json\/wp\/v2\/product_tag?post=53540"},{"taxonomy":"gamme","embeddable":true,"href":"https:\/\/www.linvosges-hotellerie.com\/es\/wp-json\/wp\/v2\/gamme?post=53540"},{"taxonomy":"matiere","embeddable":true,"href":"https:\/\/www.linvosges-hotellerie.com\/es\/wp-json\/wp\/v2\/matiere?post=53540"}],"curies":[{"name":"wp","href":"https:\/\/api.w.org\/{rel}","templated":true}]}}