{"id":53581,"date":"2020-12-16T00:47:24","date_gmt":"2020-12-15T23:47:24","guid":{"rendered":"https:\/\/www.linvosges-hotellerie.com\/sin categor\u00eda\/albornoz-de-rizo-con-kimono-detente\/"},"modified":"2020-12-16T00:47:24","modified_gmt":"2020-12-15T23:47:24","slug":"albornoz-de-rizo-con-kimono-detente","status":"publish","type":"product","link":"https:\/\/www.linvosges-hotellerie.com\/es\/esponjas\/albornoz\/albornoz-de-rizo-con-kimono-detente\/","title":{"rendered":"Albornoz de rizo con kimono D\u00e9tente"},"content":{"rendered":"<p>Un suave y c\u00f3modo albornoz de rizo 100% algod\u00f3n. Tiene cuello kimono, 2 bolsillos inferiores, un lazo en el cuello y un cintur\u00f3n con trabillas.<br \/>\nUn accesorio esencial para proporcionar un confort adicional a tus clientes en tu cuarto de ba\u00f1o o zona de spa.<\/p>\n<p>Tallas: M, L, XL, XXL<\/p>\n","protected":false},"excerpt":{"rendered":"<p>Lavar a m\u00e1quina a 60\u00b0.<br \/>\nProhibidos el cloro y los agentes blanqueadores<br \/>\nSecar en secadora a 60\u00b0.<br \/>\nPlancha a una temperatura m\u00e1xima de 150\u00b0.<br \/>\nProhibida la limpieza en seco<\/p>\n<p><span class=\"ginetex\">  4 o s b U  <\/span><\/p>\n","protected":false},"featured_media":32261,"template":"","meta":{"_acf_changed":false},"label":[],"product_brand":[],"product_cat":[3159,2597,1571],"product_tag":[],"gamme":[1590],"matiere":[1524],"class_list":{"0":"post-53581","1":"product","2":"type-product","3":"status-publish","4":"has-post-thumbnail","6":"product_cat-400-g-m","7":"product_cat-albornoz","8":"product_cat-esponjas","9":"pa_couleur-blanco","10":"pa_dimensions-l","11":"pa_dimensions-m","12":"pa_dimensions-xl","13":"pa_dimensions-xxl","14":"pa_grammage-400grs-m","15":"pa_matiere-100-algodon","16":"gamme-relajacion","17":"matiere-algodon","19":"first","20":"instock","21":"taxable","22":"shipping-taxable","23":"purchasable","24":"product-type-variable","25":"has-default-attributes"},"acf":[],"df_price":48,"df_sale_price":"","df_regular_price":48,"df_image_link":"https:\/\/www.linvosges-hotellerie.com\/wp-content\/uploads\/2020\/12\/peignoir-kimono-detente-eponge-400-grs-m2-hotel-professionnel-linvosges-hotellerie-300x300.jpg","_links":{"self":[{"href":"https:\/\/www.linvosges-hotellerie.com\/es\/wp-json\/wp\/v2\/product\/53581","targetHints":{"allow":["GET"]}}],"collection":[{"href":"https:\/\/www.linvosges-hotellerie.com\/es\/wp-json\/wp\/v2\/product"}],"about":[{"href":"https:\/\/www.linvosges-hotellerie.com\/es\/wp-json\/wp\/v2\/types\/product"}],"wp:featuredmedia":[{"embeddable":true,"href":"https:\/\/www.linvosges-hotellerie.com\/es\/wp-json\/wp\/v2\/media\/32261"}],"wp:attachment":[{"href":"https:\/\/www.linvosges-hotellerie.com\/es\/wp-json\/wp\/v2\/media?parent=53581"}],"wp:term":[{"taxonomy":"label","embeddable":true,"href":"https:\/\/www.linvosges-hotellerie.com\/es\/wp-json\/wp\/v2\/label?post=53581"},{"taxonomy":"product_brand","embeddable":true,"href":"https:\/\/www.linvosges-hotellerie.com\/es\/wp-json\/wp\/v2\/product_brand?post=53581"},{"taxonomy":"product_cat","embeddable":true,"href":"https:\/\/www.linvosges-hotellerie.com\/es\/wp-json\/wp\/v2\/product_cat?post=53581"},{"taxonomy":"product_tag","embeddable":true,"href":"https:\/\/www.linvosges-hotellerie.com\/es\/wp-json\/wp\/v2\/product_tag?post=53581"},{"taxonomy":"gamme","embeddable":true,"href":"https:\/\/www.linvosges-hotellerie.com\/es\/wp-json\/wp\/v2\/gamme?post=53581"},{"taxonomy":"matiere","embeddable":true,"href":"https:\/\/www.linvosges-hotellerie.com\/es\/wp-json\/wp\/v2\/matiere?post=53581"}],"curies":[{"name":"wp","href":"https:\/\/api.w.org\/{rel}","templated":true}]}}