{"id":53906,"date":"2021-09-03T11:20:10","date_gmt":"2021-09-03T09:20:10","guid":{"rendered":"https:\/\/www.linvosges-hotellerie.com\/sin categor\u00eda\/pareo-spa-sweet-life\/"},"modified":"2026-04-01T03:33:20","modified_gmt":"2026-04-01T01:33:20","slug":"pareo-spa-sweet-life","status":"publish","type":"product","link":"https:\/\/www.linvosges-hotellerie.com\/es\/esponjas\/ropa-de-bano\/pareo-spa-sweet-life\/","title":{"rendered":"Pareo Spa Sweet life"},"content":{"rendered":"<p>Este pareo de bienestar est\u00e1 hecho de rizo de microfibra blanco. Es ligero y barato de lavar, y superabsorbente. Gracias a su composici\u00f3n de algod\u00f3n\/poli\u00e9ster, es de secado r\u00e1pido, por lo que es ideal para uso profesional.<br \/>\nAcabado del dobladillo superior e inferior de 3 cm, banda el\u00e1stica y velcro para sujetar el pecho o la cintura<\/p>\n","protected":false},"excerpt":{"rendered":"<p>Lavar a m\u00e1quina a 60\u00b0.<br \/>\nBlanqueo de capitales autorizado<br \/>\nSecar en secadora a 60\u00b0.<br \/>\nPlanchado a una temperatura m\u00e1xima de 110\u00b0 sin vapor<br \/>\nProhibida la limpieza en seco<\/p>\n<p><span class=\"ginetex\">  4 u s n U  <\/span><\/p>\n","protected":false},"featured_media":53911,"template":"","meta":{"_acf_changed":false},"label":[],"product_brand":[],"product_cat":[1571,1572,1762],"product_tag":[],"gamme":[1756],"matiere":[1524,1758],"class_list":{"0":"post-53906","1":"product","2":"type-product","3":"status-publish","4":"has-post-thumbnail","6":"product_cat-esponjas","7":"product_cat-ropa-de-bano","8":"product_cat-spa-y-piscina","9":"pa_couleur-blanco","10":"pa_dimensions-76x133-cm","11":"pa_grammage-350grs-m","12":"pa_matiere-55-algodon-45-poliester","13":"gamme-dulce-vida","14":"matiere-algodon","15":"matiere-poliester","17":"first","18":"instock","19":"sale","20":"taxable","21":"shipping-taxable","22":"purchasable","23":"product-type-variable","24":"has-default-attributes"},"acf":[],"df_price":12.18,"df_sale_price":"","df_regular_price":12.18,"df_image_link":"https:\/\/www.linvosges-hotellerie.com\/wp-content\/uploads\/2021\/09\/pareo-sweet-life-spa-piscine-hotel-professionnel-linvosges-hotellerie-2-300x300.jpg","_links":{"self":[{"href":"https:\/\/www.linvosges-hotellerie.com\/es\/wp-json\/wp\/v2\/product\/53906","targetHints":{"allow":["GET"]}}],"collection":[{"href":"https:\/\/www.linvosges-hotellerie.com\/es\/wp-json\/wp\/v2\/product"}],"about":[{"href":"https:\/\/www.linvosges-hotellerie.com\/es\/wp-json\/wp\/v2\/types\/product"}],"wp:featuredmedia":[{"embeddable":true,"href":"https:\/\/www.linvosges-hotellerie.com\/es\/wp-json\/wp\/v2\/media\/53911"}],"wp:attachment":[{"href":"https:\/\/www.linvosges-hotellerie.com\/es\/wp-json\/wp\/v2\/media?parent=53906"}],"wp:term":[{"taxonomy":"label","embeddable":true,"href":"https:\/\/www.linvosges-hotellerie.com\/es\/wp-json\/wp\/v2\/label?post=53906"},{"taxonomy":"product_brand","embeddable":true,"href":"https:\/\/www.linvosges-hotellerie.com\/es\/wp-json\/wp\/v2\/product_brand?post=53906"},{"taxonomy":"product_cat","embeddable":true,"href":"https:\/\/www.linvosges-hotellerie.com\/es\/wp-json\/wp\/v2\/product_cat?post=53906"},{"taxonomy":"product_tag","embeddable":true,"href":"https:\/\/www.linvosges-hotellerie.com\/es\/wp-json\/wp\/v2\/product_tag?post=53906"},{"taxonomy":"gamme","embeddable":true,"href":"https:\/\/www.linvosges-hotellerie.com\/es\/wp-json\/wp\/v2\/gamme?post=53906"},{"taxonomy":"matiere","embeddable":true,"href":"https:\/\/www.linvosges-hotellerie.com\/es\/wp-json\/wp\/v2\/matiere?post=53906"}],"curies":[{"name":"wp","href":"https:\/\/api.w.org\/{rel}","templated":true}]}}