{"id":53939,"date":"2021-09-25T17:51:23","date_gmt":"2021-09-25T15:51:23","guid":{"rendered":"https:\/\/www.linvosges-hotellerie.com\/sin categor\u00eda\/tweed-a-cuadros\/"},"modified":"2025-02-05T10:11:41","modified_gmt":"2025-02-05T09:11:41","slug":"tweed-a-cuadros","status":"publish","type":"product","link":"https:\/\/www.linvosges-hotellerie.com\/es\/decoracion\/lanza\/tweed-a-cuadros\/","title":{"rendered":"Tweed a cuadros"},"content":{"rendered":"<p class=\"p1\">C\u00e1lido y c\u00f3modo, este accesorio es imprescindible para las terrazas. Colocado sobre un sill\u00f3n o a los pies de la cama, se convierte en un elemento decorativo para un ambiente acogedor y chic.  <span class=\"Apple-converted-space\">  <\/span>Acabado con 2 dobladillos \/ 2 orillos con flecos.<\/p>\n","protected":false},"excerpt":{"rendered":"<p class=\"p1\">Lavado a m\u00e1quina a 30\u00b0 delicado<br \/>\nProhibidos el cloro y los agentes blanqueadores<br \/>\nSecar en secadora a 60\u00b0.<br \/>\nPlancha a una temperatura m\u00e1xima de 150\u00b0.<br \/>\nProductos autorizados para la limpieza en seco: Percloroetileno, Hidrocarburos<\/p>\n<p><span class=\"ginetex\">e o s b W  <\/span><\/p>\n","protected":false},"featured_media":53941,"template":"","meta":{"_acf_changed":false},"label":[],"product_brand":[],"product_cat":[2451,2937,1810],"product_tag":[3290],"gamme":[2955],"matiere":[2956],"class_list":{"0":"post-53939","1":"product","2":"type-product","3":"status-publish","4":"has-post-thumbnail","6":"product_cat-decoracion","7":"product_cat-lanza","8":"product_cat-te-encantara","9":"product_tag-no-oekotex-es","10":"pa_couleur-antracita","11":"pa_couleur-azul-pato","12":"pa_dimensions-130x150-cm","13":"pa_grammage-372grs-m","14":"pa_matiere-50-acrilico-25-poliester-20-lana-5-otras-fibras","15":"gamme-tweed-es","16":"matiere-acrilico","18":"first","19":"instock","20":"taxable","21":"shipping-taxable","22":"purchasable","23":"product-type-variable","24":"has-default-attributes"},"acf":[],"df_price":36.3,"df_sale_price":"","df_regular_price":36.3,"df_image_link":"https:\/\/www.linvosges-hotellerie.com\/wp-content\/uploads\/2021\/09\/plaid-tweed-hotel-professionnel-linvosges-hotellerie-300x300.png","_links":{"self":[{"href":"https:\/\/www.linvosges-hotellerie.com\/es\/wp-json\/wp\/v2\/product\/53939","targetHints":{"allow":["GET"]}}],"collection":[{"href":"https:\/\/www.linvosges-hotellerie.com\/es\/wp-json\/wp\/v2\/product"}],"about":[{"href":"https:\/\/www.linvosges-hotellerie.com\/es\/wp-json\/wp\/v2\/types\/product"}],"wp:featuredmedia":[{"embeddable":true,"href":"https:\/\/www.linvosges-hotellerie.com\/es\/wp-json\/wp\/v2\/media\/53941"}],"wp:attachment":[{"href":"https:\/\/www.linvosges-hotellerie.com\/es\/wp-json\/wp\/v2\/media?parent=53939"}],"wp:term":[{"taxonomy":"label","embeddable":true,"href":"https:\/\/www.linvosges-hotellerie.com\/es\/wp-json\/wp\/v2\/label?post=53939"},{"taxonomy":"product_brand","embeddable":true,"href":"https:\/\/www.linvosges-hotellerie.com\/es\/wp-json\/wp\/v2\/product_brand?post=53939"},{"taxonomy":"product_cat","embeddable":true,"href":"https:\/\/www.linvosges-hotellerie.com\/es\/wp-json\/wp\/v2\/product_cat?post=53939"},{"taxonomy":"product_tag","embeddable":true,"href":"https:\/\/www.linvosges-hotellerie.com\/es\/wp-json\/wp\/v2\/product_tag?post=53939"},{"taxonomy":"gamme","embeddable":true,"href":"https:\/\/www.linvosges-hotellerie.com\/es\/wp-json\/wp\/v2\/gamme?post=53939"},{"taxonomy":"matiere","embeddable":true,"href":"https:\/\/www.linvosges-hotellerie.com\/es\/wp-json\/wp\/v2\/matiere?post=53939"}],"curies":[{"name":"wp","href":"https:\/\/api.w.org\/{rel}","templated":true}]}}