{"id":53960,"date":"2022-11-16T16:38:23","date_gmt":"2022-11-16T15:38:23","guid":{"rendered":"https:\/\/www.linvosges-hotellerie.com\/sin categor\u00eda\/toalla-cupula\/"},"modified":"2026-02-01T10:32:35","modified_gmt":"2026-02-01T09:32:35","slug":"toalla-cupula","status":"publish","type":"product","link":"https:\/\/www.linvosges-hotellerie.com\/es\/toalla-de-bano\/toalla-cupula\/","title":{"rendered":"Toalla C\u00fapula"},"content":{"rendered":"<p>Compuesta por un n\u00facleo denso de 700 g\/m\u00b2 y unos laterales aireados de 360 g\/m\u00b2, esta toalla tejida con bucles de torsi\u00f3n cero resultar\u00e1 atractiva para lavander\u00edas y hoteleros que busquen mantener unas esponjas m\u00e1s ligeras a la vez que ofrecen a los usuarios comodidad y suavidad. La adici\u00f3n de lyocell, una fibra vegetal hecha de pulpa de madera, aumenta la absorbencia de la esponja, permitiendo que se seque m\u00e1s r\u00e1pidamente y proporcionando suavidad y turgencia.<\/p>\n","protected":false},"excerpt":{"rendered":"<p>Lavar a m\u00e1quina a 60\u00b0.<br \/>\nProhibidos el cloro y los agentes blanqueadores<br \/>\nSecar en secadora a 60\u00b0.<br \/>\nPlancha a una temperatura m\u00e1xima de 150\u00b0.<br \/>\nProductos autorizados para la limpieza en seco: Percloroetileno, Hidrocarburos<\/p>\n<p><span class=\"ginetex\">  4 o s b W  <\/span><\/p>\n","protected":false},"featured_media":30446,"template":"","meta":{"_acf_changed":false},"label":[],"product_brand":[],"product_cat":[2934],"product_tag":[],"gamme":[1775],"matiere":[1524,1776],"class_list":{"0":"post-53960","1":"product","2":"type-product","3":"status-publish","4":"has-post-thumbnail","6":"product_cat-toalla-de-bano","7":"pa_couleur-blanco","8":"pa_dimensions-50x100-cm","9":"pa_grammage-700-grs-m","10":"pa_matiere-70-algodon-30-lyocell","11":"gamme-cupula","12":"matiere-algodon","13":"matiere-lyocell-es","15":"first","16":"instock","17":"taxable","18":"shipping-taxable","19":"purchasable","20":"product-type-variable","21":"has-default-attributes"},"acf":[],"df_price":7.9,"df_sale_price":"","df_regular_price":7.9,"df_image_link":"https:\/\/www.linvosges-hotellerie.com\/wp-content\/uploads\/2022\/11\/linge-de-bain-dome-hotel-professionnel-linvosges-hotellerie-300x300.jpg","_links":{"self":[{"href":"https:\/\/www.linvosges-hotellerie.com\/es\/wp-json\/wp\/v2\/product\/53960","targetHints":{"allow":["GET"]}}],"collection":[{"href":"https:\/\/www.linvosges-hotellerie.com\/es\/wp-json\/wp\/v2\/product"}],"about":[{"href":"https:\/\/www.linvosges-hotellerie.com\/es\/wp-json\/wp\/v2\/types\/product"}],"wp:featuredmedia":[{"embeddable":true,"href":"https:\/\/www.linvosges-hotellerie.com\/es\/wp-json\/wp\/v2\/media\/30446"}],"wp:attachment":[{"href":"https:\/\/www.linvosges-hotellerie.com\/es\/wp-json\/wp\/v2\/media?parent=53960"}],"wp:term":[{"taxonomy":"label","embeddable":true,"href":"https:\/\/www.linvosges-hotellerie.com\/es\/wp-json\/wp\/v2\/label?post=53960"},{"taxonomy":"product_brand","embeddable":true,"href":"https:\/\/www.linvosges-hotellerie.com\/es\/wp-json\/wp\/v2\/product_brand?post=53960"},{"taxonomy":"product_cat","embeddable":true,"href":"https:\/\/www.linvosges-hotellerie.com\/es\/wp-json\/wp\/v2\/product_cat?post=53960"},{"taxonomy":"product_tag","embeddable":true,"href":"https:\/\/www.linvosges-hotellerie.com\/es\/wp-json\/wp\/v2\/product_tag?post=53960"},{"taxonomy":"gamme","embeddable":true,"href":"https:\/\/www.linvosges-hotellerie.com\/es\/wp-json\/wp\/v2\/gamme?post=53960"},{"taxonomy":"matiere","embeddable":true,"href":"https:\/\/www.linvosges-hotellerie.com\/es\/wp-json\/wp\/v2\/matiere?post=53960"}],"curies":[{"name":"wp","href":"https:\/\/api.w.org\/{rel}","templated":true}]}}