{"id":53989,"date":"2023-09-04T10:44:22","date_gmt":"2023-09-04T08:44:22","guid":{"rendered":"https:\/\/www.linvosges-hotellerie.com\/sin categor\u00eda\/vaporera-izzi-plus\/"},"modified":"2023-09-04T10:44:22","modified_gmt":"2023-09-04T08:44:22","slug":"vaporera-izzi-plus","status":"publish","type":"product","link":"https:\/\/www.linvosges-hotellerie.com\/es\/accesorios\/vaporera-izzi-plus\/","title":{"rendered":"Vaporera IZZI PLUS"},"content":{"rendered":"<p>IZZI PLUS es un vaporizador desarrollado por LAURASTAR que elimina eficaz y naturalmente las arrugas de tu ropa y purifica tu hogar. Gracias a la potencia de su Vapor Microfino Seco (DMS), IZZI PLUS alisa al instante tejidos como s\u00e1banas, manteles y cortinas. Tambi\u00e9n elimina los microorganismos nocivos y los insectos de superficies, objetos y tejidos, reduciendo el riesgo de infecci\u00f3n y aliviando las alergias. Funciona perfectamente en colchones, almohadas, alfombras, sof\u00e1s, cojines y mucho m\u00e1s.<\/p>\n<p>Por \u00faltimo, IZZI PLUS refresca los tejidos reduciendo los malos olores.<\/p>\n<p>En resumen, \u00a1IZZI PLUS ser\u00e1 tu aliado para eliminar y purificar las arrugas!<\/p>\n<p>CARACTER\u00cdSTICAS :<br \/>\nAsa de transporte ergon\u00f3mica<br \/>\nUbicaci\u00f3n segura para el Vaporizador DMS<br \/>\nAlmacenamiento de cables de vapor<br \/>\nUtilizar con agua del grifo<br \/>\nUso continuo gracias al dep\u00f3sito de agua extra\u00edble<br \/>\nFunci\u00f3n autostop<br \/>\nEnrollacables autom\u00e1tico<\/p>\n","protected":false},"excerpt":{"rendered":"<p>Tiempo de calentamiento: 3 min<\/p>\n<p>Presi\u00f3n de vapor: presi\u00f3n constante de 3,5 bar<\/p>\n<p>Velocidad del vapor: 104 km\/h<\/p>\n<p>Temperatura del vapor: hasta 150\u00b0C<\/p>\n<p>Capacidad del dep\u00f3sito: aprox. 1,1 l<\/p>\n<p>Dimensiones (Al x An x Pr): 45 x 28 x 28 cm<\/p>\n<p>Potencia del aparato: 2000 W<\/p>\n","protected":false},"featured_media":53993,"template":"","meta":{"_acf_changed":false},"label":[],"product_brand":[],"product_cat":[2970],"product_tag":[],"gamme":[2969],"matiere":[],"class_list":{"0":"post-53989","1":"product","2":"type-product","3":"status-publish","4":"has-post-thumbnail","6":"product_cat-accesorios","7":"pa_couleur-antracita","8":"pa_dimensions-45x28x28-cm","9":"gamme-izzi-plus-es","11":"first","12":"instock","13":"taxable","14":"shipping-taxable","15":"purchasable","16":"product-type-variable","17":"has-default-attributes"},"acf":[],"df_price":649,"df_sale_price":"","df_regular_price":649,"df_image_link":"https:\/\/www.linvosges-hotellerie.com\/wp-content\/uploads\/2023\/08\/Steamer-IZZI-PLUS-profil-Hotel-restaurant-gite-professionnels-Linvosges-hotellerie-300x300.png","_links":{"self":[{"href":"https:\/\/www.linvosges-hotellerie.com\/es\/wp-json\/wp\/v2\/product\/53989","targetHints":{"allow":["GET"]}}],"collection":[{"href":"https:\/\/www.linvosges-hotellerie.com\/es\/wp-json\/wp\/v2\/product"}],"about":[{"href":"https:\/\/www.linvosges-hotellerie.com\/es\/wp-json\/wp\/v2\/types\/product"}],"wp:featuredmedia":[{"embeddable":true,"href":"https:\/\/www.linvosges-hotellerie.com\/es\/wp-json\/wp\/v2\/media\/53993"}],"wp:attachment":[{"href":"https:\/\/www.linvosges-hotellerie.com\/es\/wp-json\/wp\/v2\/media?parent=53989"}],"wp:term":[{"taxonomy":"label","embeddable":true,"href":"https:\/\/www.linvosges-hotellerie.com\/es\/wp-json\/wp\/v2\/label?post=53989"},{"taxonomy":"product_brand","embeddable":true,"href":"https:\/\/www.linvosges-hotellerie.com\/es\/wp-json\/wp\/v2\/product_brand?post=53989"},{"taxonomy":"product_cat","embeddable":true,"href":"https:\/\/www.linvosges-hotellerie.com\/es\/wp-json\/wp\/v2\/product_cat?post=53989"},{"taxonomy":"product_tag","embeddable":true,"href":"https:\/\/www.linvosges-hotellerie.com\/es\/wp-json\/wp\/v2\/product_tag?post=53989"},{"taxonomy":"gamme","embeddable":true,"href":"https:\/\/www.linvosges-hotellerie.com\/es\/wp-json\/wp\/v2\/gamme?post=53989"},{"taxonomy":"matiere","embeddable":true,"href":"https:\/\/www.linvosges-hotellerie.com\/es\/wp-json\/wp\/v2\/matiere?post=53989"}],"curies":[{"name":"wp","href":"https:\/\/api.w.org\/{rel}","templated":true}]}}