{"id":54146,"date":"2023-12-07T14:06:34","date_gmt":"2023-12-07T13:06:34","guid":{"rendered":"https:\/\/www.linvosges-hotellerie.com\/sin categor\u00eda\/colchon-opera\/"},"modified":"2023-12-07T14:06:34","modified_gmt":"2023-12-07T13:06:34","slug":"colchon-opera","status":"publish","type":"product","link":"https:\/\/www.linvosges-hotellerie.com\/es\/ropa-de-cama-es\/colchones\/colchon-opera\/","title":{"rendered":"Colch\u00f3n Opera"},"content":{"rendered":"<p>El colch\u00f3n Opera combina tres tecnolog\u00edas diferentes para una cama de calidad de hotel de 5 estrellas. En primer lugar, los muelles ensacados, que trabajan de forma independiente para garantizar la ergonom\u00eda, un perfecto apoyo de la columna vertebral y una excelente independencia de descanso. Luego est\u00e1 el l\u00e1tex natural, que es la tecnolog\u00eda m\u00e1s eficaz en cuanto a termorregulaci\u00f3n y reducci\u00f3n del riesgo de alergias, porque es 100% natural. Por \u00faltimo, la espuma de Alta Densidad, que proporciona suavidad a la hora de dormir. Con un grosor de 30 cm, este colch\u00f3n es ideal para los hoteleros preocupados por el medio ambiente y que buscan un descanso de primera calidad para sus hu\u00e9spedes.<\/p>\n<p><strong>DESTACADOS :<\/strong><\/p>\n<ul>\n<li><strong>Comodidad:<\/strong> Ni demasiado blanda ni demasiado firme, la superficie de l\u00e1tex y espuma ofrece el equilibrio perfecto.<\/li>\n<li><strong>Ergonom\u00eda y apoyo:<\/strong> los muelles ensacados se adaptan a todas las formas del cuerpo y proporcionan un apoyo \u00f3ptimo al cuerpo, reduciendo el dolor de espalda y de articulaciones.<\/li>\n<li><strong>Sue\u00f1o independiente:<\/strong> los muelles ensacados evitan la transmisi\u00f3n del movimiento, para que duermas m\u00e1s tranquilo.<\/li>\n<li><strong>Higiene: <\/strong>Los muelles ensacados y el l\u00e1tex natural proporcionan al colch\u00f3n una ventilaci\u00f3n excelente, garantizando una cama m\u00e1s sana cada d\u00eda y con el paso del tiempo.<\/li>\n<li><strong>Longevidad:<\/strong> La estructura de acero de los muelles ensacados sigue siendo una de las m\u00e1s resistentes con el paso del tiempo, lo que garantiza que tu colch\u00f3n dure m\u00e1s.<\/li>\n<li><strong>Composici\u00f3n saludable:<\/strong> El colch\u00f3n est\u00e1 fabricado con materiales naturales inocuos para la salud y respetuosos con el medio ambiente.<\/li>\n<li><strong>F\u00e1cil manejo<\/strong> gracias a las 6 asas integradas (2 a cada lado del colch\u00f3n + 2 en la parte delantera).<\/li>\n<\/ul>\n<p><strong>CARACTER\u00cdSTICAS :<\/strong><\/p>\n<ul>\n<li><strong>Grosor del colch\u00f3n: <\/strong>30 cm<\/li>\n<li>Tecnolog\u00eda : Muelles de bolsillo<\/li>\n<li><strong>Inicio : <\/strong>Progresistas<\/li>\n<li><strong>Soporte: <\/strong>Firme<\/li>\n<li><strong>Independencia para dormir: <\/strong>Excelente<\/li>\n<li>Ventilaci\u00f3n: Excelente<\/li>\n<li><strong>Fundas extra\u00edbles :<\/strong> S\u00ed<\/li>\n<li><strong>Embalaje :<\/strong> Enrollado<\/li>\n<li>Garant\u00eda: 10 a\u00f1os<\/li>\n<\/ul>\n<p>&nbsp;<\/p>\n","protected":false},"excerpt":{"rendered":"<p><strong>COMPOSICI\u00d3N :<\/strong><\/p>\n<ul>\n<li><strong>N\u00facleo interior del colch\u00f3n: <\/strong>18 cm de muelles ensacados (850 en base a un colch\u00f3n de 160 cm de ancho) + 4 cm de l\u00e1tex natural + 6 cm de espuma de alta densidad<\/li>\n<li><strong>Tictac :<\/strong>\n<ul>\n<li>Tejido el\u00e1stico de 300 gr\/m\u00b2 + bordado central &#8220;la ling\u00e8re<\/li>\n<li>Ribete blanco en el parterre + trenza<\/li>\n<li>Efecto Topper<\/li>\n<li>Asas verticales blancas en laterales y pies<\/li>\n<li>Revestimiento antideslizante en la parte inferior<\/li>\n<\/ul>\n<\/li>\n<\/ul>\n<p><strong>MANTENIMIENTO: <\/strong>Limpieza en seco<\/p>\n","protected":false},"featured_media":63201,"template":"","meta":{"_acf_changed":false},"label":[],"product_brand":[],"product_cat":[2892,2382],"product_tag":[],"gamme":[2994],"matiere":[],"class_list":{"0":"post-54146","1":"product","2":"type-product","3":"status-publish","4":"has-post-thumbnail","6":"product_cat-colchones","7":"product_cat-ropa-de-cama-es","8":"pa_dimensions-140-190-cm","9":"pa_dimensions-140-200-cm","10":"pa_dimensions-160-200-cm","11":"pa_dimensions-180x200-cm","12":"pa_dimensions-90-190-cm","13":"pa_dimensions-90-200-cm","14":"pa_matiere-muelles-ensacados-latex-organico-natural-y-espuma","15":"gamme-opera-es","17":"first","18":"instock","19":"taxable","20":"shipping-taxable","21":"purchasable","22":"product-type-variable"},"acf":[],"df_price":"","df_sale_price":"","df_regular_price":"","df_image_link":"https:\/\/www.linvosges-hotellerie.com\/wp-content\/uploads\/2024\/01\/MATELAS-OPERA-300x300.png","_links":{"self":[{"href":"https:\/\/www.linvosges-hotellerie.com\/es\/wp-json\/wp\/v2\/product\/54146","targetHints":{"allow":["GET"]}}],"collection":[{"href":"https:\/\/www.linvosges-hotellerie.com\/es\/wp-json\/wp\/v2\/product"}],"about":[{"href":"https:\/\/www.linvosges-hotellerie.com\/es\/wp-json\/wp\/v2\/types\/product"}],"wp:featuredmedia":[{"embeddable":true,"href":"https:\/\/www.linvosges-hotellerie.com\/es\/wp-json\/wp\/v2\/media\/63201"}],"wp:attachment":[{"href":"https:\/\/www.linvosges-hotellerie.com\/es\/wp-json\/wp\/v2\/media?parent=54146"}],"wp:term":[{"taxonomy":"label","embeddable":true,"href":"https:\/\/www.linvosges-hotellerie.com\/es\/wp-json\/wp\/v2\/label?post=54146"},{"taxonomy":"product_brand","embeddable":true,"href":"https:\/\/www.linvosges-hotellerie.com\/es\/wp-json\/wp\/v2\/product_brand?post=54146"},{"taxonomy":"product_cat","embeddable":true,"href":"https:\/\/www.linvosges-hotellerie.com\/es\/wp-json\/wp\/v2\/product_cat?post=54146"},{"taxonomy":"product_tag","embeddable":true,"href":"https:\/\/www.linvosges-hotellerie.com\/es\/wp-json\/wp\/v2\/product_tag?post=54146"},{"taxonomy":"gamme","embeddable":true,"href":"https:\/\/www.linvosges-hotellerie.com\/es\/wp-json\/wp\/v2\/gamme?post=54146"},{"taxonomy":"matiere","embeddable":true,"href":"https:\/\/www.linvosges-hotellerie.com\/es\/wp-json\/wp\/v2\/matiere?post=54146"}],"curies":[{"name":"wp","href":"https:\/\/api.w.org\/{rel}","templated":true}]}}