{"id":54191,"date":"2020-11-27T12:47:39","date_gmt":"2020-11-27T11:47:39","guid":{"rendered":"https:\/\/www.linvosges-hotellerie.com\/sin categor\u00eda\/sabana-bajera-antibacterias-aerotencel\/"},"modified":"2026-05-17T00:07:23","modified_gmt":"2026-05-16T22:07:23","slug":"sabana-bajera-antibacterias-aerotencel","status":"publish","type":"product","link":"https:\/\/www.linvosges-hotellerie.com\/es\/ropa-de-cama-es\/portada-es\/sabana-bajera-antibacterias-aerotencel\/","title":{"rendered":"S\u00e1bana bajera antibacterias A\u00e9rotencel"},"content":{"rendered":"<p>Fabricada con un tejido de punto jacquard que impide la proliferaci\u00f3n de bacterias, es transpirable, resistente y muy absorbente. Forma de la tapa del sombrero 30 cm<\/p>\n","protected":false},"excerpt":{"rendered":"<p>Lavar a m\u00e1quina a 60\u00b0.<br \/>\nProhibidos el cloro y los agentes blanqueadores<br \/>\nNo secar en secadora<br \/>\nPlanchado a una temperatura m\u00e1xima de 110\u00b0, sin vapor<br \/>\nProductos autorizados para la limpieza en seco: Hidrocarburos<br \/>\n<span class=\"ginetex\">  4 o d n W  <\/span><\/p>\n","protected":false},"featured_media":54193,"template":"","meta":{"_acf_changed":false},"label":[],"product_brand":[],"product_cat":[2876,2382,1810],"product_tag":[3290],"gamme":[3005],"matiere":[1776,1758],"class_list":{"0":"post-54191","1":"product","2":"type-product","3":"status-publish","4":"has-post-thumbnail","6":"product_cat-portada-es","7":"product_cat-ropa-de-cama-es","8":"product_cat-te-encantara","9":"product_tag-no-oekotex-es","10":"pa_couleur-crudo","11":"pa_dimensions-140-190-cm","12":"pa_dimensions-140-200-cm","13":"pa_dimensions-160-200-cm","14":"pa_dimensions-180x200-cm","15":"pa_dimensions-200-200-cm","16":"pa_dimensions-80-200-cm","17":"pa_dimensions-90-190-cm","18":"pa_dimensions-90-200-cm","19":"pa_grammage-250grs-m","20":"pa_matiere-56-poliester-44-lyocell","21":"gamme-aerotencel-es","22":"matiere-lyocell-es","23":"matiere-poliester","25":"first","26":"instock","27":"taxable","28":"shipping-taxable","29":"purchasable","30":"product-type-variable","31":"has-default-attributes"},"acf":[],"df_price":22.82,"df_sale_price":"","df_regular_price":22.82,"df_image_link":"https:\/\/www.linvosges-hotellerie.com\/wp-content\/uploads\/2020\/12\/alese-housse-aerotencel-anti-bacteries-hotel-professionnel-linvosges-hotellerie-300x300.jpg","_links":{"self":[{"href":"https:\/\/www.linvosges-hotellerie.com\/es\/wp-json\/wp\/v2\/product\/54191","targetHints":{"allow":["GET"]}}],"collection":[{"href":"https:\/\/www.linvosges-hotellerie.com\/es\/wp-json\/wp\/v2\/product"}],"about":[{"href":"https:\/\/www.linvosges-hotellerie.com\/es\/wp-json\/wp\/v2\/types\/product"}],"wp:featuredmedia":[{"embeddable":true,"href":"https:\/\/www.linvosges-hotellerie.com\/es\/wp-json\/wp\/v2\/media\/54193"}],"wp:attachment":[{"href":"https:\/\/www.linvosges-hotellerie.com\/es\/wp-json\/wp\/v2\/media?parent=54191"}],"wp:term":[{"taxonomy":"label","embeddable":true,"href":"https:\/\/www.linvosges-hotellerie.com\/es\/wp-json\/wp\/v2\/label?post=54191"},{"taxonomy":"product_brand","embeddable":true,"href":"https:\/\/www.linvosges-hotellerie.com\/es\/wp-json\/wp\/v2\/product_brand?post=54191"},{"taxonomy":"product_cat","embeddable":true,"href":"https:\/\/www.linvosges-hotellerie.com\/es\/wp-json\/wp\/v2\/product_cat?post=54191"},{"taxonomy":"product_tag","embeddable":true,"href":"https:\/\/www.linvosges-hotellerie.com\/es\/wp-json\/wp\/v2\/product_tag?post=54191"},{"taxonomy":"gamme","embeddable":true,"href":"https:\/\/www.linvosges-hotellerie.com\/es\/wp-json\/wp\/v2\/gamme?post=54191"},{"taxonomy":"matiere","embeddable":true,"href":"https:\/\/www.linvosges-hotellerie.com\/es\/wp-json\/wp\/v2\/matiere?post=54191"}],"curies":[{"name":"wp","href":"https:\/\/api.w.org\/{rel}","templated":true}]}}