{"id":54336,"date":"2021-01-29T12:34:09","date_gmt":"2021-01-29T11:34:09","guid":{"rendered":"https:\/\/www.linvosges-hotellerie.com\/sin categor\u00eda\/revotel-2-almohadilla-sintetica\/"},"modified":"2021-01-29T12:34:09","modified_gmt":"2021-01-29T11:34:09","slug":"revotel-2-almohadilla-sintetica","status":"publish","type":"product","link":"https:\/\/www.linvosges-hotellerie.com\/es\/ropa-de-cama-es\/almohada-y-cojin\/revotel-2-almohadilla-sintetica\/","title":{"rendered":"Revotel 2 almohadilla sint\u00e9tica"},"content":{"rendered":"<p>Muy buena relaci\u00f3n calidad-precio para esta almohada c\u00f3moda y f\u00e1cil de cuidar. Acabado bourdon overlock blanco<\/p>\n<p>Participaci\u00f3n ecol\u00f3gica incluida en el precio<\/p>\n","protected":false},"excerpt":{"rendered":"<p>Lavar a m\u00e1quina a 60\u00b0.<br \/>\nProhibidos el cloro y los agentes blanqueadores<br \/>\nSecar en secadora a 60\u00b0.<br \/>\nNo planchar<br \/>\nProhibida la limpieza en seco<br \/>\n<span class=\"ginetex\">  4 o s m U  <\/span><\/p>\n","protected":false},"featured_media":54192,"template":"","meta":{"_acf_changed":false},"label":[],"product_brand":[],"product_cat":[2659,2382],"product_tag":[],"gamme":[3004],"matiere":[1758],"class_list":{"0":"post-54336","1":"product","2":"type-product","3":"status-publish","4":"has-post-thumbnail","6":"product_cat-almohada-y-cojin","7":"product_cat-ropa-de-cama-es","8":"pa_couleur-blanco","9":"pa_dimensions-140-cm","10":"pa_dimensions-160-cm","11":"pa_dimensions-180-cm","12":"pa_dimensions-45-70-cm","13":"pa_dimensions-50-70-cm","14":"pa_dimensions-60-60-cm","15":"pa_dimensions-65-65-cm","16":"pa_dimensions-90-cm","17":"pa_grammage-1050grs","18":"pa_grammage-500grs","19":"pa_grammage-800grs","20":"pa_grammage-950grs","21":"pa_matiere-relleno-de-microfibra-100-poliester-funda-de-microfibra","22":"gamme-revotel-2-es","23":"matiere-poliester","25":"first","26":"instock","27":"taxable","28":"shipping-taxable","29":"purchasable","30":"product-type-variable","31":"has-default-attributes"},"acf":[],"df_price":13.91,"df_sale_price":"","df_regular_price":13.91,"df_image_link":"https:\/\/www.linvosges-hotellerie.com\/wp-content\/uploads\/2020\/12\/oreiller-synthetique-revotel-2-hotel-professionnel-linvosges-hotellerie-300x300.jpg","_links":{"self":[{"href":"https:\/\/www.linvosges-hotellerie.com\/es\/wp-json\/wp\/v2\/product\/54336","targetHints":{"allow":["GET"]}}],"collection":[{"href":"https:\/\/www.linvosges-hotellerie.com\/es\/wp-json\/wp\/v2\/product"}],"about":[{"href":"https:\/\/www.linvosges-hotellerie.com\/es\/wp-json\/wp\/v2\/types\/product"}],"wp:featuredmedia":[{"embeddable":true,"href":"https:\/\/www.linvosges-hotellerie.com\/es\/wp-json\/wp\/v2\/media\/54192"}],"wp:attachment":[{"href":"https:\/\/www.linvosges-hotellerie.com\/es\/wp-json\/wp\/v2\/media?parent=54336"}],"wp:term":[{"taxonomy":"label","embeddable":true,"href":"https:\/\/www.linvosges-hotellerie.com\/es\/wp-json\/wp\/v2\/label?post=54336"},{"taxonomy":"product_brand","embeddable":true,"href":"https:\/\/www.linvosges-hotellerie.com\/es\/wp-json\/wp\/v2\/product_brand?post=54336"},{"taxonomy":"product_cat","embeddable":true,"href":"https:\/\/www.linvosges-hotellerie.com\/es\/wp-json\/wp\/v2\/product_cat?post=54336"},{"taxonomy":"product_tag","embeddable":true,"href":"https:\/\/www.linvosges-hotellerie.com\/es\/wp-json\/wp\/v2\/product_tag?post=54336"},{"taxonomy":"gamme","embeddable":true,"href":"https:\/\/www.linvosges-hotellerie.com\/es\/wp-json\/wp\/v2\/gamme?post=54336"},{"taxonomy":"matiere","embeddable":true,"href":"https:\/\/www.linvosges-hotellerie.com\/es\/wp-json\/wp\/v2\/matiere?post=54336"}],"curies":[{"name":"wp","href":"https:\/\/api.w.org\/{rel}","templated":true}]}}