{"id":54483,"date":"2021-09-03T11:59:27","date_gmt":"2021-09-03T09:59:27","guid":{"rendered":"https:\/\/www.linvosges-hotellerie.com\/sin categor\u00eda\/mules-con-puntera-abierta-sweet-life\/"},"modified":"2024-09-01T00:02:27","modified_gmt":"2024-08-31T22:02:27","slug":"mules-con-puntera-abierta-sweet-life","status":"publish","type":"product","link":"https:\/\/www.linvosges-hotellerie.com\/es\/esponjas\/spa-y-piscina\/mules-es\/mules-con-puntera-abierta-sweet-life\/","title":{"rendered":"Mules con puntera abierta Sweet Life"},"content":{"rendered":"<p>Dedicadas al bienestar, estas mules con puntera abierta est\u00e1n confeccionadas en rizo de microfibra blanco. Adecuados para entornos h\u00famedos, mantienen los pies calientes y secos despu\u00e9s de una sauna o entre tratamientos. Adem\u00e1s, la suela antideslizante completa la gama de caracter\u00edsticas para satisfacer las exigencias profesionales.<\/p>\n","protected":false},"excerpt":{"rendered":"<p>No lavar a m\u00e1quina<br \/>\nProhibidos el cloro y los agentes blanqueadores<br \/>\nNo secar en secadora<br \/>\nNo planchar<br \/>\nProhibida la limpieza en seco<\/p>\n<p><span class=\"ginetex\">  z o d m U  <\/span><\/p>\n","protected":false},"featured_media":54487,"template":"","meta":{"_acf_changed":false},"label":[],"product_brand":[],"product_cat":[2353],"product_tag":[],"gamme":[1756],"matiere":[1524,1758],"class_list":{"0":"post-54483","1":"product","2":"type-product","3":"status-publish","4":"has-post-thumbnail","6":"product_cat-mules-es","7":"pa_couleur-blanco","8":"pa_dimensions-taille-unique","9":"pa_grammage-350grs-m","10":"pa_matiere-55-algodon-45-poliester","11":"gamme-dulce-vida","12":"matiere-algodon","13":"matiere-poliester","15":"first","16":"outofstock","17":"taxable","18":"shipping-taxable","19":"purchasable","20":"product-type-variable","21":"has-default-attributes"},"acf":[],"df_price":5.26,"df_sale_price":"","df_regular_price":5.26,"df_image_link":"https:\/\/www.linvosges-hotellerie.com\/wp-content\/uploads\/2021\/09\/mules-spa-piscine-sweet-life-300x300.png","_links":{"self":[{"href":"https:\/\/www.linvosges-hotellerie.com\/es\/wp-json\/wp\/v2\/product\/54483","targetHints":{"allow":["GET"]}}],"collection":[{"href":"https:\/\/www.linvosges-hotellerie.com\/es\/wp-json\/wp\/v2\/product"}],"about":[{"href":"https:\/\/www.linvosges-hotellerie.com\/es\/wp-json\/wp\/v2\/types\/product"}],"wp:featuredmedia":[{"embeddable":true,"href":"https:\/\/www.linvosges-hotellerie.com\/es\/wp-json\/wp\/v2\/media\/54487"}],"wp:attachment":[{"href":"https:\/\/www.linvosges-hotellerie.com\/es\/wp-json\/wp\/v2\/media?parent=54483"}],"wp:term":[{"taxonomy":"label","embeddable":true,"href":"https:\/\/www.linvosges-hotellerie.com\/es\/wp-json\/wp\/v2\/label?post=54483"},{"taxonomy":"product_brand","embeddable":true,"href":"https:\/\/www.linvosges-hotellerie.com\/es\/wp-json\/wp\/v2\/product_brand?post=54483"},{"taxonomy":"product_cat","embeddable":true,"href":"https:\/\/www.linvosges-hotellerie.com\/es\/wp-json\/wp\/v2\/product_cat?post=54483"},{"taxonomy":"product_tag","embeddable":true,"href":"https:\/\/www.linvosges-hotellerie.com\/es\/wp-json\/wp\/v2\/product_tag?post=54483"},{"taxonomy":"gamme","embeddable":true,"href":"https:\/\/www.linvosges-hotellerie.com\/es\/wp-json\/wp\/v2\/gamme?post=54483"},{"taxonomy":"matiere","embeddable":true,"href":"https:\/\/www.linvosges-hotellerie.com\/es\/wp-json\/wp\/v2\/matiere?post=54483"}],"curies":[{"name":"wp","href":"https:\/\/api.w.org\/{rel}","templated":true}]}}