{"id":54491,"date":"2021-01-31T20:14:49","date_gmt":"2021-01-31T19:14:49","guid":{"rendered":"https:\/\/www.linvosges-hotellerie.com\/sin categor\u00eda\/sabana-bajera-polar-200grs-m%c2%b2-adele\/"},"modified":"2026-05-17T00:03:40","modified_gmt":"2026-05-16T22:03:40","slug":"sabana-bajera-polar-200grs-m%c2%b2-adele","status":"publish","type":"product","link":"https:\/\/www.linvosges-hotellerie.com\/es\/ropa-de-cama-es\/portada-es\/sabana-bajera-polar-200grs-m%c2%b2-adele\/","title":{"rendered":"S\u00e1bana bajera polar 200grs\/m\u00b2 Ad\u00e8le"},"content":{"rendered":"<p class=\"p1\">Simple y eficaz en franela de algod\u00f3n cepillado, se puede lavar a alta temperatura y se seca r\u00e1pidamente. Forma de bandeja el\u00e1stica de 4 esquinas, forma de tapa de sombrero de 30 cm.<\/p>\n","protected":false},"excerpt":{"rendered":"<p>Lavar a m\u00e1quina a 95\u00b0.<br \/>\nPosible blanqueamiento<br \/>\nSecar en secadora a 60\u00b0.<br \/>\nPlanchado a una temperatura m\u00e1xima de 200\u00b0C<br \/>\nProductos autorizados para la limpieza en seco: Hidrocarburos<br \/>\n<span class=\"ginetex\"> 2 u s v W <\/span><\/p>\n","protected":false},"featured_media":54496,"template":"","meta":{"_acf_changed":false},"label":[],"product_brand":[],"product_cat":[2876,2382],"product_tag":[],"gamme":[3041],"matiere":[1524],"class_list":{"0":"post-54491","1":"product","2":"type-product","3":"status-publish","4":"has-post-thumbnail","6":"product_cat-portada-es","7":"product_cat-ropa-de-cama-es","8":"pa_couleur-blanco","9":"pa_dimensions-140-190-cm","10":"pa_dimensions-140-200-cm","11":"pa_dimensions-160-200-cm","12":"pa_dimensions-180x200-cm","13":"pa_dimensions-200-200-cm","14":"pa_dimensions-80-190-cm","15":"pa_dimensions-80-200-cm","16":"pa_dimensions-90-190-cm","17":"pa_dimensions-90-200-cm","18":"pa_forme-forma-de-la-bandeja","19":"pa_forme-forma-de-la-tapa","20":"pa_grammage-200grs-m","21":"pa_matiere-100-algodon-polar-cepillado-por-2-caras","22":"gamme-adele-es","23":"matiere-algodon","25":"first","26":"instock","27":"taxable","28":"shipping-taxable","29":"purchasable","30":"product-type-variable","31":"has-default-attributes"},"acf":[],"df_price":9.92,"df_sale_price":"","df_regular_price":9.92,"df_image_link":"https:\/\/www.linvosges-hotellerie.com\/wp-content\/uploads\/2020\/12\/alese-adele-molleton-200-grs-m2-hotel-professionnel-linvosges-hotellerie-2-300x300.jpg","_links":{"self":[{"href":"https:\/\/www.linvosges-hotellerie.com\/es\/wp-json\/wp\/v2\/product\/54491","targetHints":{"allow":["GET"]}}],"collection":[{"href":"https:\/\/www.linvosges-hotellerie.com\/es\/wp-json\/wp\/v2\/product"}],"about":[{"href":"https:\/\/www.linvosges-hotellerie.com\/es\/wp-json\/wp\/v2\/types\/product"}],"wp:featuredmedia":[{"embeddable":true,"href":"https:\/\/www.linvosges-hotellerie.com\/es\/wp-json\/wp\/v2\/media\/54496"}],"wp:attachment":[{"href":"https:\/\/www.linvosges-hotellerie.com\/es\/wp-json\/wp\/v2\/media?parent=54491"}],"wp:term":[{"taxonomy":"label","embeddable":true,"href":"https:\/\/www.linvosges-hotellerie.com\/es\/wp-json\/wp\/v2\/label?post=54491"},{"taxonomy":"product_brand","embeddable":true,"href":"https:\/\/www.linvosges-hotellerie.com\/es\/wp-json\/wp\/v2\/product_brand?post=54491"},{"taxonomy":"product_cat","embeddable":true,"href":"https:\/\/www.linvosges-hotellerie.com\/es\/wp-json\/wp\/v2\/product_cat?post=54491"},{"taxonomy":"product_tag","embeddable":true,"href":"https:\/\/www.linvosges-hotellerie.com\/es\/wp-json\/wp\/v2\/product_tag?post=54491"},{"taxonomy":"gamme","embeddable":true,"href":"https:\/\/www.linvosges-hotellerie.com\/es\/wp-json\/wp\/v2\/gamme?post=54491"},{"taxonomy":"matiere","embeddable":true,"href":"https:\/\/www.linvosges-hotellerie.com\/es\/wp-json\/wp\/v2\/matiere?post=54491"}],"curies":[{"name":"wp","href":"https:\/\/api.w.org\/{rel}","templated":true}]}}