{"id":54670,"date":"2023-08-28T17:28:13","date_gmt":"2023-08-28T15:28:13","guid":{"rendered":"https:\/\/www.linvosges-hotellerie.com\/sin categor\u00eda\/paquete-de-3-cartuchos-antical\/"},"modified":"2023-08-28T17:28:13","modified_gmt":"2023-08-28T15:28:13","slug":"paquete-de-3-cartuchos-antical","status":"publish","type":"product","link":"https:\/\/www.linvosges-hotellerie.com\/es\/accesorios\/paquete-de-3-cartuchos-antical\/","title":{"rendered":"Paquete de 3 cartuchos antical"},"content":{"rendered":"<p>El cartucho antical, especialmente dise\u00f1ado por los ingenieros suizos de Laurastar, filtra el agua del grifo antes de utilizarla para plancharla, purificarla y desinfectarla. Antical, alarga la vida de tu vaporizador Izzi Plus. Antisal, mejora la calidad del vapor para un alisado \u00f3ptimo. Anticorrosivo, preserva los componentes de la caldera.<br \/>\nEl cartucho antical debe sustituirse cuando parpadee la luz indicadora roja de la unidad de control, es decir, cada 40 horas.<\/p>\n<p>Se venden en paquetes de 3<\/p>\n","protected":false},"excerpt":{"rendered":"<p>Composici\u00f3n: pl\u00e1stico (cartucho) y resina de poliuretano.<br \/>\ndesmineralizaci\u00f3n (gr\u00e1nulos antical en el cartucho)<\/p>\n<p>Dimensiones (alto \u00d7 ancho \u00d7 fondo): 9,9 \u00d7 6,1 \u00d7 5,9 cm<\/p>\n","protected":false},"featured_media":54671,"template":"","meta":{"_acf_changed":false},"label":[],"product_brand":[],"product_cat":[2970],"product_tag":[],"gamme":[2969],"matiere":[],"class_list":{"0":"post-54670","1":"product","2":"type-product","3":"status-publish","4":"has-post-thumbnail","6":"product_cat-accesorios","7":"pa_couleur-negro","8":"pa_dimensions-taille-unique","9":"gamme-izzi-plus-es","11":"first","12":"instock","13":"taxable","14":"shipping-taxable","15":"purchasable","16":"product-type-variable","17":"has-default-attributes"},"acf":[],"df_price":52,"df_sale_price":"","df_regular_price":52,"df_image_link":"https:\/\/www.linvosges-hotellerie.com\/wp-content\/uploads\/2023\/08\/Lot-de-3-cartouches-anti-calcaire-emballage-Laurastar-Linvosges-hotellerie-professionnels-300x300.png","_links":{"self":[{"href":"https:\/\/www.linvosges-hotellerie.com\/es\/wp-json\/wp\/v2\/product\/54670","targetHints":{"allow":["GET"]}}],"collection":[{"href":"https:\/\/www.linvosges-hotellerie.com\/es\/wp-json\/wp\/v2\/product"}],"about":[{"href":"https:\/\/www.linvosges-hotellerie.com\/es\/wp-json\/wp\/v2\/types\/product"}],"wp:featuredmedia":[{"embeddable":true,"href":"https:\/\/www.linvosges-hotellerie.com\/es\/wp-json\/wp\/v2\/media\/54671"}],"wp:attachment":[{"href":"https:\/\/www.linvosges-hotellerie.com\/es\/wp-json\/wp\/v2\/media?parent=54670"}],"wp:term":[{"taxonomy":"label","embeddable":true,"href":"https:\/\/www.linvosges-hotellerie.com\/es\/wp-json\/wp\/v2\/label?post=54670"},{"taxonomy":"product_brand","embeddable":true,"href":"https:\/\/www.linvosges-hotellerie.com\/es\/wp-json\/wp\/v2\/product_brand?post=54670"},{"taxonomy":"product_cat","embeddable":true,"href":"https:\/\/www.linvosges-hotellerie.com\/es\/wp-json\/wp\/v2\/product_cat?post=54670"},{"taxonomy":"product_tag","embeddable":true,"href":"https:\/\/www.linvosges-hotellerie.com\/es\/wp-json\/wp\/v2\/product_tag?post=54670"},{"taxonomy":"gamme","embeddable":true,"href":"https:\/\/www.linvosges-hotellerie.com\/es\/wp-json\/wp\/v2\/gamme?post=54670"},{"taxonomy":"matiere","embeddable":true,"href":"https:\/\/www.linvosges-hotellerie.com\/es\/wp-json\/wp\/v2\/matiere?post=54670"}],"curies":[{"name":"wp","href":"https:\/\/api.w.org\/{rel}","templated":true}]}}