{"id":54677,"date":"2023-08-28T16:29:20","date_gmt":"2023-08-28T14:29:20","guid":{"rendered":"https:\/\/www.linvosges-hotellerie.com\/sin categor\u00eda\/carrito-izzi-cart\/"},"modified":"2023-08-28T16:29:20","modified_gmt":"2023-08-28T14:29:20","slug":"carrito-izzi-cart","status":"publish","type":"product","link":"https:\/\/www.linvosges-hotellerie.com\/es\/accesorios\/carrito-izzi-cart\/","title":{"rendered":"Carrito IZZI CART"},"content":{"rendered":"<p>Este ingenioso ayudante te permite mover las vaporeras Laurastar IZZI PLUS sin esfuerzo gracias a sus 4 ruedas.<\/p>\n<p>Ajustable en altura, tiene un pr\u00e1ctico gancho para colgar la ropa al planchar y una base resistente al calor dise\u00f1ada para sujetar el vaporizador Izzi PLUS incluso cuando est\u00e1 caliente.<\/p>\n<p>Otra ventaja es que se puede plegar para guardarla ultraplana.<\/p>\n<p>Accesorio vendido sin vaporizador<\/p>\n","protected":false},"excerpt":{"rendered":"<p>Dimensiones sin plegar: 40 x 38 x 177 cm<\/p>\n<p>Dimensiones plegado: 40 x 10,5 x 105 cm<\/p>\n<p>Peso: 3,2 kg<\/p>\n","protected":false},"featured_media":54681,"template":"","meta":{"_acf_changed":false},"label":[],"product_brand":[],"product_cat":[2970],"product_tag":[],"gamme":[2969],"matiere":[],"class_list":{"0":"post-54677","1":"product","2":"type-product","3":"status-publish","4":"has-post-thumbnail","6":"product_cat-accesorios","7":"pa_couleur-gris-es","8":"pa_dimensions-40x105-cm","9":"gamme-izzi-plus-es","11":"first","12":"instock","13":"taxable","14":"shipping-taxable","15":"purchasable","16":"product-type-variable","17":"has-default-attributes"},"acf":[],"df_price":162,"df_sale_price":"","df_regular_price":162,"df_image_link":"https:\/\/www.linvosges-hotellerie.com\/wp-content\/uploads\/2023\/08\/IZZI-CART-Accessoire-pour-hotel-restaurant-gite-professionnel-Linvosges-hotellerie-300x300.png","_links":{"self":[{"href":"https:\/\/www.linvosges-hotellerie.com\/es\/wp-json\/wp\/v2\/product\/54677","targetHints":{"allow":["GET"]}}],"collection":[{"href":"https:\/\/www.linvosges-hotellerie.com\/es\/wp-json\/wp\/v2\/product"}],"about":[{"href":"https:\/\/www.linvosges-hotellerie.com\/es\/wp-json\/wp\/v2\/types\/product"}],"wp:featuredmedia":[{"embeddable":true,"href":"https:\/\/www.linvosges-hotellerie.com\/es\/wp-json\/wp\/v2\/media\/54681"}],"wp:attachment":[{"href":"https:\/\/www.linvosges-hotellerie.com\/es\/wp-json\/wp\/v2\/media?parent=54677"}],"wp:term":[{"taxonomy":"label","embeddable":true,"href":"https:\/\/www.linvosges-hotellerie.com\/es\/wp-json\/wp\/v2\/label?post=54677"},{"taxonomy":"product_brand","embeddable":true,"href":"https:\/\/www.linvosges-hotellerie.com\/es\/wp-json\/wp\/v2\/product_brand?post=54677"},{"taxonomy":"product_cat","embeddable":true,"href":"https:\/\/www.linvosges-hotellerie.com\/es\/wp-json\/wp\/v2\/product_cat?post=54677"},{"taxonomy":"product_tag","embeddable":true,"href":"https:\/\/www.linvosges-hotellerie.com\/es\/wp-json\/wp\/v2\/product_tag?post=54677"},{"taxonomy":"gamme","embeddable":true,"href":"https:\/\/www.linvosges-hotellerie.com\/es\/wp-json\/wp\/v2\/gamme?post=54677"},{"taxonomy":"matiere","embeddable":true,"href":"https:\/\/www.linvosges-hotellerie.com\/es\/wp-json\/wp\/v2\/matiere?post=54677"}],"curies":[{"name":"wp","href":"https:\/\/api.w.org\/{rel}","templated":true}]}}