{"id":54779,"date":"2023-09-19T15:48:24","date_gmt":"2023-09-19T13:48:24","guid":{"rendered":"https:\/\/www.linvosges-hotellerie.com\/sin categor\u00eda\/sabana-bajera-de-tencel\/"},"modified":"2023-09-19T15:48:24","modified_gmt":"2023-09-19T13:48:24","slug":"sabana-bajera-de-tencel","status":"publish","type":"product","link":"https:\/\/www.linvosges-hotellerie.com\/es\/ropa-de-cama-es\/portada-es\/sabana-bajera-de-tencel\/","title":{"rendered":"S\u00e1bana bajera de Tencel"},"content":{"rendered":"<p>Este protector de colch\u00f3n impermeable est\u00e1 hecho de 100% TENCEL\u2122 Lyocell con una membrana de poliuretano. Es transpirable, resistente y muy absorbente.<\/p>\n<p>Forma de la funda del cap\u00f3 23 cm (adecuada para colchones de hasta 20 cm de grosor)<\/p>\n","protected":false},"excerpt":{"rendered":"<p>Lavar a m\u00e1quina a 60\u00b0.<br \/>\nProhibidos el cloro y los agentes blanqueadores<br \/>\nNo secar en secadora<br \/>\nPlanchado a una temperatura m\u00e1xima de 110\u00b0, sin vapor<br \/>\nProductos autorizados para la limpieza en seco: Percloroetileno, Hidrocarburos<br \/>\n<span class=\"ginetex\">  4 o d n W  <\/span><\/p>\n","protected":false},"featured_media":54780,"template":"","meta":{"_acf_changed":false},"label":[],"product_brand":[],"product_cat":[2876,2382,1537],"product_tag":[],"gamme":[3092],"matiere":[1776],"class_list":{"0":"post-54779","1":"product","2":"type-product","3":"status-publish","4":"has-post-thumbnail","6":"product_cat-portada-es","7":"product_cat-ropa-de-cama-es","8":"product_cat-salida-todo-al-50-descuento","9":"pa_couleur-blanco","10":"pa_dimensions-180x200-cm","11":"pa_grammage-250grs-m","12":"pa_matiere-56-poliester-44-lyocell","13":"gamme-tencel-es","14":"matiere-lyocell-es","16":"first","17":"outofstock","18":"taxable","19":"shipping-taxable","20":"product-type-variable"},"acf":[],"df_price":"","df_sale_price":"","df_regular_price":"","df_image_link":"https:\/\/www.linvosges-hotellerie.com\/wp-content\/uploads\/2023\/09\/ALESE-TENCEL-BLANC-FORME-HOUSSE-180x200-9577201-1-300x300.png","_links":{"self":[{"href":"https:\/\/www.linvosges-hotellerie.com\/es\/wp-json\/wp\/v2\/product\/54779","targetHints":{"allow":["GET"]}}],"collection":[{"href":"https:\/\/www.linvosges-hotellerie.com\/es\/wp-json\/wp\/v2\/product"}],"about":[{"href":"https:\/\/www.linvosges-hotellerie.com\/es\/wp-json\/wp\/v2\/types\/product"}],"wp:featuredmedia":[{"embeddable":true,"href":"https:\/\/www.linvosges-hotellerie.com\/es\/wp-json\/wp\/v2\/media\/54780"}],"wp:attachment":[{"href":"https:\/\/www.linvosges-hotellerie.com\/es\/wp-json\/wp\/v2\/media?parent=54779"}],"wp:term":[{"taxonomy":"label","embeddable":true,"href":"https:\/\/www.linvosges-hotellerie.com\/es\/wp-json\/wp\/v2\/label?post=54779"},{"taxonomy":"product_brand","embeddable":true,"href":"https:\/\/www.linvosges-hotellerie.com\/es\/wp-json\/wp\/v2\/product_brand?post=54779"},{"taxonomy":"product_cat","embeddable":true,"href":"https:\/\/www.linvosges-hotellerie.com\/es\/wp-json\/wp\/v2\/product_cat?post=54779"},{"taxonomy":"product_tag","embeddable":true,"href":"https:\/\/www.linvosges-hotellerie.com\/es\/wp-json\/wp\/v2\/product_tag?post=54779"},{"taxonomy":"gamme","embeddable":true,"href":"https:\/\/www.linvosges-hotellerie.com\/es\/wp-json\/wp\/v2\/gamme?post=54779"},{"taxonomy":"matiere","embeddable":true,"href":"https:\/\/www.linvosges-hotellerie.com\/es\/wp-json\/wp\/v2\/matiere?post=54779"}],"curies":[{"name":"wp","href":"https:\/\/api.w.org\/{rel}","templated":true}]}}