{"id":54791,"date":"2023-12-07T13:21:31","date_gmt":"2023-12-07T12:21:31","guid":{"rendered":"https:\/\/www.linvosges-hotellerie.com\/sin categor\u00eda\/colchon-marquesa\/"},"modified":"2023-12-07T13:21:31","modified_gmt":"2023-12-07T12:21:31","slug":"colchon-marquesa","status":"publish","type":"product","link":"https:\/\/www.linvosges-hotellerie.com\/es\/ropa-de-cama-es\/colchones\/colchon-marquesa\/","title":{"rendered":"Colch\u00f3n Marquesa"},"content":{"rendered":"<p>Dise\u00f1ado para ofrecer el confort y el bienestar de un hotel de 5 estrellas, el colch\u00f3n Marquesa proporcionar\u00e1 a tus hu\u00e9spedes un descanso nocturno excepcional. Su composici\u00f3n, formada por numerosos muelles ensacados y una generosa capa de espuma viscoel\u00e1stica, proporciona un confort ergon\u00f3mico que elimina el dolor de espalda y de articulaciones. Otra ventaja es que absorbe todos los movimientos para unas noches tranquilas y reparadoras. Por \u00faltimo, pero no por ello menos importante, su estante acolchado y su parte superior acolchada le dan un aspecto de alta gama digno de los mejores hoteles.<\/p>\n<p><strong>DESTACADOS :<\/strong><\/p>\n<ul>\n<li><strong>Ergonom\u00eda:<\/strong> La espuma con memoria se adapta a la forma de tu cuerpo, mejorando la circulaci\u00f3n sangu\u00ednea y reduciendo el dolor de espalda y de articulaciones.<\/li>\n<li><strong>Sue\u00f1o muy independiente:<\/strong> la espuma viscoel\u00e1stica impide cualquier transmisi\u00f3n de movimiento, para que puedas dormir m\u00e1s pl\u00e1cidamente.<\/li>\n<li><strong>Apoyo:<\/strong> Los muelles ensacados proporcionan un apoyo \u00f3ptimo al cuerpo.<\/li>\n<li><strong>Higiene:<\/strong> Los muelles ensacados proporcionan al colch\u00f3n una ventilaci\u00f3n excelente, garantizando una cama m\u00e1s sana cada d\u00eda y con el paso del tiempo.<\/li>\n<li><strong>F\u00e1cil manejo<\/strong> gracias a las 4 asas integradas (2 a cada lado del colch\u00f3n)<\/li>\n<\/ul>\n<p><strong>CARACTER\u00cdSTICAS :<\/strong><\/p>\n<ul>\n<li><strong>Grosor del colch\u00f3n:<\/strong> 28 cm<\/li>\n<li><strong>Tecnolog\u00eda :<\/strong> Muelles ensacados y espuma viscoel\u00e1stica<\/li>\n<li><strong>Inicio : <\/strong>Progresistas<\/li>\n<li><strong>Soporte:<\/strong> Firme<\/li>\n<li><strong>Independencia para dormir:<\/strong> Muy buena<\/li>\n<li><strong>Ventilaci\u00f3n:<\/strong> Excelente<\/li>\n<li><strong>Fundas extra\u00edbles :<\/strong> S\u00ed<\/li>\n<li><strong>Embalaje :<\/strong> Laminado comprimido<\/li>\n<li><strong>Garant\u00eda:<\/strong> 10 a\u00f1os<\/li>\n<\/ul>\n","protected":false},"excerpt":{"rendered":"<p><strong>COMPOSICI\u00d3N :<\/strong><\/p>\n<ul>\n<li><strong>N\u00facleo interior del colch\u00f3n:<\/strong> 18 cm de muelles ensacados, es decir, 850 muelles ensacados (sobre la base de un colch\u00f3n de 160&#215;200 cm) + 2 cm de espuma viscoel\u00e1stica con memoria de 50 kg\/m3 de densidad + 6 cm de espuma de contacto.<\/li>\n<li><strong>Tictac :<\/strong>\n<ul>\n<li>Tejido el\u00e1stico de 500 gr\/m\u00b2 + bordado central &#8220;la ling\u00e8re<\/li>\n<li>Ribete blanco en el parterre + Terciopelo blanco + trenza<\/li>\n<li>Efecto Topper<\/li>\n<li>Asas verticales blancas en los laterales<\/li>\n<li>Revestimiento antideslizante en la parte inferior<\/li>\n<\/ul>\n<\/li>\n<\/ul>\n<p><strong>MANTENIMIENTO: <\/strong>Limpieza en seco<\/p>\n","protected":false},"featured_media":63231,"template":"","meta":{"_acf_changed":false},"label":[],"product_brand":[],"product_cat":[2892,2382],"product_tag":[],"gamme":[3095],"matiere":[],"class_list":{"0":"post-54791","1":"product","2":"type-product","3":"status-publish","4":"has-post-thumbnail","6":"product_cat-colchones","7":"product_cat-ropa-de-cama-es","8":"pa_dimensions-140-190-cm","9":"pa_dimensions-140-200-cm","10":"pa_dimensions-160-200-cm","11":"pa_dimensions-180x200-cm","12":"pa_dimensions-90-190-cm","13":"pa_dimensions-90-200-cm","14":"pa_matiere-muelles-ensacados-y-espuma-viscoelastica","15":"gamme-marquesa","17":"first","18":"instock","19":"taxable","20":"shipping-taxable","21":"purchasable","22":"product-type-variable"},"acf":[],"df_price":"","df_sale_price":"","df_regular_price":"","df_image_link":"https:\/\/www.linvosges-hotellerie.com\/wp-content\/uploads\/2023\/12\/MATELAS-MARQUISE-1-300x300.jpg","_links":{"self":[{"href":"https:\/\/www.linvosges-hotellerie.com\/es\/wp-json\/wp\/v2\/product\/54791","targetHints":{"allow":["GET"]}}],"collection":[{"href":"https:\/\/www.linvosges-hotellerie.com\/es\/wp-json\/wp\/v2\/product"}],"about":[{"href":"https:\/\/www.linvosges-hotellerie.com\/es\/wp-json\/wp\/v2\/types\/product"}],"wp:featuredmedia":[{"embeddable":true,"href":"https:\/\/www.linvosges-hotellerie.com\/es\/wp-json\/wp\/v2\/media\/63231"}],"wp:attachment":[{"href":"https:\/\/www.linvosges-hotellerie.com\/es\/wp-json\/wp\/v2\/media?parent=54791"}],"wp:term":[{"taxonomy":"label","embeddable":true,"href":"https:\/\/www.linvosges-hotellerie.com\/es\/wp-json\/wp\/v2\/label?post=54791"},{"taxonomy":"product_brand","embeddable":true,"href":"https:\/\/www.linvosges-hotellerie.com\/es\/wp-json\/wp\/v2\/product_brand?post=54791"},{"taxonomy":"product_cat","embeddable":true,"href":"https:\/\/www.linvosges-hotellerie.com\/es\/wp-json\/wp\/v2\/product_cat?post=54791"},{"taxonomy":"product_tag","embeddable":true,"href":"https:\/\/www.linvosges-hotellerie.com\/es\/wp-json\/wp\/v2\/product_tag?post=54791"},{"taxonomy":"gamme","embeddable":true,"href":"https:\/\/www.linvosges-hotellerie.com\/es\/wp-json\/wp\/v2\/gamme?post=54791"},{"taxonomy":"matiere","embeddable":true,"href":"https:\/\/www.linvosges-hotellerie.com\/es\/wp-json\/wp\/v2\/matiere?post=54791"}],"curies":[{"name":"wp","href":"https:\/\/api.w.org\/{rel}","templated":true}]}}