{"id":10326,"date":"2020-12-20T04:36:47","date_gmt":"2020-12-20T03:36:47","guid":{"rendered":"https:\/\/www.linvosges-hotellerie.fr\/?page_id=10326"},"modified":"2026-02-26T15:17:17","modified_gmt":"2026-02-26T14:17:17","slug":"demander-un-catalogue","status":"publish","type":"page","link":"https:\/\/www.linvosges-hotellerie.com\/fr\/demander-un-catalogue\/","title":{"rendered":"Demander un catalogue"},"content":{"rendered":"<h2>Retrouvez les nouvelles collections Linvosges h\u00f4tellerie dans notre catalogue interactif<\/h2>\n<p>De la d\u00e9coration au linge de bain, du linge de table \u00e0 la literie, laissez vous inspirer, conseiller, guider au fil des pages et acc\u00e9der directement aux fiches produits<\/p>\n<div style=\"text-align: center; width:480px; margin: 12px auto;\"><iframe loading=\"lazy\" src=\"\/\/v.calameo.com\/?bkcode=007468897a8849c3a540e&amp;language=fr&amp;page=&amp;showsharemenu=true&amp;clickTo=view&amp;clickTarget=_blank&amp;clickToUrl=&amp;autoFlip=0&amp;mode=mini&amp;view=book&amp;wmode=transparent\" width=\"480\" height=\"300\" style=\"width:480px;height:300px\" frameborder=\"0\" scrolling=\"no\" allowtransparency allowfullscreen><\/iframe><\/div>\n<p>D\u00e9couvrez la collection matelas et sommiers, n\u00e9e de notre collaboration avec la maison Bellecour Literie<\/p>\n<div style=\"text-align: center; width:480px; margin: 12px auto;\"><iframe loading=\"lazy\" src=\"\/\/v.calameo.com\/?bkcode=007468897a54c7f1fc8fb&amp;language=fr&amp;page=&amp;showsharemenu=true&amp;clickTo=view&amp;clickTarget=_blank&amp;clickToUrl=&amp;autoFlip=0&amp;mode=mini&amp;wmode=transparent\" width=\"480\" height=\"300\" style=\"width:480px;height:300px\" frameborder=\"0\" scrolling=\"no\" allowtransparency allowfullscreen><\/iframe><\/div>\n<p>Pour recevoir notre<\/p>\n<h1>Catalogue Linvosges H\u00f4tellerie<\/h1>\n<p>par courrier postal<\/p>\n<p>Compl\u00e9tez ce formulaire<\/p>\n<form action=\"https:\/\/crm.zoho.eu\/crm\/WebForm\" name=\"WebForm110749000030611237\" method=\"POST\" onsubmit=\"javascript:document.charset=&quot;UTF-8&quot;; return checkMandatory110749000030611237()\" accept-charset=\"UTF-8\">\n\t<input type=\"text\" style=\"display:none;\" name=\"xnQsjsdp\" value=\"6a0445a9ff00e12d39b7c1ecac528f6b39bd2b01db711ada1a9cf34f2cb68039\"><br \/>\n\t<input type=\"hidden\" name=\"zc_gad\" id=\"zc_gad\" value=\"\"><br \/>\n\t<input type=\"text\" style=\"display:none;\" name=\"xmIwtLD\" value=\"e3f3f054e8e8c2b9b815a1b59b902d1194605c042c6f95fd52336b44188eab91\"><br \/>\n\t<input type=\"text\" style=\"display:none;\" name=\"actionType\" value=\"Q3VzdG9tTW9kdWxlNQ==\"><br \/>\n\t<input type=\"text\" style=\"display:none;\" name=\"returnURL\" value=\"https:\/\/www.linvosges-hotellerie.com\/\"><br \/>\n\t\t<label for=\"NAME\">Nom Etablissement*<\/label><br \/>\n\t\t<input type=\"text\" id=\"NAME\" name=\"NAME\" maxlength=\"120\"><br \/>\n\t\t<label for=\"COBJ5CF8\">Civilit\u00e9*<\/label><br \/>\n\t\t<select id=\"COBJ5CF8\" name=\"COBJ5CF8\"><option value=\"\"><\/option><option value=\"Mr\">Mr<\/option><option value=\"Mme\">Mme<\/option><option value=\"Mlle\">Mlle<\/option><\/select><br \/>\n\t\t<label for=\"COBJ5CF9\">Nom*<\/label><br \/>\n\t\t<input type=\"text\" id=\"COBJ5CF9\" name=\"COBJ5CF9\" maxlength=\"255\"><br \/>\n\t\t<label for=\"COBJ5CF2\">Pr\u00e9nom*<\/label><br \/>\n\t\t<input type=\"text\" id=\"COBJ5CF2\" name=\"COBJ5CF2\" maxlength=\"255\"><br \/>\n\t\t<label for=\"COBJ5CF1\">T\u00e9l\u00e9phone*<\/label><br \/>\n\t\t<input type=\"text\" id=\"COBJ5CF1\" name=\"COBJ5CF1\" maxlength=\"255\"><br \/>\n\t\t<label for=\"Email\">Adresse e-mail*<\/label><br \/>\n\t\t<input type=\"text\" ftype=\"email\" id=\"Email\" name=\"Email\" maxlength=\"100\"><br \/>\n\t\t<label for=\"COBJ5CF3\">Adresse de correspondance*<\/label><br \/>\n\t\t<input type=\"text\" id=\"COBJ5CF3\" name=\"COBJ5CF3\" maxlength=\"255\"><br \/>\n\t\t<label for=\"COBJ5CF4\">Code Postal*<\/label><br \/>\n\t\t<input type=\"text\" id=\"COBJ5CF4\" name=\"COBJ5CF4\" maxlength=\"255\"><br \/>\n\t\t<label for=\"COBJ5CF5\">Ville*<\/label><br \/>\n\t\t<input type=\"text\" id=\"COBJ5CF5\" name=\"COBJ5CF5\" maxlength=\"255\"><br \/>\n\t\t<label for=\"COBJ5CF6\">Pays*<\/label><br \/>\n\t\t<input type=\"text\" id=\"COBJ5CF6\" name=\"COBJ5CF6\" maxlength=\"255\"><br \/>\n\t\t<label>Saisissez le Captcha<\/label><br \/>\n\t\t<input type=\"text\" maxlength=\"10\" name=\"enterdigest\"><br \/>\n\t\t<img decoding=\"async\" id=\"imgid\" src=\"https:\/\/crm.zoho.eu\/crm\/CaptchaServlet?formId=e3f3f054e8e8c2b9b815a1b59b902d1194605c042c6f95fd52336b44188eab91&amp;grpid=6a0445a9ff00e12d39b7c1ecac528f6b39bd2b01db711ada1a9cf34f2cb68039\"><br \/>\n\t\t\t<a href=\"javascript:;\" onclick=\"reloadImg()\">Relancer<\/a><\/p>\n<hr \/>\n<p>\t\t<input type=\"submit\" id=\"formsubmit\" value=\"Soumettre\" title=\"Soumettre\"><br \/>\n<\/form>\n<p>*champs obligatoires. Les donn\u00e9es recueillies sur ce formulaire sont destin\u00e9es \u00e0 Linvosges, responsable de traitement, pour g\u00e9rer la relation avec vous et vous apporter les r\u00e9ponses et informations que vous demandez. Conform\u00e9ment \u00e0 la loi, vous disposez de droits d\u2019acc\u00e8s, de rectification et d\u2019opposition aux donn\u00e9es vous concernant. Pour en savoir plus, consultez notre\u00a0<a href=\"https:\/\/www.linvosges-hotellerie.com\/fr\/politique-de-confidentialite\/\" target=\"_blank\" rel=\"noopener noreferrer\">politique de confidentialit\u00e9<\/a>.<\/p>\n","protected":false},"excerpt":{"rendered":"<p>Retrouvez les nouvelles collections Linvosges h\u00f4tellerie dans notre catalogue interactif De la d\u00e9coration au linge de bain, du linge de table \u00e0 la literie, laissez vous inspirer, conseiller, guider au fil des pages et acc\u00e9der directement aux fiches produits D\u00e9couvrez la collection matelas et sommiers, n\u00e9e de notre collaboration avec la maison Bellecour Literie Pour [&hellip;]<\/p>\n","protected":false},"author":1,"featured_media":10416,"parent":0,"menu_order":7,"comment_status":"closed","ping_status":"closed","template":"","meta":{"_acf_changed":false,"footnotes":""},"class_list":["post-10326","page","type-page","status-publish","has-post-thumbnail","hentry"],"acf":[],"_links":{"self":[{"href":"https:\/\/www.linvosges-hotellerie.com\/fr\/wp-json\/wp\/v2\/pages\/10326","targetHints":{"allow":["GET"]}}],"collection":[{"href":"https:\/\/www.linvosges-hotellerie.com\/fr\/wp-json\/wp\/v2\/pages"}],"about":[{"href":"https:\/\/www.linvosges-hotellerie.com\/fr\/wp-json\/wp\/v2\/types\/page"}],"author":[{"embeddable":true,"href":"https:\/\/www.linvosges-hotellerie.com\/fr\/wp-json\/wp\/v2\/users\/1"}],"replies":[{"embeddable":true,"href":"https:\/\/www.linvosges-hotellerie.com\/fr\/wp-json\/wp\/v2\/comments?post=10326"}],"version-history":[{"count":14,"href":"https:\/\/www.linvosges-hotellerie.com\/fr\/wp-json\/wp\/v2\/pages\/10326\/revisions"}],"predecessor-version":[{"id":65864,"href":"https:\/\/www.linvosges-hotellerie.com\/fr\/wp-json\/wp\/v2\/pages\/10326\/revisions\/65864"}],"wp:featuredmedia":[{"embeddable":true,"href":"https:\/\/www.linvosges-hotellerie.com\/fr\/wp-json\/wp\/v2\/media\/10416"}],"wp:attachment":[{"href":"https:\/\/www.linvosges-hotellerie.com\/fr\/wp-json\/wp\/v2\/media?parent=10326"}],"curies":[{"name":"wp","href":"https:\/\/api.w.org\/{rel}","templated":true}]}}