{"id":13149,"date":"2021-03-15T10:00:29","date_gmt":"2021-03-15T09:00:29","guid":{"rendered":"https:\/\/www.linvosges-hotellerie.fr\/?page_id=13149"},"modified":"2021-03-15T11:32:06","modified_gmt":"2021-03-15T10:32:06","slug":"charte-des-cookies","status":"publish","type":"page","link":"https:\/\/www.linvosges-hotellerie.com\/fr\/charte-des-cookies\/","title":{"rendered":"Charte des cookies"},"content":{"rendered":"\n<p>Comme un grand nombre de sites Internet, les sites LINVOSGES peuvent stocker ou r\u00e9cup\u00e9rer des informations \u00e0 partir de votre navigateur, g\u00e9n\u00e9ralement sous forme de cookies. Ces informations, qui peuvent concerner vos coordonn\u00e9es, votre navigation, vos pr\u00e9f\u00e9rences ou votre terminal (ordinateur, tablette, appareil mobile, etc.) nous permettent d&#8217;adapter nos sites en fonction de vos attentes.<\/p>\n\n<p>Un cookie a pour but, entre autres, de signaler votre passage sur le site que vous visitez. Les cookies sont utilis\u00e9s par nos sites notamment dans le but d&#8217;am\u00e9liorer le service personnalis\u00e9 qui vous est destin\u00e9 et de vous apporter plus de pertinence dans les services et offres que vous pouvez recevoir.<\/p>\n\n<p>Vous trouverez ci-apr\u00e8s plus d&#8217;informations sur les diff\u00e9rentes utilisations des cookies.<\/p>\n\n<p>Nous rappelons que suivant vos pr\u00e9f\u00e9rences, vous pouvez emp\u00eacher la mise en \u0153uvre de certains ou de l&#8217;ensemble de ces cookies.<\/p>\n\n<h3 class=\"wp-block-heading\">QUE SONT LES COOKIES ET LES TRACEURS ?<\/h3>\n\n<h4 class=\"wp-block-heading\">\u2756 Qu&#8217;est -ce qu&#8217;un cookie ?<\/h4>\n\n<p>Techniquement, un cookie est un fichier informatique, qui peut contenir n&#8217;importe quelle information et notamment un identifiant de session, les pages du site visit\u00e9es, la langue de conversation, des informations sur votre compte, etc.<\/p>\n\n<p>Ces fichiers sont g\u00e9n\u00e9ralement de petite taille. Ils sont stock\u00e9s et lus par votre navigateur ou par le syst\u00e8me d&#8217;exploitation de votre terminal (Windows, MacOs, Android, iOS, Linux etc.) ou par une application qui acc\u00e8de \u00e0 internet (par exemple une application mobile sur un smartphone).<\/p>\n\n<p>Un cookie a un nom, un contenu et une date d&#8217;expiration.<\/p>\n\n<p>Ils peuvent avoir une dur\u00e9e tr\u00e8s limit\u00e9e et dispara\u00eetre quand vous fermez la session (cookie de session) ou \u00eatre stock\u00e9s pour une dur\u00e9e de vie, jusqu&#8217;\u00e0 expiration ou jusqu&#8217;\u00e0 ce que vous les supprimiez, si c&#8217;est votre souhait. Les cookies permettant de collecter des donn\u00e9es relatives \u00e0 votre navigation peuvent \u00eatre stock\u00e9s pour une dur\u00e9e maximale de 13 mois.<\/p>\n\n<h4 class=\"wp-block-heading\">\u2756 Cookies de premi\u00e8re partie et cookies tiers<\/h4>\n\n<p>Un cookie \u00ab de premi\u00e8re partie \u00bb (ou simplement un cookie \u00ab standard \u00bb) est initialement d\u00e9pos\u00e9 par le site Internet visit\u00e9 par l&#8217;internaute. Les cookies que notre soci\u00e9t\u00e9 impl\u00e9mente sont des cookies de \u00ab premi\u00e8re partie \u00bb.<\/p>\n\n<p>Un cookie \u00ab tiers \u00bb est d\u00e9pos\u00e9 ou lu lorsque l&#8217;internaute navigue sur un site Internet, alors que ce site a int\u00e9gr\u00e9 une technologie issue d&#8217;un serveur diff\u00e9rent ; cette technologie met en \u0153uvre un cookie poss\u00e9d\u00e9 par un domaine diff\u00e9rent de celui sur lequel navigue l&#8217;internaute.<\/p>\n\n<p>Notre soci\u00e9t\u00e9 est amen\u00e9e \u00e0 permettre l&#8217;impl\u00e9mentation de cookies tiers dans le cadre de son activit\u00e9. Seul celui qui a plac\u00e9 le cookie peut lire les informations enregistr\u00e9es par le cookie d\u00e9pos\u00e9.<\/p>\n\n<p>Nous attirons votre attention sur le fait que sont enregistr\u00e9es gr\u00e2ce aux cookies, des informations li\u00e9es \u00e0 la navigation effectu\u00e9e au moyen d&#8217;un navigateur sur le terminal que vous utilisez : si plusieurs personnes utilisent le m\u00eame navigateur sur le m\u00eame terminal, les informations collect\u00e9es et trait\u00e9es gr\u00e2ce aux cookies, int\u00e9greront celles concernant tous les utilisateurs du navigateur concern\u00e9. Cela peut avoir une incidence sur l&#8217;\u00e9valuation des pr\u00e9f\u00e9rences et des centres d&#8217;int\u00e9r\u00eats associ\u00e9s au navigateur utilis\u00e9.<\/p>\n\n<p>On appelle traceur toute technologie qui permette de d\u00e9terminer qu&#8217;il s&#8217;agit du m\u00eame utilisateur \u00e0 plusieurs moments diff\u00e9rents. Les cookies, notamment les cookies tiers, sont ainsi des technologies qui peuvent \u00eatre utilis\u00e9es pour mettre en \u0153uvre des traceurs. Le serveur qui poss\u00e8de ce cookie peut alors enregistrer le fait que la navigation sur une page donn\u00e9e a \u00e9t\u00e9 effectu\u00e9e depuis un navigateur qui a d\u00e9j\u00e0 effectu\u00e9 auparavant une navigation sur un autre site et une autre page. Le navigateur est ainsi identifiable et le serveur qui lit le cookie peut y associer un historique de navigation, enregistr\u00e9 dans une base de donn\u00e9es, puis analys\u00e9.<\/p>\n\n<p>Un tel cookie tiers peut tout \u00e0 fait contenir un identifiant qui permette \u00e0 une entreprise de reconna\u00eetre l&#8217;internaute, notamment si l&#8217;internaute poss\u00e8de un compte sur un des serveurs de cette entreprise et s&#8217;il s&#8217;y est connect\u00e9 depuis son navigateur. Il existe aussi d&#8217;autres technologies permettant le tra\u00e7age, notamment les pixels de tra\u00e7age ou les empreintes de<br \/>navigateurs.<\/p>\n\n<p>Par commodit\u00e9, le terme cookies employ\u00e9 ci-apr\u00e8s d\u00e9signe l&#8217;ensemble de ces technologies (cookies et traceurs).<\/p>\n\n<p>L&#8217;utilisation des cookies permet de mieux vous servir, de conna\u00eetre votre historique de navigation et de d\u00e9terminer vos centres d&#8217;int\u00e9r\u00eats probables, notamment pour vous proposer des contenus qui vous int\u00e9ressent plus que d&#8217;autres ou encore pour vous reconna\u00eetre, notamment lorsque vous passez commande sur des sites partenaires d&#8217;un programme de cash-back.<\/p>\n\n<h3 class=\"wp-block-heading\">VOTRE CONSENTEMENT \u00c0 L&#8217;INSTALLATION DE COOKIES<\/h3>\n\n<p>Le R\u00e8glement G\u00e9n\u00e9ral sur la Protection des Donn\u00e9es europ\u00e9en et la loi Informatique et libert\u00e9s obligent un site \u00e0 vous informer sur sa politique d&#8217;implantation et de gestion de cookies.<\/p>\n\n<p><strong>Les cookies exempt\u00e9s de consentement sont les cookies strictement n\u00e9cessaires \u00e0 la fourniture d&#8217;un service express\u00e9ment demand\u00e9 par l&#8217;utilisateur.<\/strong><\/p>\n\n<p>Ainsi, par exemple, les cookies suivants ne requi\u00e8rent pas de consentement :<\/p>\n\n<ul class=\"wp-block-list\">\n<li>Les cookies \u00ab identifiants de session \u00bb, pour la dur\u00e9e d&#8217;une session, ou les cookies persistants limit\u00e9s \u00e0 quelques heures dans certains cas ;<\/li>\n<li>Les cookies d&#8217;authentification ;<\/li>\n<li>Les cookies de session cr\u00e9\u00e9s par un lecteur multim\u00e9dia ;<\/li>\n<li>Les cookies de session d&#8217;\u00e9quilibrage de charge (\u00ab load balancing \u00bb) ;<\/li>\n<li>Les cookies persistants de personnalisation de l&#8217;interface utilisateur (choix de langue ou de pr\u00e9sentation) ;<\/li>\n<li>Les cookies de \u00ab panier d&#8217;achat \u00bb pour un site marchand ;<\/li>\n<\/ul>\n\n<p>Les cookies n\u00e9cessitant le recueil de votre consentement sont, notamment :<\/p>\n\n<ul class=\"wp-block-list\">\n<li>Les cookies li\u00e9s aux op\u00e9rations relatives \u00e0 la publicit\u00e9 ;<\/li>\n<li>Les cookies utilis\u00e9s par les r\u00e9seaux sociaux, notamment ceux g\u00e9n\u00e9r\u00e9s par les boutons de partage de r\u00e9seaux sociaux lorsqu&#8217;ils collectent des donn\u00e9es personnelles sans consentement des personnes concern\u00e9es ;<\/li>\n<li>La plupart des cookies de mesure d&#8217;audience.<\/li>\n<\/ul>\n\n<p>L&#8217;information relative \u00e0 l&#8217;utilisation des cookies vous est donn\u00e9e au moyen :<\/p>\n\n<ul class=\"wp-block-list\">\n<li><strong>D&#8217;un bandeau<\/strong>\u00a0s&#8217;affichant sur la page d&#8217;accueil de nos sites lors de votre premi\u00e8re visite, qui vous informe de la pr\u00e9sence et des finalit\u00e9s des cookies utilis\u00e9es, de la possibilit\u00e9 de s&#8217;opposer aux traitement mis en \u0153uvre gr\u00e2ce \u00e0 certains de ces cookies et de changer les param\u00e8tres de gestion de cookies de vos navigateurs. Ce bandeau vous propose d&#8217;acc\u00e9der au pr\u00e9sent document d&#8217;information qui vous renseigne sur notre politique en mati\u00e8re de cookies et d&#8217;accepter la politique de confidentialit\u00e9 et cookies. Il vous informe du fait que la poursuite votre navigation, un clic sur un autre \u00e9l\u00e9ment ou la visite d&#8217;une autre page du site vaut acceptation.<\/li>\n<li><strong>De la pr\u00e9sente charte<\/strong>\u00a0d&#8217;information accessible \u00e0 tout moment de votre consultation du Site, qui vous informe sur les possibilit\u00e9s de param\u00e9trer vos navigateurs suivant vos pr\u00e9f\u00e9rences, \u00e0 l&#8217;exception des cookies n\u00e9cessaires au fonctionnement du site.<\/li>\n<\/ul>\n\n<h3 class=\"wp-block-heading\">QUELLES SONT LES FINALIT\u00c9S ASSOCI\u00c9ES AU TRAITEMENT DES COOKIES MIS EN \u0152UVRE PAR NOTRE SITE SUR VOTRE NAVIGATEUR ?<\/h3>\n\n<p>Lorsque vous vous connectez \u00e0 notre site, notre soci\u00e9t\u00e9 peut \u00eatre amen\u00e9e \u00e0 installer plusieurs types de cookies.<\/p>\n\n<p>Les cookies sont mis en \u0153uvre sur nos sites web dans les seuls cas pr\u00e9vus et autoris\u00e9s par la r\u00e9glementation en vigueur et utilis\u00e9s aux fins d\u00e9crites ci-apr\u00e8s :<\/p>\n\n<ul class=\"wp-block-list\">\n<li>L&#8217;ex\u00e9cution d&#8217;un contrat ou le traitement de vos demandes et de vos commandes<\/li>\n<li>Le respect d&#8217;une obligation l\u00e9gale<\/li>\n<li>Votre consentement<\/li>\n<li>L&#8217;existence d&#8217;un int\u00e9r\u00eat l\u00e9gitime \u00e0 traiter des donn\u00e9es vous concernant ou \u00e0 permettre \u00e0 nos partenaires de traiter ces donn\u00e9es.<\/li>\n<\/ul>\n\n<h4 class=\"wp-block-heading\">\u2756 Cookies n\u00e9cessaires<\/h4>\n\n<p>Certains cookies sont n\u00e9cessaires au bon fonctionnement de nos sites, en ce qu\u2019ils vous permettent de naviguer sur le site, en gardant la trace de votre connexion \u00e0 votre compte ou en permettant de conserver le contenu de votre panier quand vous changez de page ou m\u00eame si vous quittez notre site Internet momentan\u00e9ment, et de s\u00e9lectionner vos produits et valider vos commandes.<\/p>\n\n<p>Ces cookies purement fonctionnels proc\u00e8dent d\u2019une n\u00e9cessit\u00e9, pour lesquels votre consentement n\u2019est pas n\u00e9cessaire, car sans eux le fonctionnement du site ne serait pas possible ou serait imparfait, et peuvent \u00eatre plac\u00e9s et lus sur votre terminal, sans qu\u2019il soit besoin d\u2019un consentement et donc sans<br \/>attendre la poursuite de la navigation.<\/p>\n\n<p>Ils sont li\u00e9s \u00e0 l\u2019ergonomie ou au fonctionnement de nos sites (panier, compte, langue, gestion des newsletters, sauvegarde de vos pr\u00e9f\u00e9rences en mati\u00e8re de cookies, etc.).<\/p>\n\n<h4 class=\"wp-block-heading\">\u2756 Cookies fonctionnels optionnels<\/h4>\n\n<p>Les cookies fonctionnels sont optionnels et utiles \u00e0 une navigation optimis\u00e9e, am\u00e9lior\u00e9e et plus ergonomique de notre site Internet, par exemple en retenant certaines de vos pr\u00e9f\u00e9rences ou pour permettre l\u2019affichage plus rapide de nos pages.<\/p>\n\n<p>Ils r\u00e9pondent \u00e0 notre int\u00e9r\u00eat l\u00e9gitime.<\/p>\n\n<p>Il en est ainsi des cookies et traceurs de relance de panier abandonn\u00e9, qui nous permettent de revenir vers vous lorsque vous avez manifest\u00e9 un int\u00e9r\u00eat pour nos produits et que vous n\u2019\u00eates pas all\u00e9 jusqu\u2019au bout du processus de commande, afin de vous rappeler que vous avez un panier en attente sur notre site que vous pouvez reprendre \u00e0 tout moment et le cas \u00e9ch\u00e9ant de vous proposer nos services et vous apporter le compl\u00e9ment d\u2019explications qui vous serait n\u00e9cessaire.<\/p>\n\n<p>Votre consentement ne soit pas n\u00e9cessaire \u00e0 la mise en \u0153uvre de ces cookies fonctionnels, la loi vous permet cependant, de vous opposer aux traitements bas\u00e9s sur l\u2019int\u00e9r\u00eat l\u00e9gitime. Pour cela, il vous suffit de d\u00e9sactiver les cookies dont vous ne voulez pas qu\u2019ils soient trait\u00e9s, par l\u2019un des moyens qui vous sont pr\u00e9sent\u00e9s ci-apr\u00e8s.<\/p>\n\n<h4 class=\"wp-block-heading\">\u2756 Cookies de statistiques, de mesures d\u2019audience ou de performance<\/h4>\n\n<p>Ces cookies d\u2019analyse et de mesure d\u2019audience nous permettent de comprendre comment nos visiteurs utilisent nos sites, d&#8217;identifier les pages les plus vues et les moins consult\u00e9es et comment les internautes nous d\u00e9couvrent. Ils comptabilisent \u00e9galement le nombre de visiteurs, le temps pass\u00e9 par chaque visiteur sur le site, ainsi que les moteurs de recherche du site. Ces cookies nous permettent d&#8217;optimiser le site et de nous assurer du chargement et de l&#8217;affichage optimal de chaque page.<\/p>\n\n<p>Les cookies d\u2019analyse et de mesure d\u2019audience utilis\u00e9s sur nos sites sont des cookies de tiers que nous avons limitativement choisis dans le but de r\u00e9aliser des objectifs d\u00e9termin\u00e9s.<\/p>\n\n<h4 class=\"wp-block-heading\">\u2756 Cookies destin\u00e9s au ciblage et \u00e0 la personnalisation des publicit\u00e9s pr\u00e9sentes sur nos sites et autres applications<\/h4>\n\n<p>Les cookies destin\u00e9s au ciblage et \u00e0 la personnalisation des publicit\u00e9s permettent essentiellement de pouvoir constituer un historique de navigation et d\u2019en d\u00e9duire des centres d\u2019int\u00e9r\u00eats probables de<br \/>l\u2019utilisateur, que nous pouvons rapprocher des identifiants ou des coordonn\u00e9es permettant de contacter l\u2019utilisateur, notamment son adresse de courriel, afin de pouvoir lui pr\u00e9senter des offres de produits, services et publicit\u00e9s qui sont susceptibles de lui correspondre, ainsi que des contenus et des publicit\u00e9s adapt\u00e9s \u00e0 ses int\u00e9r\u00eats.<\/p>\n\n<p>Cela peut aussi permettre d\u2019envoyer un message \u00e0 un internaute qui a commenc\u00e9 sur un de nos sites \u00e0 remplir son panier en vue de nous passer commande, mais n\u2019a ni finalis\u00e9 sa commande ni vid\u00e9 son panier.<\/p>\n\n<p>Ils servent \u00e9galement \u00e0 limiter la fr\u00e9quence d&#8217;affichage d&#8217;une m\u00eame publicit\u00e9 et \u00e0 mesurer l&#8217;impact d&#8217;une campagne publicitaire. Install\u00e9s par FRAN\u00c7OISE SAGET ou par des partenaires de notre r\u00e9seau publicitaire, ils permettent de vous proposer des publicit\u00e9s adapt\u00e9es sur d&#8217;autres sites Web<br \/>que vous visitez.<\/p>\n\n<p>Notre soci\u00e9t\u00e9 utilise les services de plateforme de publicit\u00e9s personnalis\u00e9es.<\/p>\n\n<p><strong>Important\u00a0:<\/strong><br \/>Pour en savoir plus sur l&#8217;utilisation de ces informations ou changer vos param\u00e8tres en termes de publicit\u00e9s personnalis\u00e9es propos\u00e9es par des tiers, vous pouvez-vous rendre sur le site de l&#8217;European Interactive Digital Advertising Alliance en cliquant ici.<\/p>\n\n<p><strong>Avertissement\u00a0:<\/strong> D\u00e9sactiver les cookies de ciblage ne d\u00e9sactive pas les publicit\u00e9s. Quand vous d\u00e9sactivez un ou plusieurs traceurs de cette cat\u00e9gorie, vous continuerez \u00e0 voir des publicit\u00e9s, mais ces derni\u00e8res ne seront plus adapt\u00e9es en fonction des analyses de votre comportement, ce seront alors des publicit\u00e9s \u00ab g\u00e9n\u00e9riques \u00bb. La fr\u00e9quence d&#8217;affichage d&#8217;une<br \/>m\u00eame publicit\u00e9 ne sera \u00e9galement pas limit\u00e9e dans ce cas.<\/p>\n\n<h4 class=\"wp-block-heading\">\u2756 Cookies de r\u00e9seaux sociaux et applications tierces int\u00e9gr\u00e9es \u00e0 notre site<\/h4>\n\n<p>LINVOSGES peut \u00eatre amen\u00e9e \u00e0 vous proposer des applications de r\u00e9seaux sociaux, lesquels pourront mettre en \u0153uvre des cookies sur nos sites.<\/p>\n\n<p>Ces fonctionnalit\u00e9s utilisent des cookies tiers directement d\u00e9pos\u00e9s par ces services, qui permettent de vous identifier.<\/p>\n\n<p>La plupart de ces cookies s&#8217;appuient sur des techniques de tra\u00e7age pour la reconnaissance del&#8217;internaute (ou de son navigateur).<\/p>\n\n<p>Nous attirons votre attention sur le fait que le r\u00e9seau social est susceptible de vous identifier gr\u00e2ce \u00e0 un bouton applicatif, si vous l&#8217;utilisez, mais \u00e9galement si vous ne l&#8217;utilisez pas pendant votre visite sur l&#8217;un de nos sites, lorsqu&#8217;une session sur le r\u00e9seau social s&#8217;est trouv\u00e9e ouverte dans votre navigateur. Si vous ne souhaitez pas que votre navigation sur l&#8217;un de nos sites soit li\u00e9e \u00e0 votre compte sur un r\u00e9seau social, vous pouvez fermer vos sessions ouvertes sur le r\u00e9seau social en question et effacer les cookies d\u00e9pos\u00e9s par les sites du r\u00e9seau social, avant de naviguer sur nos sites. Nous ne pouvons pas contr\u00f4ler le processus employ\u00e9 par les r\u00e9seaux sociaux pour collecter des informations relatives \u00e0 la navigation sur nos sites et<br \/>associ\u00e9es aux donn\u00e9es personnelles qu&#8217;ils ont par ailleurs recueillies sur vous.<\/p>\n\n<p>Nous vous recommandons de lire avec attention les politiques de protection de la vie priv\u00e9e de ces r\u00e9seaux sociaux afin de prendre connaissance des finalit\u00e9s d&#8217;utilisation, notamment publicitaires ou de tra\u00e7age des donn\u00e9es de navigation au moyen des cookies plac\u00e9s par ces r\u00e9seaux sociaux, de la gestion des cookies et des informations recueillies par ces cookies et d&#8217;exercer vos choix aupr\u00e8s des r\u00e9seaux sociaux, notamment en param\u00e9trant vos comptes d&#8217;utilisation de chacun de ces r\u00e9seaux.<\/p>\n\n<p>Pour g\u00e9rer vos pr\u00e9f\u00e9rences en ce qui concerne les cookies de Facebook, merci de vous r\u00e9f\u00e9rer \u00e0 cette page :\u00a0https:\/\/www.facebook.com\/policies\/cookies\/<br \/>Pour g\u00e9rer vos pr\u00e9f\u00e9rences en ce qui concerne les cookies de Pinterest, merci de vous r\u00e9f\u00e9rer \u00e0 cette page :\u00a0https:\/\/policy.pinterest.com\/fr\/cookies<br \/>Pour g\u00e9rer vos pr\u00e9f\u00e9rences en ce qui concerne les cookies d&#8217;Instagram, merci de vous r\u00e9f\u00e9rer \u00e0 cette page :\u00a0https:\/\/help.instagram.com\/1896641480634370<\/p>\n\n<h4 class=\"wp-block-heading\">\u2756 Modification des cookies sur nos sites<\/h4>\n\n<p>La liste des cookies utilis\u00e9s \u00e9volue de mani\u00e8re constante dans le temps.<\/p>\n\n<h3 class=\"wp-block-heading\">QUELLE EST LA DUR\u00c9E DE CONSERVATION DES COOKIES G\u00c9N\u00c9R\u00c9S PAR NOS SITES ?<\/h3>\n\n<p>Les cookies permettant de vous proposer du contenu personnalis\u00e9 g\u00e9n\u00e9r\u00e9s directement par<br \/>nos sites Internet ont une dur\u00e9e de conservation de 13 mois au maximum.<\/p>\n\n<h3 class=\"wp-block-heading\">COMMENT PARAM\u00c9TRER LES COOKIES, G\u00c9RER VOS PR\u00c9F\u00c9RENCES ET D\u00c9SACTIVER LES COOKIES QUE VOUS NE SOUHAITEZ PAS ?<\/h3>\n\n<h4 class=\"wp-block-heading\">\u2756 Gestion des cookies suivant vos pr\u00e9f\u00e9rences et avertissement<\/h4>\n\n<p>Vous avez en effet, la possibilit\u00e9 d&#8217;accepter ou de refuser les cookies de plusieurs moyens qui vous sont ci-apr\u00e8s pr\u00e9sent\u00e9s :<\/p>\n\n<p>Si les cookies non n\u00e9cessaires ne correspondent pas \u00e0 vos pr\u00e9f\u00e9rences ou si vous avez des inqui\u00e9tudes concernant l&#8217;utilisation des cookies, vous pouvez modifier les param\u00e8tres de votre navigateur afin de bloquer uniquement certains types de cookies.<\/p>\n\n<h4 class=\"wp-block-heading\">\u2756 La configuration de votre navigateur<\/h4>\n\n<p>Il vous est possible de param\u00e9trer votre logiciel de navigation pour accepter ou refuser de mani\u00e8re syst\u00e9matique ou de mani\u00e8re ponctuelle le d\u00e9p\u00f4t et l&#8217;enregistrement de cookies sur votre terminal.<\/p>\n\n<p>Reportez-vous \u00e0 l&#8217;aide de votre navigateur ou \u00e0 la page suivante pour en savoir plus :\u00a0https:\/\/www.cnil.fr\/fr\/cookies-les-outils-pour-les-maitriser<\/p>\n\n<h4 class=\"wp-block-heading\">\u2756 L&#8217;UTILISATION DE LA PLATEFORME EN LIGNE YOURONLINECHOICES<\/h4>\n\n<p>Pour contr\u00f4ler globalement les cookies tiers mis en place par d&#8217;autres sites ou services \u00e0 des fins de publicit\u00e9s et de contenus cibl\u00e9s, vous pouvez utiliser la plateforme en ligne propos\u00e9e par les professionnels de la publicit\u00e9 digitale regroup\u00e9s au sein de l&#8217;association europ\u00e9enne EDAA et g\u00e9r\u00e9 en France par l&#8217;Interactive Advertising Bureau France :<\/p>\n\n<p>http:\/\/www.youronlinechoices.com\/fr\/controler-ses-cookies\/<\/p>\n\n<p>Lorsque vous utilisez les services de l&#8217;European Interactive Digital Advertising Alliance pour d\u00e9sactiver la publicit\u00e9 comportementale d&#8217;une plateforme donn\u00e9e, cela a un effet sur tous les sites qui mettent en \u0153uvre les services de cette plateforme. Elle permet aussi, en un clic, de<br \/>d\u00e9sactiver les traceurs pour toutes les soci\u00e9t\u00e9s affili\u00e9es.<\/p>\n\n<p>Ces d\u00e9sactivations se font en d\u00e9posant des cookies qui enregistrent le fait que vous ne voulez pas \u00eatre trac\u00e9 par une soci\u00e9t\u00e9 donn\u00e9e. Ainsi si vous effacez les cookies correspondants, votre d\u00e9sinscription des programmes d&#8217;analyse comportementale sera perdue et vous devrez refairele processus si vous voulez vous d\u00e9sinscrire de nouveau.<\/p>\n\n<p>Notez enfin que cette plateforme ne d\u00e9sactive pas les publicit\u00e9s : quand vous d\u00e9sactivez les traceurs d&#8217;une soci\u00e9t\u00e9 via cette plateforme, vous continuerez \u00e0 voir des publicit\u00e9s propos\u00e9es par l&#8217;interm\u00e9diaire de cette soci\u00e9t\u00e9, mais ces derni\u00e8res ne seront plus adapt\u00e9es en fonction des analyses de votre comportement, ce seront alors des publicit\u00e9s \u00ab g\u00e9n\u00e9riques \u00bb.<\/p>\n\n<h4 class=\"wp-block-heading\">\u2756 L&#8217;UTILISATION DE PLUGICIELS<\/h4>\n\n<p>Un plugiciel (\u00e9galement appel\u00e9 plug in) est un logiciel d&#8217;application compl\u00e9mentaire qui, associ\u00e9 \u00e0 un navigateur Web, entre automatiquement en action en pr\u00e9sence d&#8217;un objet multim\u00e9dia, et ce, sans que l&#8217;utilisateur ait \u00e0 intervenir.<\/p>\n\n<p>Vous pouvez utiliser des plugiciels qui vous permettent de d\u00e9sactiver les cookies, site par site, et optionnellement globalement Pour d\u00e9sactiver la plupart des cookies traceurs globalement ou seulement sur certains sites, vous pouvez utiliser des plugiciels pour navigateur, notamment Ghostery, uBlock, disconnect et privacy badger etc.<\/p>\n\n<h3 class=\"wp-block-heading\">COMMENT METTONS-NOUS A JOUR NOTRE POLITIQUE EN MATI\u00c8RE DE COOKIES ?<\/h3>\n\n<p>Nous mettons \u00e0 jour p\u00e9riodiquement notre politique en mati\u00e8re de cookies, afin de tenir compte des changements de l\u00e9gislation et de nos pratiques et de l&#8217;implantation ou la suppression de nouveaux cookies.<\/p>\n\n<p>En cas de modification de notre politique, un nouveau bandeau s&#8217;affiche lors de votre connexion post\u00e9rieure \u00e0 la mise \u00e0 jour de notre document d&#8217;information.<\/p>\n","protected":false},"excerpt":{"rendered":"<p>Comme un grand nombre de sites Internet, les sites LINVOSGES peuvent stocker ou r\u00e9cup\u00e9rer des informations \u00e0 partir de votre navigateur, g\u00e9n\u00e9ralement sous forme de cookies. Ces informations, qui peuvent concerner vos coordonn\u00e9es, votre navigation, vos pr\u00e9f\u00e9rences ou votre terminal (ordinateur, tablette, appareil mobile, etc.) nous permettent d&#8217;adapter nos sites en fonction de vos attentes. [&hellip;]<\/p>\n","protected":false},"author":1,"featured_media":10416,"parent":0,"menu_order":8,"comment_status":"closed","ping_status":"closed","template":"","meta":{"_acf_changed":false,"footnotes":""},"class_list":["post-13149","page","type-page","status-publish","has-post-thumbnail","hentry"],"acf":[],"_links":{"self":[{"href":"https:\/\/www.linvosges-hotellerie.com\/fr\/wp-json\/wp\/v2\/pages\/13149","targetHints":{"allow":["GET"]}}],"collection":[{"href":"https:\/\/www.linvosges-hotellerie.com\/fr\/wp-json\/wp\/v2\/pages"}],"about":[{"href":"https:\/\/www.linvosges-hotellerie.com\/fr\/wp-json\/wp\/v2\/types\/page"}],"author":[{"embeddable":true,"href":"https:\/\/www.linvosges-hotellerie.com\/fr\/wp-json\/wp\/v2\/users\/1"}],"replies":[{"embeddable":true,"href":"https:\/\/www.linvosges-hotellerie.com\/fr\/wp-json\/wp\/v2\/comments?post=13149"}],"version-history":[{"count":0,"href":"https:\/\/www.linvosges-hotellerie.com\/fr\/wp-json\/wp\/v2\/pages\/13149\/revisions"}],"wp:featuredmedia":[{"embeddable":true,"href":"https:\/\/www.linvosges-hotellerie.com\/fr\/wp-json\/wp\/v2\/media\/10416"}],"wp:attachment":[{"href":"https:\/\/www.linvosges-hotellerie.com\/fr\/wp-json\/wp\/v2\/media?parent=13149"}],"curies":[{"name":"wp","href":"https:\/\/api.w.org\/{rel}","templated":true}]}}