{"id":15462,"date":"2022-12-02T02:50:05","date_gmt":"2022-12-02T01:50:05","guid":{"rendered":"https:\/\/www.linvosges-hotellerie.fr\/?page_id=15462"},"modified":"2025-10-30T11:07:57","modified_gmt":"2025-10-30T10:07:57","slug":"obtenir-un-devis","status":"publish","type":"page","link":"https:\/\/www.linvosges-hotellerie.com\/fr\/obtenir-un-devis\/","title":{"rendered":"Obtenir un devis"},"content":{"rendered":"<h1>Obtenir un devis<\/h1>\n<p role=\"status\" aria-live=\"polite\" aria-atomic=\"true\">\n<ul><\/ul>\n<form action=\"\/wp-admin\/admin-ajax.php#wpcf7-f15465-o1\" method=\"post\" novalidate=\"novalidate\" data-status=\"init\">\n<input type=\"hidden\" name=\"_wpcf7\" value=\"15465\" \/><br \/>\n<input type=\"hidden\" name=\"_wpcf7_version\" value=\"5.6.4\" \/><br \/>\n<input type=\"hidden\" name=\"_wpcf7_locale\" value=\"fr_FR\" \/><br \/>\n<input type=\"hidden\" name=\"_wpcf7_unit_tag\" value=\"wpcf7-f15465-o1\" \/><br \/>\n<input type=\"hidden\" name=\"_wpcf7_container_post\" value=\"0\" \/><br \/>\n<input type=\"hidden\" name=\"_wpcf7_posted_data_hash\" value=\"\" \/><br \/>\n<input type=\"hidden\" name=\"_wpcf7_recaptcha_response\" value=\"\" \/><\/p>\n<p><label>\u00c9tablissement <input type=\"text\" name=\"your-business\" value=\"\" size=\"40\" aria-required=\"true\" aria-invalid=\"false\" \/><\/label><label>Civilit\u00e9* <select name=\"civilite\" aria-required=\"true\" aria-invalid=\"false\"><option value=\"\">&#8212;<\/option><option value=\"Mme\">Mme<\/option><option value=\"M.\">M.<\/option><\/select><\/label><label>Nom* <input type=\"text\" name=\"your-name\" value=\"\" size=\"40\" aria-required=\"true\" aria-invalid=\"false\" \/><\/label><label>Adresse* <input type=\"text\" name=\"your-adress\" value=\"\" size=\"40\" aria-required=\"true\" aria-invalid=\"false\" \/><\/label><label>Code postal* <input type=\"number\" name=\"your-postal-code\" value=\"\" aria-required=\"true\" aria-invalid=\"false\" \/><\/label><label>Ville* <input type=\"text\" name=\"your-city\" value=\"\" size=\"40\" aria-required=\"true\" aria-invalid=\"false\" \/><\/label><label>T\u00e9l\u00e9phone* <input type=\"tel\" name=\"your-phone\" value=\"\" size=\"40\" aria-required=\"true\" aria-invalid=\"false\" \/><\/label><label>E-mail* <input type=\"email\" name=\"your-email\" value=\"\" size=\"40\" aria-required=\"true\" aria-invalid=\"false\" \/><\/label><label>Message <textarea name=\"your-message\" cols=\"40\" rows=\"10\" aria-invalid=\"false\"><\/textarea><\/label><br \/>\n<input type=\"hidden\" name=\"cart-detail\" value=\"[table][thead][tr][th]R\u00e9f[\/th][th]Produit[\/th][th]Quantit\u00e9[\/th][th]Prix[\/th][\/tr][\/thead][tbody][tr][td]8804103[\/td][td][strong]Tablier \u00e0 bavette avec poche Augustin Polycoton - Blanc, 95x102 cm[\/strong][div]Couleur : Blanc[\/div][div]Dimensions : 95x102 cm[\/div][\/td][td]100[\/td][td]683,00 \u20ac HT[\/td][\/tr][\/tbody][tfoot][tr][th colspan=&quot;3&quot;][\/th][th]683 \u20ac HT[\/th][\/tr][\/tfoot][\/table]\" size=\"40\" aria-invalid=\"false\" \/><\/p>\n<p><strong>*champ obligatoire<\/strong><\/p>\n<p style=\"color:#C1422D\">Le contenu de votre panier sera automatiquement joint \u00e0 votre demande de devis.<\/p>\n<p><input type=\"submit\" value=\"Envoyer\" \/><\/p>\n<p style=\"display: none !important;\"><label>&#916;<textarea name=\"_wpcf7_ak_hp_textarea\" cols=\"45\" rows=\"8\" maxlength=\"100\"><\/textarea><\/label><input type=\"hidden\" id=\"ak_js_1\" name=\"_wpcf7_ak_js\" value=\"181\"\/><\/p>\n<\/form>\n","protected":false},"excerpt":{"rendered":"<p>Obtenir un devis \u00c9tablissement Civilit\u00e9* &#8212;MmeM.Nom* Adresse* Code postal* Ville* T\u00e9l\u00e9phone* E-mail* Message *champ obligatoire Le contenu de votre panier sera automatiquement joint \u00e0 votre demande de devis. &#916;<\/p>\n","protected":false},"author":1,"featured_media":61293,"parent":0,"menu_order":0,"comment_status":"closed","ping_status":"closed","template":"","meta":{"_acf_changed":false,"footnotes":""},"class_list":["post-15462","page","type-page","status-publish","has-post-thumbnail","hentry"],"acf":[],"_links":{"self":[{"href":"https:\/\/www.linvosges-hotellerie.com\/fr\/wp-json\/wp\/v2\/pages\/15462","targetHints":{"allow":["GET"]}}],"collection":[{"href":"https:\/\/www.linvosges-hotellerie.com\/fr\/wp-json\/wp\/v2\/pages"}],"about":[{"href":"https:\/\/www.linvosges-hotellerie.com\/fr\/wp-json\/wp\/v2\/types\/page"}],"author":[{"embeddable":true,"href":"https:\/\/www.linvosges-hotellerie.com\/fr\/wp-json\/wp\/v2\/users\/1"}],"replies":[{"embeddable":true,"href":"https:\/\/www.linvosges-hotellerie.com\/fr\/wp-json\/wp\/v2\/comments?post=15462"}],"version-history":[{"count":27,"href":"https:\/\/www.linvosges-hotellerie.com\/fr\/wp-json\/wp\/v2\/pages\/15462\/revisions"}],"predecessor-version":[{"id":64369,"href":"https:\/\/www.linvosges-hotellerie.com\/fr\/wp-json\/wp\/v2\/pages\/15462\/revisions\/64369"}],"wp:featuredmedia":[{"embeddable":true,"href":"https:\/\/www.linvosges-hotellerie.com\/fr\/wp-json\/wp\/v2\/media\/61293"}],"wp:attachment":[{"href":"https:\/\/www.linvosges-hotellerie.com\/fr\/wp-json\/wp\/v2\/media?parent=15462"}],"curies":[{"name":"wp","href":"https:\/\/api.w.org\/{rel}","templated":true}]}}