{"id":22,"date":"2020-09-17T13:51:19","date_gmt":"2020-09-17T11:51:19","guid":{"rendered":"https:\/\/www.linvosges-hotellerie.fr\/?page_id=22"},"modified":"2026-01-23T16:07:48","modified_gmt":"2026-01-23T15:07:48","slug":"esprit-linvosges","status":"publish","type":"page","link":"https:\/\/www.linvosges-hotellerie.com\/fr\/esprit-linvosges\/","title":{"rendered":"L&#8217;esprit Linvosges"},"content":{"rendered":"<h1>L&#8217;esprit Linvosges<\/h1>\n<p>Chaque jour, les femmes et les hommes de Linvosges pr\u00e9servent l\u2019excellence<br \/>\net la qualit\u00e9 qui animent l\u2019esprit Linvosges depuis pr\u00e8s d\u2019un si\u00e8cle.<\/p>\n<p>Le travail des belles mati\u00e8res, le raffinement de nos finitions, l\u2019originalit\u00e9 associant modernit\u00e9 et tradition trouvent leurs origines dans l\u2019h\u00e9ritage culturel de Linvosges : L\u2019amour du beau linge.<\/p>\n<h2>Du conseil \u00e0 l&#8217;installation<\/h2>\n<p>Des plus simples id\u00e9es peuvent na\u00eetre les plus beaux projets. Linvosges vous accompagne pour les r\u00e9aliser et les sublimer.<\/p>\n<p>Depuis le d\u00e9but du si\u00e8cle dernier, nous mettons \u00e0 votre service tous les talents et comp\u00e9tences de notre entreprise en conjuguant tradition et modernit\u00e9, rigueur et excellence. Qu\u2019il s\u2019agisse de la cr\u00e9ation d\u2019un h\u00f4tel, de chambres d\u2019h\u00f4tes, d\u2019un restaurant ou encore du souhait de renouveler la d\u00e9coration de votre \u00e9tablissement, Linvosges H\u00f4tellerie s\u2019engage \u00e0 vous donner le meilleur.<\/p>\n<p>Pour maintenir cette exigence de qualit\u00e9, notre \u00e9quipe d\u2019experts h\u00f4tellerie applique une d\u00e9marche simple en 7 \u00e9tapes.<\/p>\n<p>1<\/p>\n<h3>Diagnostic<\/h3>\n<p>Ensemble, nous \u00e9tudions vos besoins et vos contraintes.<\/p>\n<p>Nous sommes \u00e0 votre \u00e9coute et recueillons tous les \u00e9l\u00e9ments n\u00e9cessaires \u00e0 la compr\u00e9hension de vos attentes.<\/p>\n<p>2<\/p>\n<h3>Conseil<\/h3>\n<p>Nous vous apportons un regard professionnel pour vous accompagner dans vos choix et vous guider dans votre projet.<\/p>\n<p>Nous \u00e9tudions les crit\u00e8res esth\u00e9tiques, les aspects techniques mais aussi les conditions d\u2019entretien, de poses et tous les d\u00e9tails qui feront la r\u00e9ussite de votre projet.<\/p>\n<p>3<\/p>\n<h3>La s\u00e9lection<br \/>\ndes mati\u00e8res,<br \/>\ndes couleurs<\/h3>\n<p>La collection Linvosges H\u00f4tellerie se veut des plus \u00e9clectiques pour que chacun puisse s\u2019y reconnaitre.<\/p>\n<p>Que ce soit pour draper vos lits, parer vos salles de bain, dresser vos tables, orner vos fen\u00eatres, nous vous proposons un large choix d\u2019\u00e9toffes tiss\u00e9es de fibres naturelles telles que le coton et le lin ou synth\u00e9tiques comme le polyester, une grande vari\u00e9t\u00e9 de textures, des satins, des velours\u2026\u00a0 d\u00e9clin\u00e9e dans une infinie palette de nuances, des blancs mats aux couleurs acidul\u00e9es.<\/p>\n<p>Nous pouvons aussi cr\u00e9er des tissus sur-mesure en parfaite harmonie avec votre projet.<\/p>\n<p>4<\/p>\n<h3>Propositions<\/h3>\n<p>Notre service client, bas\u00e9 \u00e0 G\u00e9rardmer, r\u00e9alise votre devis personnalis\u00e9.<\/p>\n<p>Celui-ci reprend tous les points \u00e9voqu\u00e9s avec votre expert et tient compte des diff\u00e9rents crit\u00e8res d\u2019exigence tels que la qualit\u00e9, les dimensions, le budget, les d\u00e9lais et adresse de livraison.<\/p>\n<p>Ce devis peut \u00eatre accompagn\u00e9 d\u2019\u00e9chantillons.<\/p>\n<p>5<\/p>\n<h3>\u00c9changes, Validations<\/h3>\n<p>Votre expert h\u00f4tellerie \u00e9change avec vous sur la proposition et r\u00e9pond \u00e0 vos interrogations.<\/p>\n<p>Apr\u00e8s avoir v\u00e9rifi\u00e9 et valid\u00e9 les informations figurant sur votre devis, votre bon pour accord sign\u00e9 actera votre commande et lancera le processus de fabrication.<\/p>\n<p>6<\/p>\n<h3>Confection dans nos ateliers<\/h3>\n<p>Depuis pr\u00e8s d\u2019un si\u00e8cle, nos petites mains mettent tout en \u0153uvre pour allier des finitions tr\u00e8s soign\u00e9es au raffinement des \u00e9toffes. Toutes les confections sur-mesure sont r\u00e9alis\u00e9es dans notre atelier de G\u00e9rardmer, dans les Vosges, par des artisans m\u00e9ticuleux et hautement qualifi\u00e9s. Ils suivent un protocole de fabrication ob\u00e9issant \u00e0 nos plus strictes exigences de qualit\u00e9. Couturi\u00e8res, brodeuses, piqueuses, coupeurs sont les meilleurs atouts de notre marque. Selon la nature de votre projet, Linvosges s\u2019appuie \u00e9galement sur des artisans partenaires, en France et en Europe, respectant scrupuleusement notre cahier des charges.<\/p>\n<p>7<\/p>\n<h3>Livraison et pose<\/h3>\n<p>Votre commande est pr\u00e9par\u00e9e avec soin par notre service logistique et confi\u00e9e \u00e0 un transporteur de confiance pour une livraison dans les meilleures conditions.<br \/>\n\u00e0 la demande et sur devis, un poseur qualifi\u00e9 mettra en place vos tringles, stores, rideaux ou t\u00eates de lit.<\/p>\n<p><a role=\"button\"><br \/>\nLa confection du nappage<br \/>\n<\/a><\/p>\n<p>Nos nappes et serviettes sont confectionn\u00e9es droit fil dans une gamme s\u00e9lectionn\u00e9e avec vous, dans les dimensions souhait\u00e9es et avec les finitions que vous aurez choisies.<\/p>\n<p><a role=\"button\"><br \/>\nLe jour Venise<br \/>\n<\/a><\/p>\n<p>Linvosges est l\u2019une des rares entreprises fran\u00e7aises qui ma\u00eetrise encore aujourd\u2019hui un tel savoir-faire authentique et exceptionnel. Cette finition n\u00e9cessite trois \u00e9tapes de r\u00e9alisation, les fils sont d\u2019abord tir\u00e9s, puis s\u00e9par\u00e9s. et enfin rebrod\u00e9s.<\/p>\n<p><a role=\"button\"><br \/>\nLa broderie guid\u00e9e main<br \/>\n<\/a><\/p>\n<p>R\u00e9alis\u00e9e de fa\u00e7on artisanale et dans la plus pure tradition du linge de maison, ce type de broderie permettant la r\u00e9alisation de monogrammes raffin\u00e9s, n\u00e9cessite l\u2019exp\u00e9rience d\u2019une ouvri\u00e8re qualifi\u00e9e.<\/p>\n<p><a role=\"button\"><br \/>\nLa coupe au fil<br \/>\n<\/a><\/p>\n<p>Op\u00e9ration indispensable pour \u00e9viter la d\u00e9formation du tissu, elle est r\u00e9alis\u00e9e par un coupeur exp\u00e9riment\u00e9 et consiste \u00e0 tailler les diff\u00e9rentes pi\u00e8ces de tissu n\u00e9cessaires \u00e0 la confection de nos produits en suivant le droit fil.<\/p>\n<p><a role=\"button\"><br \/>\nLa confection de l&#8217;ameublement<br \/>\n<\/a><\/p>\n<p>Nos couturi\u00e8res sp\u00e9cialis\u00e9es confectionnent vos rideaux, voilages, coussins, \u00e9charpes de lit sur-mesure, aux dimensions souhait\u00e9es, dans les tissus et finitions de votre choix.<\/p>\n<h2>Personnalisez vos produits<\/h2>\n<p>Nous brodons tous les motifs, logos, noms ou slogans souhait\u00e9s ; le transfert num\u00e9rique permet de reproduire parfaitement les visuels les plus complexes pour une communication efficace.\u00a0L\u2019impression textile num\u00e9rique par sublimation est tr\u00e8s appr\u00e9ci\u00e9e pour le rendu des motifs, des couleurs et des contrastes qui sont impeccables.<\/p>\n<p><img decoding=\"async\" src=\"https:\/\/www.linvosges-hotellerie.com\/wp-content\/uploads\/2021\/04\/Personnalisation.png\" sizes=\"(max-width: 800px) 100vw, 800px\" srcset=\"https:\/\/www.linvosges-hotellerie.com\/wp-content\/uploads\/2021\/04\/Personnalisation.png 800w, https:\/\/www.linvosges-hotellerie.com\/wp-content\/uploads\/2021\/04\/Personnalisation-300x225.png 300w, https:\/\/www.linvosges-hotellerie.com\/wp-content\/uploads\/2021\/04\/Personnalisation-768x576.png 768w, https:\/\/www.linvosges-hotellerie.com\/wp-content\/uploads\/2021\/04\/Personnalisation-600x450.png 600w\" alt=\"\" width=\"800\" height=\"600\" \/><\/p>\n<h3>La broderie<\/h3>\n<p>Nous brodons tous les motifs, logos, noms ou slogans souhait\u00e9s sur le linge de lit, le linge \u00e9ponge, les nappes et serviettes\u2026 afin d\u2019apporter un raffinement suppl\u00e9mentaire.<\/p>\n<h3>La broderie guid\u00e9e main<\/h3>\n<p>Les monogrammes brod\u00e9s de fa\u00e7on artisanale, c\u2019est-\u00e0-dire guid\u00e9s main, sont r\u00e9alis\u00e9s dans la plus pure tradition du linge de maison.<\/p>\n<h3>L&#8217;impression num\u00e9rique<\/h3>\n<p>L&#8217;impression textile num\u00e9rique par sublimation est tr\u00e8s appr\u00e9ci\u00e9e pour le rendu des motifs, des couleurs et des contrastes qui sont impeccables.<\/p>\n<h3>Le transfert<\/h3>\n<p>Le transfert num\u00e9rique est une technique d\u2019impression destin\u00e9e \u00e0 une utilisation \u00e9v\u00e8nementielle. Elle permet de reproduire parfaitement les visuels les plus complexes pour une communication efficace.<\/p>\n<h3>D\u00e9couvrez nos ambiances sur-mesure<\/h3>\n<p><a role=\"button\"><br \/>\nLa fen\u00eatre<br \/>\n<\/a><br \/>\n<a role=\"button\"><br \/>\nLe lit<br \/>\n<\/a><br \/>\n<a role=\"button\"><br \/>\nNos r\u00e9alisations<br \/>\n<\/a><\/p>\n","protected":false},"excerpt":{"rendered":"<p>L&#8217;esprit Linvosges Chaque jour, les femmes et les hommes de Linvosges pr\u00e9servent l\u2019excellence et la qualit\u00e9 qui animent l\u2019esprit Linvosges depuis pr\u00e8s d\u2019un si\u00e8cle. Le travail des belles mati\u00e8res, le raffinement de nos finitions, l\u2019originalit\u00e9 associant modernit\u00e9 et tradition trouvent leurs origines dans l\u2019h\u00e9ritage culturel de Linvosges : L\u2019amour du beau linge. Du conseil \u00e0 [&hellip;]<\/p>\n","protected":false},"author":3,"featured_media":10416,"parent":0,"menu_order":24,"comment_status":"closed","ping_status":"closed","template":"","meta":{"_acf_changed":false,"footnotes":""},"class_list":["post-22","page","type-page","status-publish","has-post-thumbnail","hentry"],"acf":[],"_links":{"self":[{"href":"https:\/\/www.linvosges-hotellerie.com\/fr\/wp-json\/wp\/v2\/pages\/22","targetHints":{"allow":["GET"]}}],"collection":[{"href":"https:\/\/www.linvosges-hotellerie.com\/fr\/wp-json\/wp\/v2\/pages"}],"about":[{"href":"https:\/\/www.linvosges-hotellerie.com\/fr\/wp-json\/wp\/v2\/types\/page"}],"author":[{"embeddable":true,"href":"https:\/\/www.linvosges-hotellerie.com\/fr\/wp-json\/wp\/v2\/users\/3"}],"replies":[{"embeddable":true,"href":"https:\/\/www.linvosges-hotellerie.com\/fr\/wp-json\/wp\/v2\/comments?post=22"}],"version-history":[{"count":15,"href":"https:\/\/www.linvosges-hotellerie.com\/fr\/wp-json\/wp\/v2\/pages\/22\/revisions"}],"predecessor-version":[{"id":65602,"href":"https:\/\/www.linvosges-hotellerie.com\/fr\/wp-json\/wp\/v2\/pages\/22\/revisions\/65602"}],"wp:featuredmedia":[{"embeddable":true,"href":"https:\/\/www.linvosges-hotellerie.com\/fr\/wp-json\/wp\/v2\/media\/10416"}],"wp:attachment":[{"href":"https:\/\/www.linvosges-hotellerie.com\/fr\/wp-json\/wp\/v2\/media?parent=22"}],"curies":[{"name":"wp","href":"https:\/\/api.w.org\/{rel}","templated":true}]}}