{"id":2690,"date":"2020-12-02T10:01:19","date_gmt":"2020-12-02T09:01:19","guid":{"rendered":"https:\/\/www.linvosges-hotellerie.fr\/?page_id=2690"},"modified":"2026-02-23T13:26:29","modified_gmt":"2026-02-23T12:26:29","slug":"mon-compte","status":"publish","type":"page","link":"https:\/\/www.linvosges-hotellerie.com\/fr\/mon-compte\/","title":{"rendered":"Mon compte"},"content":{"rendered":"<div class=\"woocommerce\"><\/div>\n<h2>Informations professionnelles<\/h2>\n<p>Consultez et mettez \u00e0 jour les informations de votre soci\u00e9t\u00e9<\/p>\n<p><br \/>\n\t\t\t<a href=\"\/mon-compte\/details\"><br \/>\n\t\t\t\t\t\t\t\t\tModifier les informations<br \/>\n\t\t\t\t\t<\/a><\/p>\n<h2>Historique de commande<\/h2>\n<p>Retrouvez ici l\u2019ensemble de vos commandes, suivez vos livraisons\u2026<\/p>\n<p><br \/>\n\t\t\t<a href=\"\/mon-compte\/commandes\"><br \/>\n\t\t\t\t\t\t\t\t\tToutes les commandes<br \/>\n\t\t\t\t\t<\/a><\/p>\n<h2>Moyens de paiement<\/h2>\n<p>Retrouvez vos modes de paiement enregistr\u00e9s<\/p>\n<p>\t\t\t<a href=\"\/mon-compte\/moyens-de-paiement\"><br \/>\n\t\t\t\t\t\t\t\t\tConsulter<br \/>\n\t\t\t\t\t<\/a><\/p>\n<h2>Coordonn\u00e9es<\/h2>\n<p>Consultez et mettez \u00e0 jour vos adresses de livraison\u00a0<\/p>\n<p>\t\t\t<a href=\"\/mon-compte\/coordonnees\"><br \/>\n\t\t\t\t\t\t\t\t\tConsulter<br \/>\n\t\t\t\t\t<\/a><\/p>\n<h2>D\u00e9connexion<\/h2>\n<p>En esp\u00e9rant vous revoir bient\u00f4t<\/p>\n<p>\t\t\t<a href=\"\/mon-compte\/deconnexion\"><br \/>\n\t\t\t\t\t\t\t\t\tD\u00e9connexion<br \/>\n\t\t\t\t\t<\/a><\/p>\n","protected":false},"excerpt":{"rendered":"<p>Informations professionnelles Consultez et mettez \u00e0 jour les informations de votre soci\u00e9t\u00e9 Modifier les informations Historique de commande Retrouvez ici l\u2019ensemble de vos commandes, suivez vos livraisons\u2026 Toutes les commandes Moyens de paiement Retrouvez vos modes de paiement enregistr\u00e9s Consulter Coordonn\u00e9es Consultez et mettez \u00e0 jour vos adresses de livraison\u00a0 Consulter D\u00e9connexion En esp\u00e9rant vous [&hellip;]<\/p>\n","protected":false},"author":1,"featured_media":10416,"parent":0,"menu_order":15,"comment_status":"closed","ping_status":"closed","template":"","meta":{"_acf_changed":false,"footnotes":""},"class_list":["post-2690","page","type-page","status-publish","has-post-thumbnail","hentry"],"acf":[],"_links":{"self":[{"href":"https:\/\/www.linvosges-hotellerie.com\/fr\/wp-json\/wp\/v2\/pages\/2690","targetHints":{"allow":["GET"]}}],"collection":[{"href":"https:\/\/www.linvosges-hotellerie.com\/fr\/wp-json\/wp\/v2\/pages"}],"about":[{"href":"https:\/\/www.linvosges-hotellerie.com\/fr\/wp-json\/wp\/v2\/types\/page"}],"author":[{"embeddable":true,"href":"https:\/\/www.linvosges-hotellerie.com\/fr\/wp-json\/wp\/v2\/users\/1"}],"replies":[{"embeddable":true,"href":"https:\/\/www.linvosges-hotellerie.com\/fr\/wp-json\/wp\/v2\/comments?post=2690"}],"version-history":[{"count":12,"href":"https:\/\/www.linvosges-hotellerie.com\/fr\/wp-json\/wp\/v2\/pages\/2690\/revisions"}],"predecessor-version":[{"id":65840,"href":"https:\/\/www.linvosges-hotellerie.com\/fr\/wp-json\/wp\/v2\/pages\/2690\/revisions\/65840"}],"wp:featuredmedia":[{"embeddable":true,"href":"https:\/\/www.linvosges-hotellerie.com\/fr\/wp-json\/wp\/v2\/media\/10416"}],"wp:attachment":[{"href":"https:\/\/www.linvosges-hotellerie.com\/fr\/wp-json\/wp\/v2\/media?parent=2690"}],"curies":[{"name":"wp","href":"https:\/\/api.w.org\/{rel}","templated":true}]}}