{"id":28,"date":"2020-09-17T13:53:32","date_gmt":"2020-09-17T11:53:32","guid":{"rendered":"https:\/\/www.linvosges-hotellerie.fr\/?page_id=28"},"modified":"2025-10-28T15:16:22","modified_gmt":"2025-10-28T14:16:22","slug":"louer-nos-produits","status":"publish","type":"page","link":"https:\/\/www.linvosges-hotellerie.com\/fr\/louer-nos-produits\/","title":{"rendered":"Louer nos produits"},"content":{"rendered":"<p><img decoding=\"async\" width=\"626\" height=\"154\" src=\"https:\/\/www.linvosges-hotellerie.com\/wp-content\/uploads\/2020\/12\/logo-location-linge-maison-hotel-professionnel-linvosges-hotellerie.jpg\" alt=\"Prot\u00e9gez Votre Tr\u00e9sorerie, Louez Les Produits Linvosges !\" srcset=\"https:\/\/www.linvosges-hotellerie.com\/wp-content\/uploads\/2020\/12\/logo-location-linge-maison-hotel-professionnel-linvosges-hotellerie.jpg 626w, https:\/\/www.linvosges-hotellerie.com\/wp-content\/uploads\/2020\/12\/logo-location-linge-maison-hotel-professionnel-linvosges-hotellerie-600x148.jpg 600w, https:\/\/www.linvosges-hotellerie.com\/wp-content\/uploads\/2020\/12\/logo-location-linge-maison-hotel-professionnel-linvosges-hotellerie-300x74.jpg 300w\" sizes=\"(max-width: 626px) 100vw, 626px\" \/>\t\t\t\t\t\t\t\t\t\t\t\t\t<\/p>\n<h1>Location linge de maison, linge de table &amp; d\u00e9coration<\/h1>\n<h2>Prot\u00e9gez votre tr\u00e9sorerie,<\/br>louez nos produits !<\/h2>\n<p>Pourquoi ?<\/p>\n<p>Vous devez \u00e9voluer constamment pour s\u00e9duire vos clients ?<\/p>\n<p>Vous souhaitez vous d\u00e9marquer de vos concurrents ?<\/p>\n<p>Vous voulez renouveler le nappage de votre restaurant ?<\/p>\n<p>Vous souhaitez refaire la d\u00e9coration de vos chambres ?<\/p>\n<p>Vous souhaitez changer votre linge de lit et vos \u00e9ponges ?<\/p>\n<h2>INVESTISSEZ EN PROT\u00c9GEANT VOTRE TR\u00c9SORERIE !<\/h2>\n<p>Comment ?<\/p>\n<h2>NOTRE SOLUTION : L&#8217;OFFRE LOCATIVE<\/h2>\n<p>Un concept innovant et exclusif Linvosges H\u00f4tellerie.<\/p>\n<h1>Location de rideaux, voilages, nappages, linge de lit, \u00e9ponges, couettes, oreillers&#8230;<\/h1>\n<ul>\n<li>Renouvelez r\u00e9guli\u00e8rement votre d\u00e9coration, vos ambiances et votre linge<\/li>\n<li>Augmentez l&#8217;attractivit\u00e9 de votre \u00e9tablissement<\/li>\n<li>Pr\u00e9servez votre tr\u00e9sorerie et votre capacit\u00e9 d&#8217;endettement<\/li>\n<li>Engagez-vous dans une d\u00e9marche \u00e9co-responsable (apr\u00e8s votre location les produits sont recycl\u00e9s ou distribu\u00e9s \u00e0 des associations caritatives)<\/li>\n<li>R\u00e9duisez votre b\u00e9n\u00e9fice comptable du montant des loyers annuels et pr\u00e9servez vos liquidit\u00e9s<\/li>\n<\/ul>\n<h2>Nous sommes en mesure de louer<\/br><br \/>\ntoute la gamme Linvosges H\u00f4tellerie<\/br><br \/>\n<strong>quelque soit votre \u00e9tablissement, votre projet et votre budget<\/strong><\/h2>\n<p>Exemples de r\u00e9alisations :<\/p>\n<p>1<sup>\u20ac<\/sup><\/p>\n<p>PAR JOUR ET PAR CHAMBRE<\/p>\n<p>Offre \u00e0 la location sur 3 ans<\/p>\n<p>H\u00d4TEL<\/p>\n<p>R\u00e9novation de 20 chambres :<\/p>\n<p>\u2022 20 rideaux occultants non feu<br \/>\u2022 20 voilages non feu<br \/>\u2022 40 tringles<br \/>\u2022 20 cache-sommiers simili-cuir<br \/>\u2022 20 \u00e9charpes de lits velours<br \/>\u2022 40 coussins d\u00e9cos<br \/>\u2022 20 t\u00eates de lits simili-cuir<\/p>\n<p>\t\t\t\t\t\t\t\t\t\t\t\t\t<img decoding=\"async\" width=\"800\" height=\"694\" src=\"https:\/\/www.linvosges-hotellerie.com\/wp-content\/uploads\/2020\/12\/location-linge-lit-chambre-hotel-professionnel-linvosges-hotellerie-1024x888.jpg\" alt=\"Prot\u00e9gez Votre Tr\u00e9sorerie, Louez Les Produits Linvosges !\" srcset=\"https:\/\/www.linvosges-hotellerie.com\/wp-content\/uploads\/2020\/12\/location-linge-lit-chambre-hotel-professionnel-linvosges-hotellerie-1024x888.jpg 1024w, https:\/\/www.linvosges-hotellerie.com\/wp-content\/uploads\/2020\/12\/location-linge-lit-chambre-hotel-professionnel-linvosges-hotellerie-600x520.jpg 600w, https:\/\/www.linvosges-hotellerie.com\/wp-content\/uploads\/2020\/12\/location-linge-lit-chambre-hotel-professionnel-linvosges-hotellerie-300x260.jpg 300w, https:\/\/www.linvosges-hotellerie.com\/wp-content\/uploads\/2020\/12\/location-linge-lit-chambre-hotel-professionnel-linvosges-hotellerie-768x666.jpg 768w, https:\/\/www.linvosges-hotellerie.com\/wp-content\/uploads\/2020\/12\/location-linge-lit-chambre-hotel-professionnel-linvosges-hotellerie.jpg 1140w\" sizes=\"(max-width: 800px) 100vw, 800px\" \/>\t\t\t\t\t\t\t\t\t\t\t\t\t<\/p>\n<p>0<sup>\u20ac10<\/sup><\/p>\n<p>PAR JOUR ET PAR CONVIVE<\/p>\n<p>Offre \u00e0 la location sur 3 ans<\/p>\n<p>\t\t\t\t\t\t\t\t\t\t\t\t\t<img decoding=\"async\" width=\"800\" height=\"736\" src=\"https:\/\/www.linvosges-hotellerie.com\/wp-content\/uploads\/2020\/12\/location-linge-table-restaurant-hotel-professionnel-linvosges-hotellerie-1024x942.jpg\" alt=\"Prot\u00e9gez Votre Tr\u00e9sorerie, Louez Les Produits Linvosges !\" srcset=\"https:\/\/www.linvosges-hotellerie.com\/wp-content\/uploads\/2020\/12\/location-linge-table-restaurant-hotel-professionnel-linvosges-hotellerie-1024x942.jpg 1024w, https:\/\/www.linvosges-hotellerie.com\/wp-content\/uploads\/2020\/12\/location-linge-table-restaurant-hotel-professionnel-linvosges-hotellerie-600x552.jpg 600w, https:\/\/www.linvosges-hotellerie.com\/wp-content\/uploads\/2020\/12\/location-linge-table-restaurant-hotel-professionnel-linvosges-hotellerie-300x276.jpg 300w, https:\/\/www.linvosges-hotellerie.com\/wp-content\/uploads\/2020\/12\/location-linge-table-restaurant-hotel-professionnel-linvosges-hotellerie-768x707.jpg 768w, https:\/\/www.linvosges-hotellerie.com\/wp-content\/uploads\/2020\/12\/location-linge-table-restaurant-hotel-professionnel-linvosges-hotellerie-1536x1414.jpg 1536w, https:\/\/www.linvosges-hotellerie.com\/wp-content\/uploads\/2020\/12\/location-linge-table-restaurant-hotel-professionnel-linvosges-hotellerie.jpg 1140w\" sizes=\"(max-width: 800px) 100vw, 800px\" \/>\t\t\t\t\t\t\t\t\t\t\t\t\t<\/p>\n<p>RESTAURANT<\/p>\n<p>Renouvellement du nappage et des serviettes<br \/>pour 44 places assises :<\/p>\n<p>\u2022 24 nappes 140\/180 cm<br \/>\u2022 20 nappes 140\/140 cm<br \/>\u2022 200 serviettes 37\/37 cm<\/p>\n<p>L&#8217;ensemble en 100% coton <br \/>finition coins onglet et coup\u00e9 droit fil<\/p>\n<figure><img decoding=\"async\" width=\"128\" height=\"128\" src=\"https:\/\/www.linvosges-hotellerie.com\/wp-content\/uploads\/2020\/12\/location-linge-engagement-rse-recyclage-hotel-professionnel-linvosges-hotellerie-2.png\" alt=\"Prot\u00e9gez Votre Tr\u00e9sorerie, Louez Les Produits Linvosges !\" \/><\/figure>\n<h2>ENGAGEMENT RSE FORT<\/br> ET CR\u00c9ATION D&#8217;\u00c9CONOMIE CIRCULAIRE<\/h2>\n<p><strong>Au bout de trois ans, Linvosges H\u00f4tellerie s\u2019engage :<\/strong><\/br>\u2022  \u00c0 recycler le linge de lit et les \u00e9ponges en les transformant en chiffons pour l\u2019industrie.<\/br>\u2022  \u00c0 faire don des produits de d\u00e9coration (rideaux, voilages, t\u00eates de lit\u2026) \u00e0 l\u2019association Emma\u00fcs afin de leur donner une seconde vie.<\/p>\n<p>\t\t<iframe loading=\"lazy\" title=\"Linvosges Location\" width=\"500\" height=\"281\" src=\"https:\/\/www.youtube.com\/embed\/8CUhVRhVu2k?feature=oembed\" frameborder=\"0\" allow=\"accelerometer; autoplay; clipboard-write; encrypted-media; gyroscope; picture-in-picture; web-share\" referrerpolicy=\"strict-origin-when-cross-origin\" allowfullscreen><\/iframe>\t\t<\/p>\n<p>L&#8217;OFFRE<\/p>\n<p>\t\t\t\t\t\t\t\t\t\t\t\t\t<img decoding=\"async\" width=\"626\" height=\"154\" src=\"https:\/\/www.linvosges-hotellerie.com\/wp-content\/uploads\/2020\/12\/logo-location-linge-maison-hotel-professionnel-linvosges-hotellerie.jpg\" alt=\"Prot\u00e9gez Votre Tr\u00e9sorerie, Louez Les Produits Linvosges !\" srcset=\"https:\/\/www.linvosges-hotellerie.com\/wp-content\/uploads\/2020\/12\/logo-location-linge-maison-hotel-professionnel-linvosges-hotellerie.jpg 626w, https:\/\/www.linvosges-hotellerie.com\/wp-content\/uploads\/2020\/12\/logo-location-linge-maison-hotel-professionnel-linvosges-hotellerie-600x148.jpg 600w, https:\/\/www.linvosges-hotellerie.com\/wp-content\/uploads\/2020\/12\/logo-location-linge-maison-hotel-professionnel-linvosges-hotellerie-300x74.jpg 300w\" sizes=\"(max-width: 626px) 100vw, 626px\" \/>\t\t\t\t\t\t\t\t\t\t\t\t\t<\/p>\n<p>VOUS INT\u00c9RESSE ?<\/p>\n<p>Compl\u00e9tez le formulaire suivant et votre expert H\u00f4tellerie prendra contact avec vous<\/p>\n<p><strong> <a href=\"http:\/\/+33329601122\" data-wplink-url-error=\"true\">+33 (0) 3 29 60 11 22<\/a><\/strong><\/p>\n<p role=\"status\" aria-live=\"polite\" aria-atomic=\"true\">\n<ul><\/ul>\n<form action=\"\/wp-admin\/admin-ajax.php#wpcf7-f1481-o3\" method=\"post\" aria-label=\"Formulaire de contact\" novalidate=\"novalidate\" data-status=\"init\">\n<input type=\"hidden\" name=\"_wpcf7\" value=\"1481\" \/><br \/>\n<input type=\"hidden\" name=\"_wpcf7_version\" value=\"6.0.1\" \/><br \/>\n<input type=\"hidden\" name=\"_wpcf7_locale\" value=\"fr_FR\" \/><br \/>\n<input type=\"hidden\" name=\"_wpcf7_unit_tag\" value=\"wpcf7-f1481-o3\" \/><br \/>\n<input type=\"hidden\" name=\"_wpcf7_container_post\" value=\"0\" \/><br \/>\n<input type=\"hidden\" name=\"_wpcf7_posted_data_hash\" value=\"\" \/><br \/>\n<input type=\"hidden\" name=\"_wpcf7dtx_version\" value=\"5.0.1\" \/><br \/>\n<input type=\"hidden\" name=\"_wpcf7_recaptcha_response\" value=\"\" \/><\/p>\n<p><label>\u00c9tablissement <input size=\"40\" maxlength=\"400\" aria-required=\"true\" aria-invalid=\"false\" value=\"\" type=\"text\" name=\"your-business\" \/><\/label><label>Civilit\u00e9* <select aria-required=\"true\" aria-invalid=\"false\" name=\"civilite\"><option value=\"\">&#8212;Veuillez choisir une option&#8212;<\/option><option value=\"Mme\">Mme<\/option><option value=\"M.\">M.<\/option><\/select><\/label><label>Nom* <input size=\"40\" maxlength=\"400\" aria-required=\"true\" aria-invalid=\"false\" value=\"\" type=\"text\" name=\"your-name\" \/><\/label><label>Adresse* <input size=\"40\" maxlength=\"400\" aria-required=\"true\" aria-invalid=\"false\" value=\"\" type=\"text\" name=\"your-adress\" \/><\/label><label>Code postal* <input aria-required=\"true\" aria-invalid=\"false\" value=\"\" type=\"number\" name=\"your-postal-code\" \/><\/label><label>Ville* <input size=\"40\" maxlength=\"400\" aria-required=\"true\" aria-invalid=\"false\" value=\"\" type=\"text\" name=\"your-city\" \/><\/label><label>T\u00e9l\u00e9phone* <input size=\"40\" maxlength=\"400\" aria-required=\"true\" aria-invalid=\"false\" value=\"\" type=\"tel\" name=\"your-phone\" \/><\/label><label>E-mail* <input size=\"40\" maxlength=\"400\" aria-required=\"true\" aria-invalid=\"false\" value=\"\" type=\"email\" name=\"your-email\" \/><\/label><label>Je souhaite \u00eatre contact\u00e9\u22c5e <select aria-invalid=\"false\" name=\"heure\"><option value=\"Tranche horaire\">Tranche horaire<\/option><option value=\"LUNDI - Matin\">LUNDI &#8211; Matin<\/option><option value=\"LUNDI - Apr\u00e8s-midi\">LUNDI &#8211; Apr\u00e8s-midi<\/option><option value=\"MARDI - Matin\">MARDI &#8211; Matin<\/option><option value=\"MARDI - Apr\u00e8s-midi\">MARDI &#8211; Apr\u00e8s-midi<\/option><option value=\"MERCREDI - Matin\">MERCREDI &#8211; Matin<\/option><option value=\"MERCREDI - Apr\u00e8s-midi\">MERCREDI &#8211; Apr\u00e8s-midi<\/option><option value=\"JEUDI - Matin\">JEUDI &#8211; Matin<\/option><option value=\"JEUDI - Apr\u00e8s-midi\">JEUDI &#8211; Apr\u00e8s-midi<\/option><option value=\"VENDREDI - Matin\">VENDREDI &#8211; Matin<\/option><option value=\"VENDREDI - Apr\u00e8s-midi\">VENDREDI &#8211; Apr\u00e8s-midi<\/option><\/select><\/label><label>Message <textarea cols=\"40\" rows=\"10\" maxlength=\"2000\" aria-invalid=\"false\" name=\"your-message\"><\/textarea><\/label>\n<\/p>\n<p><input type=\"hidden\" name=\"cart-detail\" aria-invalid=\"false\" value=\"[table][thead][tr][th]R\u00e9f[\/th][th]Produit[\/th][th]Quantit\u00e9[\/th][th]Prix[\/th][\/tr][\/thead][tbody][tr][td]9309802[\/td][td][strong]Oreiller ferme Microconfort Original - Blanc, 50x70 cm[\/strong][div]Couleur : Blanc[\/div][div]Dimensions : 50x70 cm[\/div][\/td][td]8[\/td][td]132,08 \u20ac HT[\/td][\/tr][tr][td]6682001[\/td][td][strong]Sous taie Microfibre fermeture zip - Blanc, 50x70 cm[\/strong][div]Couleur : Blanc[\/div][div]Dimensions : 50x70 cm[\/div][\/td][td]8[\/td][td]69,68 \u20ac HT[\/td][\/tr][tr][td]6680701[\/td][td][strong]Sous taie Microfibre fermeture zip - Blanc, 65x65 cm[\/strong][div]Couleur : Blanc[\/div][div]Dimensions : 65x65 cm[\/div][\/td][td]8[\/td][td]80,24 \u20ac HT[\/td][\/tr][\/tbody][tfoot][tr][th colspan=&quot;3&quot;][\/th][th]282 \u20ac HT[\/th][\/tr][\/tfoot][\/table]\"><\/p>\n<p><strong>*champ obligatoire<\/strong>\n<\/p>\n<p style=\"color:#C1422D\">Le contenu de votre panier sera automatiquement joint \u00e0 votre demande de location.\n<\/p>\n<p><input type=\"submit\" value=\"Envoyer\" \/>\n<\/p>\n<p>                <label for=\"full-name-maspik-hp\">Leave this field empty<\/label><br \/>\n                <input size=\"1\" type=\"text\" autocomplete=\"off\" aria-hidden=\"true\" tabindex=\"-1\" name=\"full-name-maspik-hp\" id=\"full-name-maspik-hp\" placeholder=\"Leave this field empty\"><\/p>\n<p style=\"display: none !important;\" data-prefix=\"_wpcf7_ak_\"><label>&#916;<textarea name=\"_wpcf7_ak_hp_textarea\" cols=\"45\" rows=\"8\" maxlength=\"100\"><\/textarea><\/label><input type=\"hidden\" id=\"ak_js_3\" name=\"_wpcf7_ak_js\" value=\"136\"\/><\/p>\n<\/form>\n<p>Les donn\u00e9es recueillies sur ce formulaire sont destin\u00e9es \u00e0 Linvosges, responsable de traitement, pour g\u00e9rer la relation avec vous, vous apporter les r\u00e9ponses et informations que vous demandez, et \u00e0 fins de prospection. Conform\u00e9ment \u00e0 la loi, vous disposez de droits d\u2019acc\u00e8s, de rectification et d\u2019opposition aux donn\u00e9es vous concernant.<\/p>\n<p>Pour en savoir plus, consultez notre\u00a0<a href=\"https:\/\/www.linvosges-hotellerie.com\/fr\/politique-de-confidentialite\/\" target=\"_blank\" rel=\"noopener noreferrer\">politique de confidentialit\u00e9<\/a>.<\/p>\n<p>D\u00e9couvrez nos produits<\/p>\n<p>\t\t\t\t\t<a role=\"button\"><\/p>\n<h3>LA D\u00c9CORATION<\/h3>\n<p><\/br>Rideau<br \/>\n\t\t\t\t\t<\/a><br \/>\n\t\t\t\t\t<a role=\"button\"><\/p>\n<h3>LE LINGE DE LIT<\/h3>\n<p><\/br>Coton<br \/>\n\t\t\t\t\t<\/a><br \/>\n\t\t\t\t\t<a role=\"button\"><\/p>\n<h3>LES \u00c9PONGES<\/h3>\n<p><\/br>Spa et piscine<br \/>\n\t\t\t\t\t<\/a><br \/>\n\t\t\t\t\t<a role=\"button\"><\/p>\n<h3>LA TABLE<\/h3>\n<p><\/br>Nappage enduit<br \/>\n\t\t\t\t\t<\/a><\/p>\n","protected":false},"excerpt":{"rendered":"<p>Location linge de maison, linge de table &amp; d\u00e9coration Prot\u00e9gez votre tr\u00e9sorerie,louez nos produits ! Pourquoi ? Vous devez \u00e9voluer constamment pour s\u00e9duire vos clients ? Vous souhaitez vous d\u00e9marquer de vos concurrents ? Vous voulez renouveler le nappage de votre restaurant ? Vous souhaitez refaire la d\u00e9coration de vos chambres ? Vous souhaitez changer [&hellip;]<\/p>\n","protected":false},"author":3,"featured_media":26638,"parent":0,"menu_order":25,"comment_status":"closed","ping_status":"closed","template":"","meta":{"_acf_changed":false,"footnotes":""},"class_list":["post-28","page","type-page","status-publish","has-post-thumbnail","hentry"],"acf":[],"_links":{"self":[{"href":"https:\/\/www.linvosges-hotellerie.com\/fr\/wp-json\/wp\/v2\/pages\/28","targetHints":{"allow":["GET"]}}],"collection":[{"href":"https:\/\/www.linvosges-hotellerie.com\/fr\/wp-json\/wp\/v2\/pages"}],"about":[{"href":"https:\/\/www.linvosges-hotellerie.com\/fr\/wp-json\/wp\/v2\/types\/page"}],"author":[{"embeddable":true,"href":"https:\/\/www.linvosges-hotellerie.com\/fr\/wp-json\/wp\/v2\/users\/3"}],"replies":[{"embeddable":true,"href":"https:\/\/www.linvosges-hotellerie.com\/fr\/wp-json\/wp\/v2\/comments?post=28"}],"version-history":[{"count":16,"href":"https:\/\/www.linvosges-hotellerie.com\/fr\/wp-json\/wp\/v2\/pages\/28\/revisions"}],"predecessor-version":[{"id":64232,"href":"https:\/\/www.linvosges-hotellerie.com\/fr\/wp-json\/wp\/v2\/pages\/28\/revisions\/64232"}],"wp:featuredmedia":[{"embeddable":true,"href":"https:\/\/www.linvosges-hotellerie.com\/fr\/wp-json\/wp\/v2\/media\/26638"}],"wp:attachment":[{"href":"https:\/\/www.linvosges-hotellerie.com\/fr\/wp-json\/wp\/v2\/media?parent=28"}],"curies":[{"name":"wp","href":"https:\/\/api.w.org\/{rel}","templated":true}]}}