{"id":30,"date":"2020-09-17T13:54:31","date_gmt":"2020-09-17T11:54:31","guid":{"rendered":"https:\/\/www.linvosges-hotellerie.fr\/?page_id=30"},"modified":"2025-06-24T18:51:10","modified_gmt":"2025-06-24T16:51:10","slug":"ambiance-sur-mesure","status":"publish","type":"page","link":"https:\/\/www.linvosges-hotellerie.com\/fr\/ambiance-sur-mesure\/","title":{"rendered":"Ambiance sur-mesure"},"content":{"rendered":"<h1>Mettre en lumi\u00e8re<br \/> <strong>VOS ID\u00c9ES<\/strong><\/h1>\n<p>D\u00e9marrer un projet<\/p>\n<p><strong> <a href=\"http:\/\/+33329601122\" data-wplink-url-error=\"true\">+33 (0) 3 29 60 11 22<\/a><\/strong><\/p>\n<p>\t\t\t<a role=\"button\"><br \/>\n\t\t\t\t\t\t\t\t\tDEMANDER UN DEVIS<br \/>\n\t\t\t\t\t<\/a><\/p>\n<h2>Une exp\u00e9rience unique<\/h2>\n<p>Susciter l&#8217;\u00e9motion en recherchant l&#8217;harmonie d&#8217;un bel int\u00e9rieur, c&#8217;est l&#8217;ambition de notre \u00e9quipe d&#8217;experts. Ils savent s\u00e9lectionner avec vous des tissus nobles, des couleurs lumineuses pour cr\u00e9er une ambiance raffin\u00e9e et exclusive.<\/p>\n<p>\u00a0<\/p>\n<p>Ils vous accompagnent pour rendre l&#8217;exp\u00e9rience de vos clients, au sein de votre \u00e9tablissement, encore plus s\u00e9duisante.<\/p>\n<p>\u00a0<\/p>\n<p>Du linge de lit aux mati\u00e8res \u00e9ponges, du linge de table \u00e0 la d\u00e9coration des chambres, nous avons l&#8217;ambition de vous apporter l&#8217;excellence.<\/p>\n<h2>Une qualit\u00e9 et un <\/br>savoir-faire reconnus<\/h2>\n<p>La confection sur-mesure se construit \u00e0 travers un choix de plus de 2500 r\u00e9f\u00e9rences soigneusement s\u00e9lectionn\u00e9es et un savoir-faire acquis au cours de nos presque cent ans d&#8217;histoire.<\/p>\n<p>\u00a0<\/p>\n<p>Nos ateliers s&#8217;attachent \u00e0 mettre tout en \u0153uvre pour transformer vos envies en pi\u00e8ces incomparables.<\/p>\n<p>\u00a0<\/p>\n<p>\u00c0 chaque \u00e9tape de votre projet, la rigueur anime nos \u00e9quipes pour respecter vos attentes et assurer un travail de qualit\u00e9. La satisfaction client est au c\u0153ur de notre organisation et nous sommes fiers de la partager avec vous.<\/p>\n<p>\t\t\t\t\t\t\t\t\t\t\t\t\t<img decoding=\"async\" width=\"800\" height=\"786\" src=\"https:\/\/www.linvosges-hotellerie.com\/wp-content\/uploads\/2024\/07\/COLLECTION-TISSUS-LINVOSGES.jpg\" alt=\"COLLECTION TISSUS LINVOSGES HOTELLERIE - DECORATION HOTEL PROFESSIONNEL\" srcset=\"https:\/\/www.linvosges-hotellerie.com\/wp-content\/uploads\/2024\/07\/COLLECTION-TISSUS-LINVOSGES.jpg 1000w, https:\/\/www.linvosges-hotellerie.com\/wp-content\/uploads\/2024\/07\/COLLECTION-TISSUS-LINVOSGES-300x295.jpg 300w, https:\/\/www.linvosges-hotellerie.com\/wp-content\/uploads\/2024\/07\/COLLECTION-TISSUS-LINVOSGES-768x755.jpg 768w, https:\/\/www.linvosges-hotellerie.com\/wp-content\/uploads\/2024\/07\/COLLECTION-TISSUS-LINVOSGES-600x590.jpg 600w\" sizes=\"(max-width: 800px) 100vw, 800px\" \/>\t\t\t\t\t\t\t\t\t\t\t\t\t<\/p>\n<h2>Nos collections de tissus<\/h2>\n<p>Que ce soit pour draper vos lits, parer vos salles de bain, dresser vos tables, orner vos fen\u00eatres, nous vous proposons un large choix d\u2019\u00e9toffes tiss\u00e9es de fibres naturelles.<\/p>\n<p>\t\t\t<a role=\"button\"><br \/>\n\t\t\t\t\t\t\t\t\tD\u00c9COUVRIR<br \/>\n\t\t\t\t\t<\/a><\/p>\n<h2><a href=\"\/esprit-linvosges\/#conseilinstallation\">Du conseil \u00e0 l&#8217;installation<\/a><\/h2>\n<p>Des plus simples id\u00e9es peuvent na\u00eetre les plus beaux projets. Linvosges vous accompagne pour les r\u00e9aliser et les sublimer.<\/p>\n<p>\t\t\t<a href=\"\/esprit-linvosges\/#conseilinstallation\"><br \/>\n\t\t\t\t\t\t\t\t\tEN SAVOIR PLUS<br \/>\n\t\t\t\t\t<\/a><br \/>\n\t\t\t<a role=\"button\"><\/p>\n<h3>La fen\u00eatre<\/h3>\n<p>\t\t\t\t\t<\/a><\/p>\n<ul>\n<li>\n\t\t\t\t\t\t\t\t\t\tLes rideaux\n\t\t\t\t\t\t\t\t\t<\/li>\n<li>\n\t\t\t\t\t\t\t\t\t\tLes voilages\n\t\t\t\t\t\t\t\t\t<\/li>\n<li>\n\t\t\t\t\t\t\t\t\t\tLes stores et parois japonaises\n\t\t\t\t\t\t\t\t\t<\/li>\n<li>\n\t\t\t\t\t\t\t\t\t\tLes tringles\n\t\t\t\t\t\t\t\t\t<\/li>\n<\/ul>\n<p>\t\t\t<a role=\"button\"><\/p>\n<h3>Le lit<\/h3>\n<p>\t\t\t\t\t<\/a><\/p>\n<ul>\n<li>\n\t\t\t\t\t\t\t\t\t\tLes coussins\n\t\t\t\t\t\t\t\t\t<\/li>\n<li>\n\t\t\t\t\t\t\t\t\t\tLes chemins de lit\n\t\t\t\t\t\t\t\t\t<\/li>\n<li>\n\t\t\t\t\t\t\t\t\t\tLes couvre-lits\n\t\t\t\t\t\t\t\t\t<\/li>\n<li>\n\t\t\t\t\t\t\t\t\t\tLes cache sommiers\n\t\t\t\t\t\t\t\t\t<\/li>\n<li>\n\t\t\t\t\t\t\t\t\t\tLes t\u00eates de lit\n\t\t\t\t\t\t\t\t\t<\/li>\n<\/ul>\n<p>\t\t\t<a role=\"button\"><\/p>\n<h3>Nos r\u00e9alisations<\/h3>\n<p>\t\t\t\t\t<\/a><\/p>\n<p>Parcourez nos derni\u00e8res r\u00e9alisations et trouvez l&#8217;inspiration pour votre \u00e9tablissement.<\/p>\n<h2>Vous avez un projet sur-mesure ?<\/h2>\n<p>Contactez nos experts<\/p>\n<p><strong> <a href=\"http:\/\/+33329601122\" data-wplink-url-error=\"true\">+33 (0) 3 29 60 11 22<\/a><\/strong><\/p>\n<p role=\"status\" aria-live=\"polite\" aria-atomic=\"true\">\n<ul><\/ul>\n<form action=\"\/wp-admin\/admin-ajax.php#wpcf7-f981-o3\" method=\"post\" aria-label=\"Formulaire de contact\" novalidate=\"novalidate\" data-status=\"init\">\n<input type=\"hidden\" name=\"_wpcf7\" value=\"981\" \/><br \/>\n<input type=\"hidden\" name=\"_wpcf7_version\" value=\"5.9.6\" \/><br \/>\n<input type=\"hidden\" name=\"_wpcf7_locale\" value=\"fr_FR\" \/><br \/>\n<input type=\"hidden\" name=\"_wpcf7_unit_tag\" value=\"wpcf7-f981-o3\" \/><br \/>\n<input type=\"hidden\" name=\"_wpcf7_container_post\" value=\"0\" \/><br \/>\n<input type=\"hidden\" name=\"_wpcf7_posted_data_hash\" value=\"\" \/><\/p>\n<p><label>Civilit\u00e9* <select aria-required=\"true\" aria-invalid=\"false\" name=\"civilite\"><option value=\"\">&#8212;Veuillez choisir une option&#8212;<\/option><option value=\"Mme\">Mme<\/option><option value=\"M.\">M.<\/option><\/select><\/label><label>Nom* <input size=\"40\" maxlength=\"80\" aria-invalid=\"false\" value=\"\" type=\"text\" name=\"your-name\" \/><\/label><br \/>\n<label>E-mail* <input size=\"40\" maxlength=\"80\" aria-required=\"true\" aria-invalid=\"false\" value=\"\" type=\"email\" name=\"your-email\" \/><\/label><label>T\u00e9l\u00e9phone <input size=\"40\" maxlength=\"80\" aria-invalid=\"false\" value=\"\" type=\"tel\" name=\"your-phone\" \/><\/label><br \/>\n<label>D\u00e9partement* <select aria-required=\"true\" aria-invalid=\"false\" name=\"departement\"><option value=\"Mon d\u00e9partement\">Mon d\u00e9partement<\/option><option value=\"01 - Ain\">01 &#8211; Ain<\/option><option value=\"02 - Aisne\">02 &#8211; Aisne<\/option><option value=\"03 - Allier\">03 &#8211; Allier<\/option><option value=\"04 - Alpes-de-Haute-Provence\">04 &#8211; Alpes-de-Haute-Provence<\/option><option value=\"05 - Hautes-Alpes\">05 &#8211; Hautes-Alpes<\/option><option value=\"06 - Alpes-Maritimes\">06 &#8211; Alpes-Maritimes<\/option><option value=\"07 - Ard\u00e8che\">07 &#8211; Ard\u00e8che<\/option><option value=\"08 - Ardennes\">08 &#8211; Ardennes<\/option><option value=\"09 - Ari\u00e8ge\">09 &#8211; Ari\u00e8ge<\/option><option value=\"10 - Aube\">10 &#8211; Aube<\/option><option value=\"11 - Aude\">11 &#8211; Aude<\/option><option value=\"12 - Aveyron\">12 &#8211; Aveyron<\/option><option value=\"13 - Bouches-du-Rh\u00f4ne\">13 &#8211; Bouches-du-Rh\u00f4ne<\/option><option value=\"14 - Calvados\">14 &#8211; Calvados<\/option><option value=\"15 - Cantal\">15 &#8211; Cantal<\/option><option value=\"16 - Charente\">16 &#8211; Charente<\/option><option value=\"17 - Charente-Maritime\">17 &#8211; Charente-Maritime<\/option><option value=\"18 - Cher\">18 &#8211; Cher<\/option><option value=\"19 - Corr\u00e8ze\">19 &#8211; Corr\u00e8ze<\/option><option value=\"21 - C\u00f4te-d&#039;Or\">21 &#8211; C\u00f4te-d&#039;Or<\/option><option value=\"22 - C\u00f4tes d&#039;Armor\">22 &#8211; C\u00f4tes d&#039;Armor<\/option><option value=\"23 - Creuse\">23 &#8211; Creuse<\/option><option value=\"24 - Dordogne\">24 &#8211; Dordogne<\/option><option value=\"25 - Doubs\">25 &#8211; Doubs<\/option><option value=\"26 - Dr\u00f4me\">26 &#8211; Dr\u00f4me<\/option><option value=\"27 - Eure\">27 &#8211; Eure<\/option><option value=\"28 - Eure-et-Loir\">28 &#8211; Eure-et-Loir<\/option><option value=\"29 - Finist\u00e8re\">29 &#8211; Finist\u00e8re<\/option><option value=\"30 - Gard\">30 &#8211; Gard<\/option><option value=\"31 - Haute-Garonne\">31 &#8211; Haute-Garonne<\/option><option value=\"32 - Gers\">32 &#8211; Gers<\/option><option value=\"33 - Gironde\">33 &#8211; Gironde<\/option><option value=\"34 - H\u00e9rault\">34 &#8211; H\u00e9rault<\/option><option value=\"35 - Ille-et-Vilaine\">35 &#8211; Ille-et-Vilaine<\/option><option value=\"36 - Indre\">36 &#8211; Indre<\/option><option value=\"37 - Indre-et-Loire\">37 &#8211; Indre-et-Loire<\/option><option value=\"38 - Is\u00e8re\">38 &#8211; Is\u00e8re<\/option><option value=\"39 - Jura\">39 &#8211; Jura<\/option><option value=\"40 - Landes\">40 &#8211; Landes<\/option><option value=\"41 - Loir-et-Cher\">41 &#8211; Loir-et-Cher<\/option><option value=\"42 - Loire\">42 &#8211; Loire<\/option><option value=\"43 - Haute-Loire\">43 &#8211; Haute-Loire<\/option><option value=\"44 - Loire-Atlantique\">44 &#8211; Loire-Atlantique<\/option><option value=\"45 - Loiret\">45 &#8211; Loiret<\/option><option value=\"46 - Lot\">46 &#8211; Lot<\/option><option value=\"47 - Lot-et-Garonne\">47 &#8211; Lot-et-Garonne<\/option><option value=\"48 - Loz\u00e8re\">48 &#8211; Loz\u00e8re<\/option><option value=\"49 - Maine-et-Loire\">49 &#8211; Maine-et-Loire<\/option><option value=\"50 - Manche\">50 &#8211; Manche<\/option><option value=\"51 - Marne\">51 &#8211; Marne<\/option><option value=\"52 - Haute-Marne\">52 &#8211; Haute-Marne<\/option><option value=\"53 - Mayenne\">53 &#8211; Mayenne<\/option><option value=\"54 - Meurthe-et-Moselle\">54 &#8211; Meurthe-et-Moselle<\/option><option value=\"55 - Meuse\">55 &#8211; Meuse<\/option><option value=\"56 - Morbihan\">56 &#8211; Morbihan<\/option><option value=\"57 - Moselle\">57 &#8211; Moselle<\/option><option value=\"58 - Ni\u00e8vre\">58 &#8211; Ni\u00e8vre<\/option><option value=\"59 - Nord\">59 &#8211; Nord<\/option><option value=\"60 - Oise\">60 &#8211; Oise<\/option><option value=\"61 - Orne\">61 &#8211; Orne<\/option><option value=\"62 - Pas-de-Calais\">62 &#8211; Pas-de-Calais<\/option><option value=\"63 - Puy-de-D\u00f4me\">63 &#8211; Puy-de-D\u00f4me<\/option><option value=\"64 - Pyr\u00e9n\u00e9es-Atlantiques\">64 &#8211; Pyr\u00e9n\u00e9es-Atlantiques<\/option><option value=\"65 - Hautes-Pyr\u00e9n\u00e9es\">65 &#8211; Hautes-Pyr\u00e9n\u00e9es<\/option><option value=\"66 - Pyr\u00e9n\u00e9es-Orientales\">66 &#8211; Pyr\u00e9n\u00e9es-Orientales<\/option><option value=\"67 - Bas-Rhin\">67 &#8211; Bas-Rhin<\/option><option value=\"68 - Haut-Rhin\">68 &#8211; Haut-Rhin<\/option><option value=\"69 - Rh\u00f4ne\">69 &#8211; Rh\u00f4ne<\/option><option value=\"70 - Haute-Sa\u00f4ne\">70 &#8211; Haute-Sa\u00f4ne<\/option><option value=\"71 - Sa\u00f4ne-et-Loire\">71 &#8211; Sa\u00f4ne-et-Loire<\/option><option value=\"72 - Sarthe\">72 &#8211; Sarthe<\/option><option value=\"73 - Savoie\">73 &#8211; Savoie<\/option><option value=\"74 - Haute-Savoie\">74 &#8211; Haute-Savoie<\/option><option value=\"75 - Paris\">75 &#8211; Paris<\/option><option value=\"76 - Seine-Maritime\">76 &#8211; Seine-Maritime<\/option><option value=\"77 - Seine-et-Marne\">77 &#8211; Seine-et-Marne<\/option><option value=\"78 - Yvelines\">78 &#8211; Yvelines<\/option><option value=\"79 - Deux-S\u00e8vres\">79 &#8211; Deux-S\u00e8vres<\/option><option value=\"80 - Somme\">80 &#8211; Somme<\/option><option value=\"81 - Tarn\">81 &#8211; Tarn<\/option><option value=\"82 - Tarn-et-Garonne\">82 &#8211; Tarn-et-Garonne<\/option><option value=\"83 - Var\">83 &#8211; Var<\/option><option value=\"84 - Vaucluse\">84 &#8211; Vaucluse<\/option><option value=\"85 - Vend\u00e9e\">85 &#8211; Vend\u00e9e<\/option><option value=\"86 - Vienne\">86 &#8211; Vienne<\/option><option value=\"87 - Haute-Vienne\">87 &#8211; Haute-Vienne<\/option><option value=\"88 - Vosges\">88 &#8211; Vosges<\/option><option value=\"89 - Yonne\">89 &#8211; Yonne<\/option><option value=\"90 - Territoire de Belfort\">90 &#8211; Territoire de Belfort<\/option><option value=\"91 - Essonne\">91 &#8211; Essonne<\/option><option value=\"92 - Hauts-de-Seine\">92 &#8211; Hauts-de-Seine<\/option><option value=\"93 - Seine-St-Denis\">93 &#8211; Seine-St-Denis<\/option><option value=\"94 - Val-de-Marne\">94 &#8211; Val-de-Marne<\/option><option value=\"95 - Val-D&#039;Oise\">95 &#8211; Val-D&#039;Oise<\/option><option value=\"2A - Corse-du-Sud\">2A &#8211; Corse-du-Sud<\/option><option value=\"2B - Haute-Corse\">2B &#8211; Haute-Corse<\/option><option value=\"971 - Guadeloupe\">971 &#8211; Guadeloupe<\/option><option value=\"972 - Martinique\">972 &#8211; Martinique<\/option><option value=\"973 - Guyane\">973 &#8211; Guyane<\/option><option value=\"974 - La R\u00e9union\">974 &#8211; La R\u00e9union<\/option><option value=\"976 - Mayotte\">976 &#8211; Mayotte<\/option><option value=\"Export\">Export<\/option><\/select><\/label><label>Je souhaite \u00eatre contact\u00e9.e <select aria-invalid=\"false\" name=\"heure\"><option value=\"Tranche horaire\">Tranche horaire<\/option><option value=\"LUNDI - Matin\">LUNDI &#8211; Matin<\/option><option value=\"LUNDI - Apr\u00e8s-midi\">LUNDI &#8211; Apr\u00e8s-midi<\/option><option value=\"MARDI - Matin\">MARDI &#8211; Matin<\/option><option value=\"MARDI - Apr\u00e8s-midi\">MARDI &#8211; Apr\u00e8s-midi<\/option><option value=\"MERCREDI - Matin\">MERCREDI &#8211; Matin<\/option><option value=\"MERCREDI - Apr\u00e8s-midi\">MERCREDI &#8211; Apr\u00e8s-midi<\/option><option value=\"JEUDI - Matin\">JEUDI &#8211; Matin<\/option><option value=\"JEUDI - Apr\u00e8s-midi\">JEUDI &#8211; Apr\u00e8s-midi<\/option><option value=\"VENDREDI - Matin\">VENDREDI &#8211; Matin<\/option><option value=\"VENDREDI - Apr\u00e8s-midi\">VENDREDI &#8211; Apr\u00e8s-midi<\/option><\/select><\/label><br \/>\n<label>Message <textarea cols=\"40\" rows=\"10\" maxlength=\"400\" aria-invalid=\"false\" name=\"your-message\"><\/textarea> <\/label>\n<\/p>\n<p><input type=\"hidden\" name=\"cart-detail\" id=\"\" aria-invalid=\"false\" value=\"[table][thead][tr][th]R\u00e9f[\/th][th]Produit[\/th][th]Quantit\u00e9[\/th][th]Prix[\/th][\/tr][\/thead][tbody][tr][td]2047001[\/td][td][strong]Couette 350grs\/m\u00b2 Microconfort 2 - Blanc, 140x200 cm[\/strong][div]Couleur : Blanc[\/div][div]Dimensions : 140x200 cm[\/div][\/td][td]5[\/td][td]259,20 \u20ac HT[\/td][\/tr][tr][td]9307201[\/td][td][strong]Oreiller ferme Microconfort Original - Blanc, 45x70 cm[\/strong][div]Couleur : Blanc[\/div][div]Dimensions : 45x70 cm[\/div][\/td][td]1[\/td][td]14,03 \u20ac HT[\/td][\/tr][tr][td]5250201[\/td][td][strong]Mules jetables \u00e9ponge - Blanc, 39 cm[\/strong][div]Couleur : Blanc[\/div][div]Dimensions : 39 cm[\/div][\/td][td]1[\/td][td]3,89 \u20ac HT[\/td][\/tr][\/tbody][tfoot][tr][th colspan=&quot;3&quot;][\/th][th]277.12 \u20ac HT[\/th][\/tr][\/tfoot][\/table]\" \/><br \/>\n<input type=\"hidden\" name=\"selected-product\" id=\"\" aria-invalid=\"false\" value=\"selected_product\" \/><\/p>\n<p><strong>*champ obligatoire<\/strong>\n<\/p>\n<p><input type=\"submit\" value=\"Envoyer\" \/>\n<\/p>\n<p style=\"display: none !important;\" data-prefix=\"_wpcf7_ak_\"><label>&#916;<textarea name=\"_wpcf7_ak_hp_textarea\" cols=\"45\" rows=\"8\" maxlength=\"100\"><\/textarea><\/label><input type=\"hidden\" id=\"ak_js_3\" name=\"_wpcf7_ak_js\" value=\"120\"\/><\/p>\n<\/form>\n","protected":false},"excerpt":{"rendered":"<p>Mettre en lumi\u00e8re VOS ID\u00c9ES D\u00e9marrer un projet +33 (0) 3 29 60 11 22 DEMANDER UN DEVIS Une exp\u00e9rience unique Susciter l&#8217;\u00e9motion en recherchant l&#8217;harmonie d&#8217;un bel int\u00e9rieur, c&#8217;est l&#8217;ambition de notre \u00e9quipe d&#8217;experts. Ils savent s\u00e9lectionner avec vous des tissus nobles, des couleurs lumineuses pour cr\u00e9er une ambiance raffin\u00e9e et exclusive. \u00a0 Ils [&hellip;]<\/p>\n","protected":false},"author":3,"featured_media":10416,"parent":0,"menu_order":28,"comment_status":"closed","ping_status":"closed","template":"","meta":{"_acf_changed":false,"footnotes":""},"class_list":["post-30","page","type-page","status-publish","has-post-thumbnail","hentry"],"acf":[],"_links":{"self":[{"href":"https:\/\/www.linvosges-hotellerie.com\/fr\/wp-json\/wp\/v2\/pages\/30","targetHints":{"allow":["GET"]}}],"collection":[{"href":"https:\/\/www.linvosges-hotellerie.com\/fr\/wp-json\/wp\/v2\/pages"}],"about":[{"href":"https:\/\/www.linvosges-hotellerie.com\/fr\/wp-json\/wp\/v2\/types\/page"}],"author":[{"embeddable":true,"href":"https:\/\/www.linvosges-hotellerie.com\/fr\/wp-json\/wp\/v2\/users\/3"}],"replies":[{"embeddable":true,"href":"https:\/\/www.linvosges-hotellerie.com\/fr\/wp-json\/wp\/v2\/comments?post=30"}],"version-history":[{"count":14,"href":"https:\/\/www.linvosges-hotellerie.com\/fr\/wp-json\/wp\/v2\/pages\/30\/revisions"}],"predecessor-version":[{"id":62888,"href":"https:\/\/www.linvosges-hotellerie.com\/fr\/wp-json\/wp\/v2\/pages\/30\/revisions\/62888"}],"wp:featuredmedia":[{"embeddable":true,"href":"https:\/\/www.linvosges-hotellerie.com\/fr\/wp-json\/wp\/v2\/media\/10416"}],"wp:attachment":[{"href":"https:\/\/www.linvosges-hotellerie.com\/fr\/wp-json\/wp\/v2\/media?parent=30"}],"curies":[{"name":"wp","href":"https:\/\/api.w.org\/{rel}","templated":true}]}}