{"id":32,"date":"2020-09-17T13:55:25","date_gmt":"2020-09-17T11:55:25","guid":{"rendered":"https:\/\/www.linvosges-hotellerie.fr\/?page_id=32"},"modified":"2025-02-13T20:45:48","modified_gmt":"2025-02-13T19:45:48","slug":"la-fenetre","status":"publish","type":"page","link":"https:\/\/www.linvosges-hotellerie.com\/fr\/ambiance-sur-mesure\/la-fenetre\/","title":{"rendered":"La fen\u00eatre"},"content":{"rendered":"<h1>La fen\u00eatre<\/br> <strong>SUR-MESURE<\/strong><\/h1>\n<p>D\u00e9marrer un projet<\/p>\n<p><strong> <a href=\"http:\/\/+33329601122\" data-wplink-url-error=\"true\">+33 (0) 3 29 60 11 22<\/a><\/strong><\/p>\n<p>\t\t\t<a role=\"button\"><br \/>\n\t\t\t\t\t\tDEMANDER UN DEVIS<br \/>\n\t\t\t\t\t<\/a><br \/>\n\t\t\t<a role=\"button\"><\/p>\n<h2>Les rideaux<\/h2>\n<p>\t\t\t\t\t<\/a><br \/>\n\t\t\t<a role=\"button\"><\/p>\n<h2>Les voilages<\/h2>\n<p>\t\t\t\t\t<\/a><br \/>\n\t\t\t<a role=\"button\"><\/p>\n<h2>Les stores et<\/br>parois japonaises<\/h2>\n<p>\t\t\t\t\t<\/a><br \/>\n\t\t\t<a role=\"button\"><\/p>\n<h2>Les tringles<\/h2>\n<p>\t\t\t\t\t<\/a><\/p>\n<p>Ouverte sur l\u2019ext\u00e9rieur, la fen\u00eatre se pare de tentures pour offrir<\/p>\n<p>une ambiance unique \u00e0 votre int\u00e9rieur.<\/p>\n<p>Mont\u00e9s sur des tringles adapt\u00e9es \u00e0 une utilisation professionnelle, nos rideaux, voilages, stores et parois japonaises r\u00e9alis\u00e9s sur mesure dans les textures, couleurs, mat\u00e9riaux et finitions de votre choix s\u2019adaptent parfaitement au style et \u00e0 l\u2019ergonomie de vos chambres, halls et salles de restaurant. Que vous les souhaitiez obscurcissants, isolants ou purement d\u00e9coratifs, nos experts vous guident et vous conseillent pour mener \u00e0 bien votre projet.<\/p>\n<h3>D\u00e9couvrez nos derni\u00e8res<\/br> r\u00e9alisations sur-mesure<\/h3>\n<p>\t\t\t<a role=\"button\"><br \/>\n\t\t\t\t\t\tVOIR LES R\u00c9ALISATIONS<br \/>\n\t\t\t\t\t<\/a><\/p>\n<h3>Abonnez-vous \u00e0 la newsletter Linvosges H\u00f4tellerie<br \/>\n<\/h3>\n<p>et profitez d\u2019offres exclusives !<\/p>\n<p>Mon e-mail<\/p>\n<p>JE M&#8217;INSCRIS<\/p>\n","protected":false},"excerpt":{"rendered":"<p>La fen\u00eatre SUR-MESURE D\u00e9marrer un projet +33 (0) 3 29 60 11 22 DEMANDER UN DEVIS Les rideaux Les voilages Les stores etparois japonaises Les tringles Ouverte sur l\u2019ext\u00e9rieur, la fen\u00eatre se pare de tentures pour offrir une ambiance unique \u00e0 votre int\u00e9rieur. Mont\u00e9s sur des tringles adapt\u00e9es \u00e0 une utilisation professionnelle, nos rideaux, voilages, [&hellip;]<\/p>\n","protected":false},"author":3,"featured_media":10416,"parent":30,"menu_order":0,"comment_status":"closed","ping_status":"closed","template":"","meta":{"_acf_changed":false,"footnotes":""},"class_list":["post-32","page","type-page","status-publish","has-post-thumbnail","hentry"],"acf":[],"_links":{"self":[{"href":"https:\/\/www.linvosges-hotellerie.com\/fr\/wp-json\/wp\/v2\/pages\/32","targetHints":{"allow":["GET"]}}],"collection":[{"href":"https:\/\/www.linvosges-hotellerie.com\/fr\/wp-json\/wp\/v2\/pages"}],"about":[{"href":"https:\/\/www.linvosges-hotellerie.com\/fr\/wp-json\/wp\/v2\/types\/page"}],"author":[{"embeddable":true,"href":"https:\/\/www.linvosges-hotellerie.com\/fr\/wp-json\/wp\/v2\/users\/3"}],"replies":[{"embeddable":true,"href":"https:\/\/www.linvosges-hotellerie.com\/fr\/wp-json\/wp\/v2\/comments?post=32"}],"version-history":[{"count":7,"href":"https:\/\/www.linvosges-hotellerie.com\/fr\/wp-json\/wp\/v2\/pages\/32\/revisions"}],"predecessor-version":[{"id":60470,"href":"https:\/\/www.linvosges-hotellerie.com\/fr\/wp-json\/wp\/v2\/pages\/32\/revisions\/60470"}],"up":[{"embeddable":true,"href":"https:\/\/www.linvosges-hotellerie.com\/fr\/wp-json\/wp\/v2\/pages\/30"}],"wp:featuredmedia":[{"embeddable":true,"href":"https:\/\/www.linvosges-hotellerie.com\/fr\/wp-json\/wp\/v2\/media\/10416"}],"wp:attachment":[{"href":"https:\/\/www.linvosges-hotellerie.com\/fr\/wp-json\/wp\/v2\/media?parent=32"}],"curies":[{"name":"wp","href":"https:\/\/api.w.org\/{rel}","templated":true}]}}