{"id":34,"date":"2020-09-17T13:56:11","date_gmt":"2020-09-17T11:56:11","guid":{"rendered":"https:\/\/www.linvosges-hotellerie.fr\/?page_id=34"},"modified":"2025-10-30T13:46:30","modified_gmt":"2025-10-30T12:46:30","slug":"le-lit","status":"publish","type":"page","link":"https:\/\/www.linvosges-hotellerie.com\/fr\/ambiance-sur-mesure\/le-lit\/","title":{"rendered":"Le lit"},"content":{"rendered":"<h1>Le lit<\/br> <strong>SUR-MESURE<\/strong><\/h1>\n<p>D\u00e9marrer un projet<\/p>\n<p><strong> <a href=\"http:\/\/+33329601122\" data-wplink-url-error=\"true\">+33 (0) 3 29 60 11 22<\/a><\/strong><\/p>\n<p>\t\t\t<a role=\"button\"><br \/>\n\t\t\t\t\t\t\t\t\tDEMANDER UN DEVIS<br \/>\n\t\t\t\t\t<\/a><br \/>\n\t\t\t<a role=\"button\"><\/p>\n<h2>Les<\/br> coussins<\/h2>\n<p>\t\t\t\t\t<\/a><br \/>\n\t\t\t<a role=\"button\"><\/p>\n<h2>Les chemins<\/br> de lit<\/h2>\n<p>\t\t\t\t\t<\/a><br \/>\n\t\t\t<a role=\"button\"><\/p>\n<h2>Les<\/br> couvre-lits<\/h2>\n<p>\t\t\t\t\t<\/a><br \/>\n\t\t\t<a role=\"button\"><\/p>\n<h2>Les cache<\/br> sommiers<\/h2>\n<p>\t\t\t\t\t<\/a><br \/>\n\t\t\t<a role=\"button\"><\/p>\n<h2>Les t\u00eates<\/br> de lit<\/h2>\n<p>\t\t\t\t\t<\/a><\/p>\n<p>Les accessoires de d\u00e9corations parent le lit afin d\u2019apporter<\/p>\n<p>une touche personnelle \u00e0 vos draps blancs.<\/p>\n<p>\u00c0 l\u2019aide de couvre-lits, coussins, \u00e9charpes, t\u00eate de lit sur mesure, nous cr\u00e9ons une ambiance qui vous correspond. La collection de tissus d\u2019ameublement compos\u00e9e d\u2019une large palette de tissus unis, fleuris, g\u00e9om\u00e9triques aux tons sobres ou plus flashys associ\u00e9s \u00e0 des textures vari\u00e9es permettent de s\u2019adapter \u00e0 tous les styles.<\/p>\n<h2>Une large gamme de produits pour habiller les lits<\/h2>\n<p>Pour rendre vos chambres uniques, le linge de lit agr\u00e9ment\u00e9 d\u2019accessoires est incontournable. <a href=\"https:\/\/www.linvosges-hotellerie.com\/fr\/ambiance-sur-mesure\/le-lit\/les-coussins\/\">Coussins<\/a>, <a href=\"https:\/\/www.linvosges-hotellerie.com\/fr\/ambiance-sur-mesure\/le-lit\/les-chemins-de-lit\/\">chemin de lit<\/a>, couvre-lit, cache-sommier\u2026 Linvosges propose une <strong>large gamme de textiles<\/strong> destin\u00e9s \u00e0 habiller votre literie. Les coussins sont la petite touche de fantaisie qui peut faire la diff\u00e9rence dans l\u2019atmosph\u00e8re de votre pi\u00e8ce. Carr\u00e9s ou rectangulaires, en grand nombre ou seulement deux ou trois, en mati\u00e8re satin\u00e9e ou en velours soyeux, ils habillent facilement un lit pour le rendre accueillant.<br \/>Le chemin de lit d\u00e9pos\u00e9 sur la couette ou le couvre-lit est lui aussi devenu un \u00e9l\u00e9ment important de la d\u00e9coration et du confort. Cette bande de tissu peut \u00eatre faite dans la m\u00eame mati\u00e8re que les coussins ou bien prendre une discr\u00e8te couleur blanche. Elle sert aussi bien \u00e0 apporter <strong>une finition soign\u00e9e<\/strong> \u00e0 la literie qu\u2019\u00e0 r\u00e9chauffer vos h\u00f4tes si les nuits sont un peu fra\u00eeches.<br \/>Le <a href=\"https:\/\/www.linvosges-hotellerie.com\/fr\/ambiance-sur-mesure\/le-lit\/les-couvre-lits\/\">couvre-lit<\/a> apporte lui aussi du caract\u00e8re \u00e0 votre chambre, il peut \u00eatre color\u00e9 et recouvrir largement le lit ou uni avec des coins arrondis et un piquage d\u00e9coratif. Il sert aussi bien \u00e0 prot\u00e9ger la literie qu\u2019\u00e0 apporter un confort suppl\u00e9mentaire au moment du coucher.<br \/>Quant au lit lui-m\u00eame, vous pouvez lui ajouter une t\u00eate de lit indispensable pour \u00e9viter d\u2019ab\u00eemer le mur avec le frottement du cadre, mais aussi pour habiller ce couchage. Et pour une finition parfaite, choisissez un cache-sommier aux couleurs de votre d\u00e9coration.<\/p>\n<h2>Des mati\u00e8res et motifs pour tous les styles<\/h2>\n<p>Chez Linvosges, on trouve des produits finis vari\u00e9s en couleurs et en mati\u00e8res. Pour les coussins par exemple, vous avez le choix entre plusieurs formes, des tissus unis ou \u00e0 motifs, des finitions d\u00e9houssables ou \u00e0 fermeture zipp\u00e9e. Il existe \u00e9galement des mod\u00e8les bi-mati\u00e8res qui associent un c\u00f4t\u00e9 en velours piqu\u00e9 de motifs g\u00e9om\u00e9triques \u00e0 un verso uni lisse.<br \/>Pour les couvre-lits, vous pouvez choisir entre <strong>six coloris tendance<\/strong> et un motif ethnique pour satisfaire tous les styles de d\u00e9coration. Vous pouvez aussi bien l\u2019utiliser \u00e0 la place d\u2019une couette en \u00e9t\u00e9 pour un effet authentique que le jeter sur le lit pour <strong>compl\u00e9ter une parure de lit<\/strong> d\u2019un blanc immacul\u00e9. Quant aux chemins de lit, ils existent \u00e9galement en tissu \u00e0 motif, uni ou bi-mati\u00e8res pour se coordonner \u00e0 la couleur de vos murs ou de vos tentures et apporter la touche finale \u00e0 votre d\u00e9coration.<br \/>Les<a href=\"https:\/\/www.linvosges-hotellerie.com\/fr\/ambiance-sur-mesure\/le-lit\/les-tetes-de-lit\/\"> t\u00eates de lit<\/a> se d\u00e9clinent quant \u00e0 elles en une <strong>multitude de textiles et de finitions<\/strong>. Quel que soit le mod\u00e8le que vous choisissez, vous avez le choix entre plus de 200 r\u00e9f\u00e9rences de couleurs et motifs pour \u00eatre au plus pr\u00e8s de vos envies. Mais gr\u00e2ce au linge de lit sur-mesure, vous pouvez cr\u00e9er l\u2019\u00e9l\u00e9ment qui rendra votre d\u00e9coration unique.<\/p>\n<h2>Une infinit\u00e9 de possibilit\u00e9s gr\u00e2ce au sur-mesure<\/h2>\n<p>Si vous recherchez un produit unique, faites appel aux experts Linvosges pour avoir <strong>un linge de lit sur mesure<\/strong>. Apr\u00e8s avoir \u00e9cout\u00e9 vos besoins et vos contraintes, les sp\u00e9cialistes de la maison vous orienteront vers les mod\u00e8les qui r\u00e9pondront \u00e0 votre style. Gr\u00e2ce \u00e0 son savoir-faire alliant tradition et modernit\u00e9, notre maison est capable de proposer un service sur mesure pour tout son linge de maison. Vous pouvez par exemple choisir la finition de vos coussins (passepoil, bouton d\u00e9coratif, fermeture en portefeuille\u2026), mais aussi leur dimension, leurs couleurs et leur mati\u00e8re.<br \/>Il en est de m\u00eame pour les couvre-lits et chemins de lit, les coins peuvent \u00eatre arrondis, carr\u00e9s ou en forme de bo\u00eete et le matelassage peut avoir un piquage d\u00e9coratif ou bien un garnissage ouate plus ou moins lourd en fonction du tomber que vous souhaitez.<br \/>Quant \u00e0 l\u2019habillage du lit lui-m\u00eame, les t\u00eates de lit finies se d\u00e9clinent en trois mod\u00e8les : Eleo et sa finition capitonn\u00e9e, Cadr\u00e9o en forme de tableau et Slim\u00e9o pour une finition simple et universelle. Libre \u00e0 vous de choisir le format et la mati\u00e8re mais aussi la couleur de chaque \u00e9l\u00e9ment. Et pour les<a href=\"https:\/\/www.linvosges-hotellerie.com\/fr\/ambiance-sur-mesure\/le-lit\/les-cache-sommiers\/\"> cache-sommiers<\/a>, ils s\u2019adaptent parfaitement aux cadres du lit qu\u2019ils prot\u00e8gent et en font un \u00e9l\u00e9ment de d\u00e9coration \u00e0 part enti\u00e8re \u00e0 travers des finitions \u00e9l\u00e9gantes comme les plis creux ou rentrants, les coins bo\u00eete, avec ou sans retour sur le plateau, des volants plus ou moins hauts\u2026<\/p>\n<h3>D\u00e9couvrez nos derni\u00e8res<\/br> r\u00e9alisations sur-mesure<\/h3>\n<p>\t\t\t<a role=\"button\"><br \/>\n\t\t\t\t\t\t\t\t\tVOIR LES R\u00c9ALISATIONS<br \/>\n\t\t\t\t\t<\/a><\/p>\n<p>Vous aimerez aussi<\/p>\n<h3>Abonnez-vous \u00e0 la newsletter Linvosges H\u00f4tellerie<br \/>\n<\/h3>\n<p>et profitez d\u2019offres exclusives !<\/p>\n<p>Mon e-mail<\/p>\n<p>JE M&#8217;INSCRIS<\/p>\n","protected":false},"excerpt":{"rendered":"<p>Le lit SUR-MESURE D\u00e9marrer un projet +33 (0) 3 29 60 11 22 DEMANDER UN DEVIS Les coussins Les chemins de lit Les couvre-lits Les cache sommiers Les t\u00eates de lit Les accessoires de d\u00e9corations parent le lit afin d\u2019apporter une touche personnelle \u00e0 vos draps blancs. \u00c0 l\u2019aide de couvre-lits, coussins, \u00e9charpes, t\u00eate de [&hellip;]<\/p>\n","protected":false},"author":3,"featured_media":10416,"parent":30,"menu_order":1,"comment_status":"closed","ping_status":"closed","template":"","meta":{"_acf_changed":false,"footnotes":""},"class_list":["post-34","page","type-page","status-publish","has-post-thumbnail","hentry"],"acf":[],"_links":{"self":[{"href":"https:\/\/www.linvosges-hotellerie.com\/fr\/wp-json\/wp\/v2\/pages\/34","targetHints":{"allow":["GET"]}}],"collection":[{"href":"https:\/\/www.linvosges-hotellerie.com\/fr\/wp-json\/wp\/v2\/pages"}],"about":[{"href":"https:\/\/www.linvosges-hotellerie.com\/fr\/wp-json\/wp\/v2\/types\/page"}],"author":[{"embeddable":true,"href":"https:\/\/www.linvosges-hotellerie.com\/fr\/wp-json\/wp\/v2\/users\/3"}],"replies":[{"embeddable":true,"href":"https:\/\/www.linvosges-hotellerie.com\/fr\/wp-json\/wp\/v2\/comments?post=34"}],"version-history":[{"count":14,"href":"https:\/\/www.linvosges-hotellerie.com\/fr\/wp-json\/wp\/v2\/pages\/34\/revisions"}],"predecessor-version":[{"id":64410,"href":"https:\/\/www.linvosges-hotellerie.com\/fr\/wp-json\/wp\/v2\/pages\/34\/revisions\/64410"}],"up":[{"embeddable":true,"href":"https:\/\/www.linvosges-hotellerie.com\/fr\/wp-json\/wp\/v2\/pages\/30"}],"wp:featuredmedia":[{"embeddable":true,"href":"https:\/\/www.linvosges-hotellerie.com\/fr\/wp-json\/wp\/v2\/media\/10416"}],"wp:attachment":[{"href":"https:\/\/www.linvosges-hotellerie.com\/fr\/wp-json\/wp\/v2\/media?parent=34"}],"curies":[{"name":"wp","href":"https:\/\/api.w.org\/{rel}","templated":true}]}}