{"id":40,"date":"2020-09-17T13:59:03","date_gmt":"2020-09-17T11:59:03","guid":{"rendered":"https:\/\/www.linvosges-hotellerie.fr\/?page_id=40"},"modified":"2025-03-19T09:22:00","modified_gmt":"2025-03-19T08:22:00","slug":"les-stores-parois-japonaises","status":"publish","type":"page","link":"https:\/\/www.linvosges-hotellerie.com\/fr\/ambiance-sur-mesure\/la-fenetre\/les-stores-parois-japonaises\/","title":{"rendered":"Les stores et la parois japonaises"},"content":{"rendered":"<h1>Les stores<\/br><br \/>\net parois japonaises<\/br> <strong>sur-mesure pour professionnel<\/strong><\/h1>\n<p>Imprim\u00e9s, unis, en voile ou occultants, ils s\u00e9duisent par leur c\u00f4t\u00e9 pratique et donnent de la modernit\u00e9 \u00e0 votre int\u00e9rieur.<\/p>\n<p>Pour une ambiance r\u00e9solument graphique, vous choisirez les stores enrouleurs ou \u00e0 lamelle tandis que les stores bateaux apporteront un c\u00f4t\u00e9 cosy \u00e0 vos chambres ou salles de restaurant. Les parois japonaises quant \u00e0 elles, permettent d\u2019habiller sobrement la fen\u00eatre et de jouer avec les diff\u00e9rents panneaux filtrant la lumi\u00e8re au gr\u00e9 de vos envies.<\/p>\n<ul>\n<li>\n\t\t\t\t\t<a href=\"#storebateau\">\t\t\t\t\tStore bateau<br \/>\n\t\t\t\t\t\t\t\t\t\t\t<\/a>\n\t\t\t\t\t\t\t\t\t<\/li>\n<li>\n\t\t\t\t\t<a href=\"#storealamelles\"><br \/>\n\t\t\t\t\t\t\t\t\t\tStore \u00e0 lamelles \/ Store enrouleur<br \/>\n\t\t\t\t\t\t\t\t\t\t\t<\/a>\n\t\t\t\t\t\t\t\t\t<\/li>\n<li>\n\t\t\t\t\t<a href=\"#paroijaponaise\"><br \/>\n\t\t\t\t\t\t\t\t\t\tParoi japonaise<br \/>\n\t\t\t\t\t\t\t\t\t\t\t<\/a>\n\t\t\t\t\t\t\t\t\t<\/li>\n<\/ul>\n<ul>\n<li>\n\t\t\t\t\t<a href=\"#storebateau\">\t\t\t\t\tStore bateau<br \/>\n\t\t\t\t\t\t\t\t\t\t\t<\/a>\n\t\t\t\t\t\t\t\t\t<\/li>\n<li>\n\t\t\t\t\t<a href=\"#storealamelles\">\t\t\t\t\tStore \u00e0 lamelles \/ Store enrouleur<br \/>\n\t\t\t\t\t\t\t\t\t\t\t<\/a>\n\t\t\t\t\t\t\t\t\t<\/li>\n<li>\n\t\t\t\t\t<a href=\"#paroijaponaise\">\t\t\t\t\tParoi japonaise<br \/>\n\t\t\t\t\t\t\t\t\t\t\t<\/a>\n\t\t\t\t\t\t\t\t\t<\/li>\n<\/ul>\n<p>\t\t\t\t\t\t\t\t\t\t<img decoding=\"async\" width=\"591\" height=\"709\" src=\"https:\/\/www.linvosges-hotellerie.com\/wp-content\/uploads\/2020\/12\/decoration-store-bateau-hotel-professionnel-linvosges-hotellerie.png\" alt=\"decoration-store-bateau-hotel-professionnel-linvosges-hotellerie\" loading=\"lazy\" srcset=\"https:\/\/www.linvosges-hotellerie.com\/wp-content\/uploads\/2020\/12\/decoration-store-bateau-hotel-professionnel-linvosges-hotellerie.png 591w, https:\/\/www.linvosges-hotellerie.com\/wp-content\/uploads\/2020\/12\/decoration-store-bateau-hotel-professionnel-linvosges-hotellerie-250x300.png 250w\" sizes=\"auto, (max-width: 591px) 100vw, 591px\" \/>\t\t\t\t\t\t\t\t\t\t\t<\/p>\n<h2>Store bateau<\/h2>\n<p>Le store bateau donne aux fen\u00eatres une allure moderne, sobre et \u00e9pur\u00e9e.<br \/>R\u00e9alisable dans la plupart des voiles et tissus, occultant ou laissant passer la lumi\u00e8re. Il peut se parer d\u2019une bande rapport\u00e9e pour un brin de fantaisie. <br \/>\u00c0 poser au mur ou au plafond, le m\u00e9canisme \u00e9quip\u00e9 d\u2019un syst\u00e8me de chainette permet de r\u00e9gler la hauteur du store. D\u00e9conseill\u00e9 pour les textiles tr\u00e8s lourds.<\/p>\n<p>\t\t\t\t\t\t\t\t\t\t<img decoding=\"async\" width=\"177\" height=\"173\" src=\"https:\/\/www.linvosges-hotellerie.com\/wp-content\/uploads\/2020\/09\/logo-check-2.png\" alt=\"\" loading=\"lazy\" \/>\t\t\t\t\t\t\t\t\t\t\t<\/p>\n<p>La confection est r\u00e9alis\u00e9e sur-mesure : <br \/>tissus et finitions \u00e0 la carte.<\/p>\n<h2>Store \u00e0 lamelles<\/br>Store enrouleur<\/h2>\n<p>Cr\u00e9ateur d\u2019ambiance raffin\u00e9e et discr\u00e8te, les stores enrouleurs ou \u00e0 lamelles offrent une solution sur-mesure pour des besoins sp\u00e9cifiques. Ils s\u2019int\u00e8greront parfaitement dans votre d\u00e9cor.<br \/>Tr\u00e8s large choix de mati\u00e8res et couleurs. <\/p>\n<p>\t\t\t\t\t\t\t\t\t\t<img decoding=\"async\" width=\"177\" height=\"173\" src=\"https:\/\/www.linvosges-hotellerie.com\/wp-content\/uploads\/2020\/09\/logo-check-2.png\" alt=\"\" loading=\"lazy\" \/>\t\t\t\t\t\t\t\t\t\t\t<\/p>\n<p>Fabrication uniquement <br \/>sur-mesure.<\/p>\n<p>\t\t\t\t\t\t\t\t\t\t<img decoding=\"async\" width=\"177\" height=\"173\" src=\"https:\/\/www.linvosges-hotellerie.com\/wp-content\/uploads\/2020\/09\/logo-check-2.png\" alt=\"\" loading=\"lazy\" \/><br \/>\n\t\t\t\t\t\t\t\t\t\t<img decoding=\"async\" width=\"742\" height=\"1024\" src=\"https:\/\/www.linvosges-hotellerie.com\/wp-content\/uploads\/2021\/01\/decoration-store-lamelles-blanc-hotel-professionnel-linvosges-hotellerie-742x1024.png\" alt=\"decoration-store-lamelles-blanc-hotel-professionnel-linvosges-hotellerie\" loading=\"lazy\" srcset=\"https:\/\/www.linvosges-hotellerie.com\/wp-content\/uploads\/2021\/01\/decoration-store-lamelles-blanc-hotel-professionnel-linvosges-hotellerie-742x1024.png 742w, https:\/\/www.linvosges-hotellerie.com\/wp-content\/uploads\/2021\/01\/decoration-store-lamelles-blanc-hotel-professionnel-linvosges-hotellerie-217x300.png 217w, https:\/\/www.linvosges-hotellerie.com\/wp-content\/uploads\/2021\/01\/decoration-store-lamelles-blanc-hotel-professionnel-linvosges-hotellerie-768x1060.png 768w, https:\/\/www.linvosges-hotellerie.com\/wp-content\/uploads\/2021\/01\/decoration-store-lamelles-blanc-hotel-professionnel-linvosges-hotellerie-600x828.png 600w, https:\/\/www.linvosges-hotellerie.com\/wp-content\/uploads\/2021\/01\/decoration-store-lamelles-blanc-hotel-professionnel-linvosges-hotellerie.png 856w\" sizes=\"auto, (max-width: 742px) 100vw, 742px\" \/><br \/>\n\t\t\t\t\t\t\t\t\t\t<img decoding=\"async\" width=\"591\" height=\"709\" src=\"https:\/\/www.linvosges-hotellerie.com\/wp-content\/uploads\/2020\/12\/decoration-paroi-japonaise-hotel-professionnel-linvosges-hotellerie.png\" alt=\"decoration-paroi-japonaise-hotel-professionnel-linvosges-hotellerie\" loading=\"lazy\" srcset=\"https:\/\/www.linvosges-hotellerie.com\/wp-content\/uploads\/2020\/12\/decoration-paroi-japonaise-hotel-professionnel-linvosges-hotellerie.png 591w, https:\/\/www.linvosges-hotellerie.com\/wp-content\/uploads\/2020\/12\/decoration-paroi-japonaise-hotel-professionnel-linvosges-hotellerie-250x300.png 250w\" sizes=\"auto, (max-width: 591px) 100vw, 591px\" \/>\t\t\t\t\t\t\t\t\t\t\t<\/p>\n<h2>Paroi japonaise<\/h2>\n<p>Id\u00e9ale pour les baies vitr\u00e9es ou pour s\u00e9parer des espaces. <br \/>La paroi japonaise est r\u00e9alis\u00e9e dans une toile de pr\u00e9f\u00e9rence l\u00e9g\u00e8re choisie dans notre s\u00e9lection. Elle est compos\u00e9e d\u2019un velcro \u00e0 la t\u00eate pour la fixation et d\u2019une barre de lestage au pied, amovible pour le lavage. <br \/>\u00c0 utiliser avec un m\u00e9canisme allant de 2 \u00e0 5 voies. Pose plafond de pr\u00e9f\u00e9rence.<\/p>\n<p>\t\t\t\t\t\t\t\t\t\t<img decoding=\"async\" width=\"177\" height=\"173\" src=\"https:\/\/www.linvosges-hotellerie.com\/wp-content\/uploads\/2020\/09\/logo-check-2.png\" alt=\"\" loading=\"lazy\" \/>\t\t\t\t\t\t\t\t\t\t\t<\/p>\n<p>La confection est r\u00e9alis\u00e9e sur-mesure : <br \/>tissus et finitions \u00e0 la carte.<\/p>\n<h3>Vous avez un projet sur-mesure ?<\/h3>\n<p>Contactez nos experts<\/p>\n<p><strong> <a href=\"http:\/\/+33329601122\" data-wplink-url-error=\"true\">+33 (0) 3 29 60 11 22<\/a><\/strong><\/p>\n<p role=\"status\" aria-live=\"polite\" aria-atomic=\"true\">\n<ul><\/ul>\n<form action=\"\/wp-admin\/admin-ajax.php#wpcf7-f981-o3\" method=\"post\" novalidate=\"novalidate\" data-status=\"init\">\n<input type=\"hidden\" name=\"_wpcf7\" value=\"981\" \/><br \/>\n<input type=\"hidden\" name=\"_wpcf7_version\" value=\"5.3.2\" \/><br \/>\n<input type=\"hidden\" name=\"_wpcf7_locale\" value=\"fr_FR\" \/><br \/>\n<input type=\"hidden\" name=\"_wpcf7_unit_tag\" value=\"wpcf7-f981-o3\" \/><br \/>\n<input type=\"hidden\" name=\"_wpcf7_container_post\" value=\"0\" \/><br \/>\n<input type=\"hidden\" name=\"_wpcf7_posted_data_hash\" value=\"\" \/><\/p>\n<p><label>Civilit\u00e9* <select name=\"civilite\" aria-required=\"true\" aria-invalid=\"false\"><option value=\"\">&#8212;<\/option><option value=\"Mme\">Mme<\/option><option value=\"M.\">M.<\/option><\/select><\/label> <label>Nom* <input type=\"text\" name=\"your-name\" value=\"\" size=\"40\" aria-invalid=\"false\" \/><\/label><br \/>\n<label>E-mail* <input type=\"email\" name=\"your-email\" value=\"\" size=\"40\" aria-required=\"true\" aria-invalid=\"false\" \/><\/label> <label>T\u00e9l\u00e9phone <input type=\"tel\" name=\"your-phone\" value=\"\" size=\"40\" aria-invalid=\"false\" \/><\/label><br \/>\n<label>D\u00e9partement* <select name=\"departement\" aria-required=\"true\" aria-invalid=\"false\"><option value=\"Mon d\u00e9partement\">Mon d\u00e9partement<\/option><option value=\"01 - Ain\">01 &#8211; Ain<\/option><option value=\"02 - Aisne\">02 &#8211; Aisne<\/option><option value=\"03 - Allier\">03 &#8211; Allier<\/option><option value=\"04 - Alpes-de-Haute-Provence\">04 &#8211; Alpes-de-Haute-Provence<\/option><option value=\"05 - Hautes-Alpes\">05 &#8211; Hautes-Alpes<\/option><option value=\"06 - Alpes-Maritimes\">06 &#8211; Alpes-Maritimes<\/option><option value=\"07 - Ard\u00e8che\">07 &#8211; Ard\u00e8che<\/option><option value=\"08 - Ardennes\">08 &#8211; Ardennes<\/option><option value=\"09 - Ari\u00e8ge\">09 &#8211; Ari\u00e8ge<\/option><option value=\"10 - Aube\">10 &#8211; Aube<\/option><option value=\"11 - Aude\">11 &#8211; Aude<\/option><option value=\"12 - Aveyron\">12 &#8211; Aveyron<\/option><option value=\"13 - Bouches-du-Rh\u00f4ne\">13 &#8211; Bouches-du-Rh\u00f4ne<\/option><option value=\"14 - Calvados\">14 &#8211; Calvados<\/option><option value=\"15 - Cantal\">15 &#8211; Cantal<\/option><option value=\"16 - Charente\">16 &#8211; Charente<\/option><option value=\"17 - Charente-Maritime\">17 &#8211; Charente-Maritime<\/option><option value=\"18 - Cher\">18 &#8211; Cher<\/option><option value=\"19 - Corr\u00e8ze\">19 &#8211; Corr\u00e8ze<\/option><option value=\"21 - C\u00f4te-d&#039;Or\">21 &#8211; C\u00f4te-d&#039;Or<\/option><option value=\"22 - C\u00f4tes d&#039;Armor\">22 &#8211; C\u00f4tes d&#039;Armor<\/option><option value=\"23 - Creuse\">23 &#8211; Creuse<\/option><option value=\"24 - Dordogne\">24 &#8211; Dordogne<\/option><option value=\"25 - Doubs\">25 &#8211; Doubs<\/option><option value=\"26 - Dr\u00f4me\">26 &#8211; Dr\u00f4me<\/option><option value=\"27 - Eure\">27 &#8211; Eure<\/option><option value=\"28 - Eure-et-Loir\">28 &#8211; Eure-et-Loir<\/option><option value=\"29 - Finist\u00e8re\">29 &#8211; Finist\u00e8re<\/option><option value=\"30 - Gard\">30 &#8211; Gard<\/option><option value=\"31 - Haute-Garonne\">31 &#8211; Haute-Garonne<\/option><option value=\"32 - Gers\">32 &#8211; Gers<\/option><option value=\"33 - Gironde\">33 &#8211; Gironde<\/option><option value=\"34 - H\u00e9rault\">34 &#8211; H\u00e9rault<\/option><option value=\"35 - Ille-et-Vilaine\">35 &#8211; Ille-et-Vilaine<\/option><option value=\"36 - Indre\">36 &#8211; Indre<\/option><option value=\"37 - Indre-et-Loire\">37 &#8211; Indre-et-Loire<\/option><option value=\"38 - Is\u00e8re\">38 &#8211; Is\u00e8re<\/option><option value=\"39 - Jura\">39 &#8211; Jura<\/option><option value=\"40 - Landes\">40 &#8211; Landes<\/option><option value=\"41 - Loir-et-Cher\">41 &#8211; Loir-et-Cher<\/option><option value=\"42 - Loire\">42 &#8211; Loire<\/option><option value=\"43 - Haute-Loire\">43 &#8211; Haute-Loire<\/option><option value=\"44 - Loire-Atlantique\">44 &#8211; Loire-Atlantique<\/option><option value=\"45 - Loiret\">45 &#8211; Loiret<\/option><option value=\"46 - Lot\">46 &#8211; Lot<\/option><option value=\"47 - Lot-et-Garonne\">47 &#8211; Lot-et-Garonne<\/option><option value=\"48 - Loz\u00e8re\">48 &#8211; Loz\u00e8re<\/option><option value=\"49 - Maine-et-Loire\">49 &#8211; Maine-et-Loire<\/option><option value=\"50 - Manche\">50 &#8211; Manche<\/option><option value=\"51 - Marne\">51 &#8211; Marne<\/option><option value=\"52 - Haute-Marne\">52 &#8211; Haute-Marne<\/option><option value=\"53 - Mayenne\">53 &#8211; Mayenne<\/option><option value=\"54 - Meurthe-et-Moselle\">54 &#8211; Meurthe-et-Moselle<\/option><option value=\"55 - Meuse\">55 &#8211; Meuse<\/option><option value=\"56 - Morbihan\">56 &#8211; Morbihan<\/option><option value=\"57 - Moselle\">57 &#8211; Moselle<\/option><option value=\"58 - Ni\u00e8vre\">58 &#8211; Ni\u00e8vre<\/option><option value=\"59 - Nord\">59 &#8211; Nord<\/option><option value=\"60 - Oise\">60 &#8211; Oise<\/option><option value=\"61 - Orne\">61 &#8211; Orne<\/option><option value=\"62 - Pas-de-Calais\">62 &#8211; Pas-de-Calais<\/option><option value=\"63 - Puy-de-D\u00f4me\">63 &#8211; Puy-de-D\u00f4me<\/option><option value=\"64 - Pyr\u00e9n\u00e9es-Atlantiques\">64 &#8211; Pyr\u00e9n\u00e9es-Atlantiques<\/option><option value=\"65 - Hautes-Pyr\u00e9n\u00e9es\">65 &#8211; Hautes-Pyr\u00e9n\u00e9es<\/option><option value=\"66 - Pyr\u00e9n\u00e9es-Orientales\">66 &#8211; Pyr\u00e9n\u00e9es-Orientales<\/option><option value=\"67 - Bas-Rhin\">67 &#8211; Bas-Rhin<\/option><option value=\"68 - Haut-Rhin\">68 &#8211; Haut-Rhin<\/option><option value=\"69 - Rh\u00f4ne\">69 &#8211; Rh\u00f4ne<\/option><option value=\"70 - Haute-Sa\u00f4ne\">70 &#8211; Haute-Sa\u00f4ne<\/option><option value=\"71 - Sa\u00f4ne-et-Loire\">71 &#8211; Sa\u00f4ne-et-Loire<\/option><option value=\"72 - Sarthe\">72 &#8211; Sarthe<\/option><option value=\"73 - Savoie\">73 &#8211; Savoie<\/option><option value=\"74 - Haute-Savoie\">74 &#8211; Haute-Savoie<\/option><option value=\"75 - Paris\">75 &#8211; Paris<\/option><option value=\"76 - Seine-Maritime\">76 &#8211; Seine-Maritime<\/option><option value=\"77 - Seine-et-Marne\">77 &#8211; Seine-et-Marne<\/option><option value=\"78 - Yvelines\">78 &#8211; Yvelines<\/option><option value=\"79 - Deux-S\u00e8vres\">79 &#8211; Deux-S\u00e8vres<\/option><option value=\"80 - Somme\">80 &#8211; Somme<\/option><option value=\"81 - Tarn\">81 &#8211; Tarn<\/option><option value=\"82 - Tarn-et-Garonne\">82 &#8211; Tarn-et-Garonne<\/option><option value=\"83 - Var\">83 &#8211; Var<\/option><option value=\"84 - Vaucluse\">84 &#8211; Vaucluse<\/option><option value=\"85 - Vend\u00e9e\">85 &#8211; Vend\u00e9e<\/option><option value=\"86 - Vienne\">86 &#8211; Vienne<\/option><option value=\"87 - Haute-Vienne\">87 &#8211; Haute-Vienne<\/option><option value=\"88 - Vosges\">88 &#8211; Vosges<\/option><option value=\"89 - Yonne\">89 &#8211; Yonne<\/option><option value=\"90 - Territoire de Belfort\">90 &#8211; Territoire de Belfort<\/option><option value=\"91 - Essonne\">91 &#8211; Essonne<\/option><option value=\"92 - Hauts-de-Seine\">92 &#8211; Hauts-de-Seine<\/option><option value=\"93 - Seine-St-Denis\">93 &#8211; Seine-St-Denis<\/option><option value=\"94 - Val-de-Marne\">94 &#8211; Val-de-Marne<\/option><option value=\"95 - Val-D&#039;Oise\">95 &#8211; Val-D&#039;Oise<\/option><option value=\"2A - Corse-du-Sud\">2A &#8211; Corse-du-Sud<\/option><option value=\"2B - Haute-Corse\">2B &#8211; Haute-Corse<\/option><option value=\"971 - Guadeloupe\">971 &#8211; Guadeloupe<\/option><option value=\"972 - Martinique\">972 &#8211; Martinique<\/option><option value=\"973 - Guyane\">973 &#8211; Guyane<\/option><option value=\"974 - La R\u00e9union\">974 &#8211; La R\u00e9union<\/option><option value=\"976 - Mayotte\">976 &#8211; Mayotte<\/option><option value=\"Export\">Export<\/option><\/select><\/label> <label>Je souhaite \u00eatre contact\u00e9.e <select name=\"heure\" aria-invalid=\"false\"><option value=\"Tranche horaire\">Tranche horaire<\/option><option value=\"LUNDI - Matin\">LUNDI &#8211; Matin<\/option><option value=\"LUNDI - Apr\u00e8s-midi\">LUNDI &#8211; Apr\u00e8s-midi<\/option><option value=\"MARDI - Matin\">MARDI &#8211; Matin<\/option><option value=\"MARDI - Apr\u00e8s-midi\">MARDI &#8211; Apr\u00e8s-midi<\/option><option value=\"MERCREDI - Matin\">MERCREDI &#8211; Matin<\/option><option value=\"MERCREDI - Apr\u00e8s-midi\">MERCREDI &#8211; Apr\u00e8s-midi<\/option><option value=\"JEUDI - Matin\">JEUDI &#8211; Matin<\/option><option value=\"JEUDI - Apr\u00e8s-midi\">JEUDI &#8211; Apr\u00e8s-midi<\/option><option value=\"VENDREDI - Matin\">VENDREDI &#8211; Matin<\/option><option value=\"VENDREDI - Apr\u00e8s-midi\">VENDREDI &#8211; Apr\u00e8s-midi<\/option><\/select><\/label><br \/>\n<label>Message <textarea name=\"your-message\" cols=\"40\" rows=\"10\" aria-invalid=\"false\"><\/textarea> <\/label><\/p>\n<p><strong>*champ obligatoire<\/strong><\/p>\n<p><input type=\"submit\" value=\"Envoyer\" \/><\/p>\n<\/form>\n<h3>D\u00e9couvrez aussi<\/h3>\n<p>\t\t\t<a role=\"button\"><\/p>\n<h2>Les rideaux<\/h2>\n<p>\t\t\t\t\t<\/a><br \/>\n\t\t\t<a role=\"button\"><\/p>\n<h2>Les voilages<\/h2>\n<p>\t\t\t\t\t<\/a><br \/>\n\t\t\t<a role=\"button\"><\/p>\n<h2>Les tringles<\/h2>\n<p>\t\t\t\t\t<\/a><\/p>\n","protected":false},"excerpt":{"rendered":"<p>Les stores et parois japonaises sur-mesure pour professionnel Imprim\u00e9s, unis, en voile ou occultants, ils s\u00e9duisent par leur c\u00f4t\u00e9 pratique et donnent de la modernit\u00e9 \u00e0 votre int\u00e9rieur. Pour une ambiance r\u00e9solument graphique, vous choisirez les stores enrouleurs ou \u00e0 lamelle tandis que les stores bateaux apporteront un c\u00f4t\u00e9 cosy \u00e0 vos chambres ou salles [&hellip;]<\/p>\n","protected":false},"author":3,"featured_media":10416,"parent":32,"menu_order":2,"comment_status":"closed","ping_status":"closed","template":"","meta":{"_acf_changed":false,"footnotes":""},"class_list":["post-40","page","type-page","status-publish","has-post-thumbnail","hentry"],"acf":[],"_links":{"self":[{"href":"https:\/\/www.linvosges-hotellerie.com\/fr\/wp-json\/wp\/v2\/pages\/40","targetHints":{"allow":["GET"]}}],"collection":[{"href":"https:\/\/www.linvosges-hotellerie.com\/fr\/wp-json\/wp\/v2\/pages"}],"about":[{"href":"https:\/\/www.linvosges-hotellerie.com\/fr\/wp-json\/wp\/v2\/types\/page"}],"author":[{"embeddable":true,"href":"https:\/\/www.linvosges-hotellerie.com\/fr\/wp-json\/wp\/v2\/users\/3"}],"replies":[{"embeddable":true,"href":"https:\/\/www.linvosges-hotellerie.com\/fr\/wp-json\/wp\/v2\/comments?post=40"}],"version-history":[{"count":2,"href":"https:\/\/www.linvosges-hotellerie.com\/fr\/wp-json\/wp\/v2\/pages\/40\/revisions"}],"predecessor-version":[{"id":60539,"href":"https:\/\/www.linvosges-hotellerie.com\/fr\/wp-json\/wp\/v2\/pages\/40\/revisions\/60539"}],"up":[{"embeddable":true,"href":"https:\/\/www.linvosges-hotellerie.com\/fr\/wp-json\/wp\/v2\/pages\/32"}],"wp:featuredmedia":[{"embeddable":true,"href":"https:\/\/www.linvosges-hotellerie.com\/fr\/wp-json\/wp\/v2\/media\/10416"}],"wp:attachment":[{"href":"https:\/\/www.linvosges-hotellerie.com\/fr\/wp-json\/wp\/v2\/media?parent=40"}],"curies":[{"name":"wp","href":"https:\/\/api.w.org\/{rel}","templated":true}]}}