{"id":42,"date":"2020-09-17T13:59:25","date_gmt":"2020-09-17T11:59:25","guid":{"rendered":"https:\/\/www.linvosges-hotellerie.fr\/?page_id=42"},"modified":"2025-03-19T09:54:03","modified_gmt":"2025-03-19T08:54:03","slug":"les-tringles","status":"publish","type":"page","link":"https:\/\/www.linvosges-hotellerie.com\/fr\/ambiance-sur-mesure\/la-fenetre\/les-tringles\/","title":{"rendered":"Les tringles"},"content":{"rendered":"<h1>Les tringles<\/br> <strong>sur-mesure pour professionnel<\/strong><\/h1>\n<p>Quel que soit leur style, les tringles se veulent pratiques, fonctionnelles et adapt\u00e9es \u00e0 tout type d\u2019installation. Nous vous proposons une gamme compl\u00e8te compos\u00e9e de mod\u00e8les d\u00e9coratifs et techniques pour supporter et mettre en valeur vos rideaux et voilages, stores et parois japonaises.<\/p>\n<h2>La tringle \u00e0 rideaux : accessoire indispensable au confort de vos pi\u00e8ces<\/h2>\n<p>La tringle \u00e0 rideaux est l&#8217;\u00e9l\u00e9ment qui vient parfaire le style et le confort de vos pi\u00e8ces : chambres \u00e0 coucher, salles de restaurant et espaces communs&#8230; Elle permet de suspendre vos rideaux et voilages et ainsi, d&#8217;habiller vos fen\u00eatres. Elle fait donc partie int\u00e9grante de la <strong>d\u00e9coration int\u00e9rieure<\/strong>. En effet, les rideaux sont indispensables pour pr\u00e9server l&#8217;intimit\u00e9, filtrer la lumi\u00e8re et ils apportent la touche finale au style de d\u00e9coration choisie gr\u00e2ce \u00e0 leur esth\u00e9tisme. Pour les accompagner, les tringles ont une v\u00e9ritable mission esth\u00e9tique et fonctionnelle.<\/p>\n<p>Leur fonction principale est d\u2019accrocher vos rideaux et voilages. Mais elles sont aussi parfaites pour les mettre en valeur. Elles peuvent se montrer discr\u00e8tes, ou au contraire, elles pr\u00e9f\u00e8rent se rendre visibles et montrer leur forme et <strong>leurs couleurs<\/strong>. En fonction de la tringle, les ondulations et les mouvements de <strong>vos rideaux<\/strong> sont diff\u00e9rents. Elles permettent ainsi de cr\u00e9er une v\u00e9ritable ambiance au sein de votre int\u00e9rieur. Choisir ses <a href=\"https:\/\/www.linvosges-hotellerie.com\/fr\/decoration\/rideau\/\">rideaux <\/a>avec pr\u00e9cision et style est important. Toutefois, choisir ses tringles \u00e0 rideaux demande \u00e9galement beaucoup d\u2019attention.<\/p>\n<p>\t\t\t\t\t\t\t\t\t\t\t\t\t<img decoding=\"async\" width=\"768\" height=\"521\" src=\"https:\/\/www.linvosges-hotellerie.com\/wp-content\/uploads\/2021\/02\/tringles-.png\" alt=\"Tringles\" srcset=\"https:\/\/www.linvosges-hotellerie.com\/wp-content\/uploads\/2021\/02\/tringles-.png 1140w, https:\/\/www.linvosges-hotellerie.com\/wp-content\/uploads\/2021\/02\/tringles--300x204.png 300w, https:\/\/www.linvosges-hotellerie.com\/wp-content\/uploads\/2021\/02\/tringles--600x407.png 600w\" sizes=\"(max-width: 768px) 100vw, 768px\" \/>\t\t\t\t\t\t\t\t\t\t\t\t\t<\/p>\n<h2>GAMME DECO<\/p>\n<h2>\n<p>Collection de style classique ou moderne qui se d\u00e9cline dans diff\u00e9rentes finitions : fer forg\u00e9 laiton ou style obtenu par \u00e9lectrolyse et traitement de surface garant d&#8217;une qualit\u00e9 sup\u00e9rieure<\/p>\n<h2>Quelques conseils pour bien choisir vos tringles \u00e0 rideaux<\/h2>\n<p>\t\tTout d\u2019abord, il faut prendre en compte le poids de vos rideaux. La tringle doit \u00eatre assez solide si elle doit supporter des rideaux en tissu \u00e9pais type velours, des <strong>rideaux occultants<\/strong> ou toute autre mati\u00e8re lourde. \u00c0 l&#8217;inverse, les voilages ou les rideaux en lin par exemple sont des tissus plus l\u00e9gers. Des tringles fines peuvent donc \u00eatre adopt\u00e9es pour ces mati\u00e8res. Enfin, si vous d\u00e9cidez de vous tourner vers des <strong>stores v\u00e9nitiens<\/strong> ou des <strong>stores bateaux<\/strong>, des tringles adapt\u00e9es sont n\u00e9cessaires.<\/p>\n<p>Ensuite, pour bien choisir vos tringles \u00e0 rideaux, il est n\u00e9cessaire de consid\u00e9rer le style de la pi\u00e8ce. V\u00e9ritable accessoire de d\u00e9coration, la tringle se d\u00e9cline sous diff\u00e9rents mat\u00e9riaux et sous diff\u00e9rentes couleurs. Elle doit ainsi correspondre au style que vous avez attribu\u00e9 \u00e0 votre int\u00e9rieur.<\/p>\n<p>Dernier conseil pour le choix de ces accessoires : <strong>la mesure <\/strong>de vos fen\u00eatres. En effet, il est important de d\u00e9terminer la <strong>longueur<\/strong> n\u00e9cessaire de vos tringles. Nous conseillons d\u2019ajouter entre 15 et 20 centim\u00e8tres \u00e0 la mesure de vos fen\u00eatres pour trouver la longueur id\u00e9ale de vos tringles. Cela d\u00e9pend cependant de la configuration de vos pi\u00e8ces. Nos experts sont donc \u00e0 votre disposition, dans tous les cas et pour chaque projet, pour vous recommander le type de tringle adapt\u00e9 \u00e0 vos espaces et prendre les mesures pr\u00e9cises de vos fen\u00eatres \u00e0 l\u2019aide d\u2019un m\u00e8tre laser.\t\t<\/p>\n<h2>Une tringle \u00e0 rideaux adapt\u00e9e \u00e0 votre d\u00e9coration int\u00e9rieure<\/h2>\n<p>Les tringles de type tube sont utilis\u00e9es pour l\u2019accrochage de rideaux et <a href=\"https:\/\/www.linvosges-hotellerie.com\/fr\/ambiance-sur-mesure\/la-fenetre\/les-voilages\/\">voilages<\/a> finition \u0153illets ou t\u00eate \u00e0 passants r\u00e9alisables sur mesure \u00e0 partir de nos tissus issus de la collection Linvosges h\u00f4tellerie. Leur qualit\u00e9 sup\u00e9rieure est parfaite pour supporter des rideaux \u00e0 mati\u00e8re lourde, mais elle s\u2019adapte aussi aux voilages. Elles poss\u00e8dent ainsi toutes les qualit\u00e9s pour vous s\u00e9duire. Pour une chambre boh\u00e8me minimaliste, la tringle d\u00e9corative accueille \u00e0 la perfection <strong>les rideaux en lin<\/strong> ou en coton. Pour une ambiance plus baroque ou industrielle, les rideaux obscurcissants, en velours ou en satin trouvent une place id\u00e9ale sur une tringle tube.<\/p>\n<p>Notre collection de style classique ou moderne se d\u00e9cline dans diff\u00e9rentes finitions : acier, <strong>fer forg\u00e9<\/strong> ou laiton et diff\u00e9rentes sections, de 16 \u00e0 28mm. Quelle que soit le style choisi, la finition est r\u00e9alis\u00e9e par \u00e9lectrolyse avec un vernis de protection pour une excellente r\u00e9sistante et un rendu hautement qualitatif.<\/p>\n<p>Notre gamme de tringles \u00e0 <a href=\"https:\/\/www.linvosges-hotellerie.com\/fr\/ambiance-sur-mesure\/la-fenetre\/les-rideaux\/\">rideau sur mesure<\/a> en fer forg\u00e9 de diam\u00e8tre 16mm correspond \u00e0 la tendance actuelle avec son design simple et \u00e9pur\u00e9. D\u00e9clin\u00e9e en coloris noir ou acier patin\u00e9, notre large choix d\u2019embouts simples, sculpt\u00e9s ou ouvrag\u00e9s permet de r\u00e9aliser des ambiances sobres ou avec une touche de fantaisie. Les diff\u00e9rents supports permettent de s\u2019adapter \u00e0 toutes les configurations.<\/p>\n<p>\t\t\t\t\t\t\t\t\t\t\t\t\t<img decoding=\"async\" width=\"802\" height=\"194\" src=\"https:\/\/www.linvosges-hotellerie.com\/wp-content\/uploads\/2020\/12\/decoration-tringle-rideau-voilage-hotel-professionnel-linvosges-hotellerie.jpg\" alt=\"D\u00e9coration   Tringle \u00e0 Rideau Ou Voilage Sur Mesure Linvosges H\u00f4tellerie\" srcset=\"https:\/\/www.linvosges-hotellerie.com\/wp-content\/uploads\/2020\/12\/decoration-tringle-rideau-voilage-hotel-professionnel-linvosges-hotellerie.jpg 802w, https:\/\/www.linvosges-hotellerie.com\/wp-content\/uploads\/2020\/12\/decoration-tringle-rideau-voilage-hotel-professionnel-linvosges-hotellerie-600x145.jpg 600w, https:\/\/www.linvosges-hotellerie.com\/wp-content\/uploads\/2020\/12\/decoration-tringle-rideau-voilage-hotel-professionnel-linvosges-hotellerie-300x73.jpg 300w, https:\/\/www.linvosges-hotellerie.com\/wp-content\/uploads\/2020\/12\/decoration-tringle-rideau-voilage-hotel-professionnel-linvosges-hotellerie-768x186.jpg 768w\" sizes=\"(max-width: 802px) 100vw, 802px\" \/>\t\t\t\t\t\t\t\t\t\t\t\t\t<\/p>\n<h2>GAMME TECHNIQUE<\/p>\n<h2>\n<p><strong>\u2022 RAILS ALUMINIUM<\/strong><\/p>\n<ul>\n<li>Chemins de fer de diff\u00e9rentes sections.<br \/>Coloris inox, or ou laqu\u00e9 blanc.<br \/>Avec ou sans tirage.<\/li>\n<li>Profil DS ou KS, avec ou sans syst\u00e8me vagues.<\/li>\n<\/ul>\n<p><strong>\u2022 RAILS MOTORIS\u00c9S<\/strong><\/p>\n<h2>Des tringles \u00e0 rideaux sur mesure pour tous les int\u00e9rieurs<\/h2>\n<p>La collection tringles Linvosges h\u00f4tellerie comprend <strong>des rails<\/strong> en aluminium pour r\u00e9pondre aux contraintes techniques et exigences des professionnels. Avec ou sans tirage, ils permettent de suspendre vos <strong>voilages<\/strong> et rideaux occultants finition t\u00eates \u00e0 crochets de type plis simples ou pr\u00e9pliss\u00e9 par exemple. Les <strong>chemins de fer<\/strong> se parent d&#8217;or, de noir ou de laqu\u00e9 blanc. Ils savent ainsi s&#8217;adapter \u00e0 tous les styles et tendances de d\u00e9coration d&#8217;int\u00e9rieur. Equip\u00e9s d\u2019un syst\u00e8me vagues, ils mettent davantage en valeur le style de vos chambres en donnant de l\u2019ampleur \u00e0 des <strong>rideaux tamisants<\/strong>, obscurcissants ou encore des voilages.<\/p>\n<p>Pour vos <strong>stores<\/strong> bateaux, notre m\u00e9canisme de store \u00e0 cassette, pratique et esth\u00e9tique se manipule ais\u00e9ment gr\u00e2ce \u00e0 sa cha\u00eenette sans fin que vous pourrez choisir \u00e0 droite ou \u00e0 gauche en fonction de vos fen\u00eatres. Celui-ci pourra \u00eatre pos\u00e9 au plafond, au mur ou encore directement sur vos fen\u00eatres en choisissant le support adapt\u00e9. Le syst\u00e8me de velcro cousu d\u2019un part sur le <a href=\"https:\/\/www.linvosges-hotellerie.com\/fr\/ambiance-sur-mesure\/la-fenetre\/les-stores-parois-japonaises\/\">store<\/a> et d\u2019autre part coll\u00e9 sur le m\u00e9canisme permet un d\u00e9montage facile pour permettre le lavage ou le remplacement par un autre mod\u00e8le au gr\u00e9 des saisons ou des envies.<\/p>\n<p>Le syst\u00e8me de tringle multi-voies pour <strong>parois japonaises<\/strong> permet de cr\u00e9er diff\u00e9rentes atmosph\u00e8res d\u00e9coratives en alternant jusqu\u2019\u00e0 5 panneaux sur un m\u00eame m\u00e9canisme. Vous pouvez ainsi jouer sur les mati\u00e8res et <strong>couleurs<\/strong> pour encadrer vos fen\u00eatres, prot\u00e9ger vos espaces du soleil ou encore cr\u00e9er des s\u00e9parations dans vos salles de restaurant, hall d\u2019accueil ou bureaux.<\/p>\n<p>Pour les amateurs de domotique et de nouvelles technologies, nous sommes \u00e9galement en mesure de vous proposer des rails motoris\u00e9s, id\u00e9als pour des grandes largeurs. Les <strong>tringles motoris\u00e9es<\/strong> apportent de la modernit\u00e9 au sein de vos h\u00f4tels. Elles garantissent un confort d\u2019utilisation dans les chambres gr\u00e2ce \u00e0 un syst\u00e8me silencieux. Elles se commandent gr\u00e2ce \u00e0 une t\u00e9l\u00e9commande ou via une application mobile. D&#8217;autre part, les rails motoris\u00e9s offrent une certaine autonomie \u00e0 vos clients. Ils conviennent \u00e0 tout type de rideaux hormis les \u00e9toffes trop \u00e9paisses. Ils peuvent donc \u00eatre adopt\u00e9s dans des chambres modernes, au style scandinave, dans des pi\u00e8ces luxueuses, mais aussi dans des chambres baroques ou vintage.<\/p>\n<h3>Vous avez un projet sur-mesure ?<\/h3>\n<p>Contactez nos experts<\/p>\n<p><strong> <a href=\"http:\/\/+33329601122\" data-wplink-url-error=\"true\">+33 (0) 3 29 60 11 22<\/a><\/strong><\/p>\n<p role=\"status\" aria-live=\"polite\" aria-atomic=\"true\">\n<ul><\/ul>\n<form action=\"\/wp-admin\/admin-ajax.php#wpcf7-f981-o3\" method=\"post\" aria-label=\"Formulaire de contact\" novalidate=\"novalidate\" data-status=\"init\">\n<input type=\"hidden\" name=\"_wpcf7\" value=\"981\" \/><br \/>\n<input type=\"hidden\" name=\"_wpcf7_version\" value=\"5.9.3\" \/><br \/>\n<input type=\"hidden\" name=\"_wpcf7_locale\" value=\"fr_FR\" \/><br \/>\n<input type=\"hidden\" name=\"_wpcf7_unit_tag\" value=\"wpcf7-f981-o3\" \/><br \/>\n<input type=\"hidden\" name=\"_wpcf7_container_post\" value=\"0\" \/><br \/>\n<input type=\"hidden\" name=\"_wpcf7_posted_data_hash\" value=\"\" \/><\/p>\n<p><label>Civilit\u00e9* <select aria-required=\"true\" aria-invalid=\"false\" name=\"civilite\"><option value=\"\">&#8212;Veuillez choisir une option&#8212;<\/option><option value=\"Mme\">Mme<\/option><option value=\"M.\">M.<\/option><\/select><\/label><label>Nom* <input size=\"40\" aria-invalid=\"false\" value=\"\" type=\"text\" name=\"your-name\" \/><\/label><br \/>\n<label>E-mail* <input size=\"40\" aria-required=\"true\" aria-invalid=\"false\" value=\"\" type=\"email\" name=\"your-email\" \/><\/label><label>T\u00e9l\u00e9phone <input size=\"40\" aria-invalid=\"false\" value=\"\" type=\"tel\" name=\"your-phone\" \/><\/label><br \/>\n<label>D\u00e9partement* <select aria-required=\"true\" aria-invalid=\"false\" name=\"departement\"><option value=\"Mon d\u00e9partement\">Mon d\u00e9partement<\/option><option value=\"01 - Ain\">01 &#8211; Ain<\/option><option value=\"02 - Aisne\">02 &#8211; Aisne<\/option><option value=\"03 - Allier\">03 &#8211; Allier<\/option><option value=\"04 - Alpes-de-Haute-Provence\">04 &#8211; Alpes-de-Haute-Provence<\/option><option value=\"05 - Hautes-Alpes\">05 &#8211; Hautes-Alpes<\/option><option value=\"06 - Alpes-Maritimes\">06 &#8211; Alpes-Maritimes<\/option><option value=\"07 - Ard\u00e8che\">07 &#8211; Ard\u00e8che<\/option><option value=\"08 - Ardennes\">08 &#8211; Ardennes<\/option><option value=\"09 - Ari\u00e8ge\">09 &#8211; Ari\u00e8ge<\/option><option value=\"10 - Aube\">10 &#8211; Aube<\/option><option value=\"11 - Aude\">11 &#8211; Aude<\/option><option value=\"12 - Aveyron\">12 &#8211; Aveyron<\/option><option value=\"13 - Bouches-du-Rh\u00f4ne\">13 &#8211; Bouches-du-Rh\u00f4ne<\/option><option value=\"14 - Calvados\">14 &#8211; Calvados<\/option><option value=\"15 - Cantal\">15 &#8211; Cantal<\/option><option value=\"16 - Charente\">16 &#8211; Charente<\/option><option value=\"17 - Charente-Maritime\">17 &#8211; Charente-Maritime<\/option><option value=\"18 - Cher\">18 &#8211; Cher<\/option><option value=\"19 - Corr\u00e8ze\">19 &#8211; Corr\u00e8ze<\/option><option value=\"21 - C\u00f4te-d&#039;Or\">21 &#8211; C\u00f4te-d&#039;Or<\/option><option value=\"22 - C\u00f4tes d&#039;Armor\">22 &#8211; C\u00f4tes d&#039;Armor<\/option><option value=\"23 - Creuse\">23 &#8211; Creuse<\/option><option value=\"24 - Dordogne\">24 &#8211; Dordogne<\/option><option value=\"25 - Doubs\">25 &#8211; Doubs<\/option><option value=\"26 - Dr\u00f4me\">26 &#8211; Dr\u00f4me<\/option><option value=\"27 - Eure\">27 &#8211; Eure<\/option><option value=\"28 - Eure-et-Loir\">28 &#8211; Eure-et-Loir<\/option><option value=\"29 - Finist\u00e8re\">29 &#8211; Finist\u00e8re<\/option><option value=\"30 - Gard\">30 &#8211; Gard<\/option><option value=\"31 - Haute-Garonne\">31 &#8211; Haute-Garonne<\/option><option value=\"32 - Gers\">32 &#8211; Gers<\/option><option value=\"33 - Gironde\">33 &#8211; Gironde<\/option><option value=\"34 - H\u00e9rault\">34 &#8211; H\u00e9rault<\/option><option value=\"35 - Ille-et-Vilaine\">35 &#8211; Ille-et-Vilaine<\/option><option value=\"36 - Indre\">36 &#8211; Indre<\/option><option value=\"37 - Indre-et-Loire\">37 &#8211; Indre-et-Loire<\/option><option value=\"38 - Is\u00e8re\">38 &#8211; Is\u00e8re<\/option><option value=\"39 - Jura\">39 &#8211; Jura<\/option><option value=\"40 - Landes\">40 &#8211; Landes<\/option><option value=\"41 - Loir-et-Cher\">41 &#8211; Loir-et-Cher<\/option><option value=\"42 - Loire\">42 &#8211; Loire<\/option><option value=\"43 - Haute-Loire\">43 &#8211; Haute-Loire<\/option><option value=\"44 - Loire-Atlantique\">44 &#8211; Loire-Atlantique<\/option><option value=\"45 - Loiret\">45 &#8211; Loiret<\/option><option value=\"46 - Lot\">46 &#8211; Lot<\/option><option value=\"47 - Lot-et-Garonne\">47 &#8211; Lot-et-Garonne<\/option><option value=\"48 - Loz\u00e8re\">48 &#8211; Loz\u00e8re<\/option><option value=\"49 - Maine-et-Loire\">49 &#8211; Maine-et-Loire<\/option><option value=\"50 - Manche\">50 &#8211; Manche<\/option><option value=\"51 - Marne\">51 &#8211; Marne<\/option><option value=\"52 - Haute-Marne\">52 &#8211; Haute-Marne<\/option><option value=\"53 - Mayenne\">53 &#8211; Mayenne<\/option><option value=\"54 - Meurthe-et-Moselle\">54 &#8211; Meurthe-et-Moselle<\/option><option value=\"55 - Meuse\">55 &#8211; Meuse<\/option><option value=\"56 - Morbihan\">56 &#8211; Morbihan<\/option><option value=\"57 - Moselle\">57 &#8211; Moselle<\/option><option value=\"58 - Ni\u00e8vre\">58 &#8211; Ni\u00e8vre<\/option><option value=\"59 - Nord\">59 &#8211; Nord<\/option><option value=\"60 - Oise\">60 &#8211; Oise<\/option><option value=\"61 - Orne\">61 &#8211; Orne<\/option><option value=\"62 - Pas-de-Calais\">62 &#8211; Pas-de-Calais<\/option><option value=\"63 - Puy-de-D\u00f4me\">63 &#8211; Puy-de-D\u00f4me<\/option><option value=\"64 - Pyr\u00e9n\u00e9es-Atlantiques\">64 &#8211; Pyr\u00e9n\u00e9es-Atlantiques<\/option><option value=\"65 - Hautes-Pyr\u00e9n\u00e9es\">65 &#8211; Hautes-Pyr\u00e9n\u00e9es<\/option><option value=\"66 - Pyr\u00e9n\u00e9es-Orientales\">66 &#8211; Pyr\u00e9n\u00e9es-Orientales<\/option><option value=\"67 - Bas-Rhin\">67 &#8211; Bas-Rhin<\/option><option value=\"68 - Haut-Rhin\">68 &#8211; Haut-Rhin<\/option><option value=\"69 - Rh\u00f4ne\">69 &#8211; Rh\u00f4ne<\/option><option value=\"70 - Haute-Sa\u00f4ne\">70 &#8211; Haute-Sa\u00f4ne<\/option><option value=\"71 - Sa\u00f4ne-et-Loire\">71 &#8211; Sa\u00f4ne-et-Loire<\/option><option value=\"72 - Sarthe\">72 &#8211; Sarthe<\/option><option value=\"73 - Savoie\">73 &#8211; Savoie<\/option><option value=\"74 - Haute-Savoie\">74 &#8211; Haute-Savoie<\/option><option value=\"75 - Paris\">75 &#8211; Paris<\/option><option value=\"76 - Seine-Maritime\">76 &#8211; Seine-Maritime<\/option><option value=\"77 - Seine-et-Marne\">77 &#8211; Seine-et-Marne<\/option><option value=\"78 - Yvelines\">78 &#8211; Yvelines<\/option><option value=\"79 - Deux-S\u00e8vres\">79 &#8211; Deux-S\u00e8vres<\/option><option value=\"80 - Somme\">80 &#8211; Somme<\/option><option value=\"81 - Tarn\">81 &#8211; Tarn<\/option><option value=\"82 - Tarn-et-Garonne\">82 &#8211; Tarn-et-Garonne<\/option><option value=\"83 - Var\">83 &#8211; Var<\/option><option value=\"84 - Vaucluse\">84 &#8211; Vaucluse<\/option><option value=\"85 - Vend\u00e9e\">85 &#8211; Vend\u00e9e<\/option><option value=\"86 - Vienne\">86 &#8211; Vienne<\/option><option value=\"87 - Haute-Vienne\">87 &#8211; Haute-Vienne<\/option><option value=\"88 - Vosges\">88 &#8211; Vosges<\/option><option value=\"89 - Yonne\">89 &#8211; Yonne<\/option><option value=\"90 - Territoire de Belfort\">90 &#8211; Territoire de Belfort<\/option><option value=\"91 - Essonne\">91 &#8211; Essonne<\/option><option value=\"92 - Hauts-de-Seine\">92 &#8211; Hauts-de-Seine<\/option><option value=\"93 - Seine-St-Denis\">93 &#8211; Seine-St-Denis<\/option><option value=\"94 - Val-de-Marne\">94 &#8211; Val-de-Marne<\/option><option value=\"95 - Val-D&#039;Oise\">95 &#8211; Val-D&#039;Oise<\/option><option value=\"2A - Corse-du-Sud\">2A &#8211; Corse-du-Sud<\/option><option value=\"2B - Haute-Corse\">2B &#8211; Haute-Corse<\/option><option value=\"971 - Guadeloupe\">971 &#8211; Guadeloupe<\/option><option value=\"972 - Martinique\">972 &#8211; Martinique<\/option><option value=\"973 - Guyane\">973 &#8211; Guyane<\/option><option value=\"974 - La R\u00e9union\">974 &#8211; La R\u00e9union<\/option><option value=\"976 - Mayotte\">976 &#8211; Mayotte<\/option><option value=\"Export\">Export<\/option><\/select><\/label><label>Je souhaite \u00eatre contact\u00e9.e <select aria-invalid=\"false\" name=\"heure\"><option value=\"Tranche horaire\">Tranche horaire<\/option><option value=\"LUNDI - Matin\">LUNDI &#8211; Matin<\/option><option value=\"LUNDI - Apr\u00e8s-midi\">LUNDI &#8211; Apr\u00e8s-midi<\/option><option value=\"MARDI - Matin\">MARDI &#8211; Matin<\/option><option value=\"MARDI - Apr\u00e8s-midi\">MARDI &#8211; Apr\u00e8s-midi<\/option><option value=\"MERCREDI - Matin\">MERCREDI &#8211; Matin<\/option><option value=\"MERCREDI - Apr\u00e8s-midi\">MERCREDI &#8211; Apr\u00e8s-midi<\/option><option value=\"JEUDI - Matin\">JEUDI &#8211; Matin<\/option><option value=\"JEUDI - Apr\u00e8s-midi\">JEUDI &#8211; Apr\u00e8s-midi<\/option><option value=\"VENDREDI - Matin\">VENDREDI &#8211; Matin<\/option><option value=\"VENDREDI - Apr\u00e8s-midi\">VENDREDI &#8211; Apr\u00e8s-midi<\/option><\/select><\/label><br \/>\n<label>Message <textarea cols=\"40\" rows=\"10\" aria-invalid=\"false\" name=\"your-message\"><\/textarea> <\/label>\n<\/p>\n<p><input type=\"hidden\" name=\"cart-detail\" id=\"\" aria-invalid=\"false\" value=\"[table][thead][tr][th]R\u00e9f[\/th][th]Produit[\/th][th]Quantit\u00e9[\/th][th]Prix[\/th][\/tr][\/thead][tbody][\/tbody][tfoot][tr][th colspan=&quot;3&quot;][\/th][th]0 \u20ac HT[\/th][\/tr][\/tfoot][\/table]\" \/><br \/>\n<input type=\"hidden\" name=\"selected-product\" id=\"\" aria-invalid=\"false\" value=\"selected_product\" \/><\/p>\n<p><strong>*champ obligatoire<\/strong>\n<\/p>\n<p><input type=\"submit\" value=\"Envoyer\" \/>\n<\/p>\n<p style=\"display: none !important;\" data-prefix=\"_wpcf7_ak_\"><label>&#916;<textarea name=\"_wpcf7_ak_hp_textarea\" cols=\"45\" rows=\"8\" maxlength=\"100\"><\/textarea><\/label><input type=\"hidden\" id=\"ak_js_3\" name=\"_wpcf7_ak_js\" value=\"220\"\/><\/p>\n<\/form>\n<p>D\u00e9couvrez aussi<\/p>\n<p>\t\t\t<a role=\"button\"><br \/>\n\t\t\t\t\t\t\t\t\tLes rideaux<br \/>\n\t\t\t\t\t<\/a><br \/>\n\t\t\t<a role=\"button\"><br \/>\n\t\t\t\t\t\t\t\t\tLes voilages<br \/>\n\t\t\t\t\t<\/a><br \/>\n\t\t\t<a role=\"button\"><br \/>\n\t\t\t\t\t\t\t\t\tLes stores et <\/br>parois japonaises<br \/>\n\t\t\t\t\t<\/a><\/p>\n","protected":false},"excerpt":{"rendered":"<p>Les tringles sur-mesure pour professionnel Quel que soit leur style, les tringles se veulent pratiques, fonctionnelles et adapt\u00e9es \u00e0 tout type d\u2019installation. Nous vous proposons une gamme compl\u00e8te compos\u00e9e de mod\u00e8les d\u00e9coratifs et techniques pour supporter et mettre en valeur vos rideaux et voilages, stores et parois japonaises. La tringle \u00e0 rideaux : accessoire indispensable [&hellip;]<\/p>\n","protected":false},"author":3,"featured_media":10416,"parent":32,"menu_order":3,"comment_status":"closed","ping_status":"closed","template":"","meta":{"_acf_changed":false,"footnotes":""},"class_list":["post-42","page","type-page","status-publish","has-post-thumbnail","hentry"],"acf":[],"_links":{"self":[{"href":"https:\/\/www.linvosges-hotellerie.com\/fr\/wp-json\/wp\/v2\/pages\/42","targetHints":{"allow":["GET"]}}],"collection":[{"href":"https:\/\/www.linvosges-hotellerie.com\/fr\/wp-json\/wp\/v2\/pages"}],"about":[{"href":"https:\/\/www.linvosges-hotellerie.com\/fr\/wp-json\/wp\/v2\/types\/page"}],"author":[{"embeddable":true,"href":"https:\/\/www.linvosges-hotellerie.com\/fr\/wp-json\/wp\/v2\/users\/3"}],"replies":[{"embeddable":true,"href":"https:\/\/www.linvosges-hotellerie.com\/fr\/wp-json\/wp\/v2\/comments?post=42"}],"version-history":[{"count":1,"href":"https:\/\/www.linvosges-hotellerie.com\/fr\/wp-json\/wp\/v2\/pages\/42\/revisions"}],"predecessor-version":[{"id":60541,"href":"https:\/\/www.linvosges-hotellerie.com\/fr\/wp-json\/wp\/v2\/pages\/42\/revisions\/60541"}],"up":[{"embeddable":true,"href":"https:\/\/www.linvosges-hotellerie.com\/fr\/wp-json\/wp\/v2\/pages\/32"}],"wp:featuredmedia":[{"embeddable":true,"href":"https:\/\/www.linvosges-hotellerie.com\/fr\/wp-json\/wp\/v2\/media\/10416"}],"wp:attachment":[{"href":"https:\/\/www.linvosges-hotellerie.com\/fr\/wp-json\/wp\/v2\/media?parent=42"}],"curies":[{"name":"wp","href":"https:\/\/api.w.org\/{rel}","templated":true}]}}